{"id":10172,"date":"2025-12-18T09:26:35","date_gmt":"2025-12-18T09:26:35","guid":{"rendered":"https:\/\/whalewatching.placessites.com\/?post_type=product&#038;p=10172"},"modified":"2025-12-18T09:29:34","modified_gmt":"2025-12-18T09:29:34","slug":"punta-cana-monkey-land-puldenni-safari-a-plantaze","status":"publish","type":"product","link":"https:\/\/whalewatching.placessites.com\/cs\/prohlidka\/punta-cana-monkey-land-puldenni-safari-a-plantaze\/","title":{"rendered":"Punta Cana: Opi\u010d\u00ed zem\u011b: p\u016fldenn\u00ed safari a plant\u00e1\u017ee"},"content":{"rendered":"<p><strong>Punta Cana: Opi\u010d\u00ed zem\u011b: p\u016fldenn\u00ed safari a plant\u00e1\u017ee<\/strong><\/p>\n<p>Nav\u0161tivte kr\u00e1sn\u00fd kokosov\u00fd d\u016fm s p\u0159\u00edzna\u010dn\u00fdm n\u00e1zvem \u201cCasa del Coco\u201d, kde m\u016f\u017eete pozorovat fascinuj\u00edc\u00ed proces v\u00fdroby kokosov\u00e9ho oleje a vychutnat si chu\u0165 exotick\u00e9ho karibsk\u00e9ho ovoce, \u010derstv\u011b pra\u017een\u00e9 k\u00e1vy a bohat\u00e9ho kakaa.<\/p>\n<p>B\u011bhem n\u00e1sleduj\u00edc\u00edch 45 minut budete m\u00edt p\u0159\u00edle\u017eitost komunikovat s roztomil\u00fdmi opi\u010dkami veverkami. Tyto vysoce inteligentn\u00ed a okouzluj\u00edc\u00ed opice pro\u0161ly v\u00fdcvikem u zku\u0161en\u00e9ho kanadsk\u00e9ho p\u00e1ru s v\u00edce ne\u017e 35letou prax\u00ed v p\u00e9\u010di o zv\u00ed\u0159ata, z toho 12 let v torontsk\u00e9 zoo, kde se specializovali na v\u00fduku opic, jak komunikovat s lidmi.<\/p>\n<p>Prohl\u00eddka se kon\u00e1 na rozlehl\u00e9m \u00fazem\u00ed o rozloze 5 akr\u016f, kde opice maj\u00ed sv\u016fj domov. Ladn\u011b se spust\u00ed ze strom\u016f, aby v\u00e1m usedly na rameno a jemn\u011b v\u00e1m zobaly z ruky. Tato p\u0159\u00e1telsk\u00e1 stvo\u0159en\u00ed nav\u00edc velmi r\u00e1da p\u00f3zuj\u00ed pro fotografie, zejm\u00e9na pro rozko\u0161n\u00e1 selfie.<\/p>","protected":false},"excerpt":{"rendered":"<p>Vydejte se na prohl\u00eddku s pr\u016fvodcem, kter\u00e1 v\u00e1m umo\u017en\u00ed kontakt s kr\u00e1sn\u00fdmi a p\u0159\u00e1telsk\u00fdmi veverkami v Monkeylandu, a nav\u0161tivte typick\u00fd dominik\u00e1nsk\u00fd d\u016fm, kde se dozv\u00edte v\u00edce o kultu\u0159e a zp\u016fsobu \u017eivota v t\u00e9to zemi.<\/p>","protected":false},"featured_media":10280,"template":"","meta":[],"product_brand":[],"product_cat":[97],"product_tag":[101,102],"class_list":{"0":"post-10172","1":"product","2":"type-product","3":"status-publish","4":"has-post-thumbnail","6":"product_cat-dominican-republic","7":"product_tag-excursion","8":"product_tag-tour","10":"first","11":"instock","12":"sale","13":"shipping-taxable","14":"product-type-external"},"_links":{"self":[{"href":"https:\/\/whalewatching.placessites.com\/cs\/wp-json\/wp\/v2\/product\/10172","targetHints":{"allow":["GET"]}}],"collection":[{"href":"https:\/\/whalewatching.placessites.com\/cs\/wp-json\/wp\/v2\/product"}],"about":[{"href":"https:\/\/whalewatching.placessites.com\/cs\/wp-json\/wp\/v2\/types\/product"}],"version-history":[{"count":0,"href":"https:\/\/whalewatching.placessites.com\/cs\/wp-json\/wp\/v2\/product\/10172\/revisions"}],"wp:featuredmedia":[{"embeddable":true,"href":"https:\/\/whalewatching.placessites.com\/cs\/wp-json\/wp\/v2\/media\/10280"}],"wp:attachment":[{"href":"https:\/\/whalewatching.placessites.com\/cs\/wp-json\/wp\/v2\/media?parent=10172"}],"wp:term":[{"taxonomy":"product_brand","embeddable":true,"href":"https:\/\/whalewatching.placessites.com\/cs\/wp-json\/wp\/v2\/product_brand?post=10172"},{"taxonomy":"product_cat","embeddable":true,"href":"https:\/\/whalewatching.placessites.com\/cs\/wp-json\/wp\/v2\/product_cat?post=10172"},{"taxonomy":"product_tag","embeddable":true,"href":"https:\/\/whalewatching.placessites.com\/cs\/wp-json\/wp\/v2\/product_tag?post=10172"}],"curies":[{"name":"wp","href":"https:\/\/api.w.org\/{rel}","templated":true}]}}