{"id":10176,"date":"2025-12-18T09:26:35","date_gmt":"2025-12-18T09:26:35","guid":{"rendered":"https:\/\/whalewatching.placessites.com\/?post_type=product&#038;p=10176"},"modified":"2025-12-18T09:31:23","modified_gmt":"2025-12-18T09:31:23","slug":"punta-cana-santo-domingo-celodenni-vylet-se-vstupenkami-a-obedem","status":"publish","type":"product","link":"https:\/\/whalewatching.placessites.com\/cs\/prohlidka\/punta-cana-santo-domingo-celodenni-vylet-se-vstupenkami-a-obedem\/","title":{"rendered":"Punta Cana: Santo Domingo Celodenn\u00ed v\u00fdlet se vstupenkami a ob\u011bdem"},"content":{"rendered":"<h4 class=\"activity__title js-title\" data-track=\"activity-title\" data-test-id=\"activity-title\">Punta Cana: Santo Domingo Celodenn\u00ed v\u00fdlet se vstupenkami a ob\u011bdem<\/h4>\n<p>Santo Domingo je kouzeln\u00e9 m\u011bsto pln\u00e9 historie, kultury a \u00fa\u017easn\u00e9 krajiny. Prozkoumejte nejstar\u0161\u00ed hlavn\u00ed m\u011bsto \u201cNov\u00e9ho\u201d sv\u011bta, Santo Domingo, prvn\u00ed m\u011bsto zalo\u017een\u00e9 v Americe.<\/p>\n<p>Tato prohl\u00eddka v\u00e1m uk\u00e1\u017ee m\u011bsto pln\u00e9 historie a kultury. Skv\u011bl\u00e1 aktivita pro celou rodinu.<\/p>\n<p>- Vyzvedneme v\u00e1s v hotelu a vyd\u00e1me se na neuv\u011b\u0159iteln\u00fd v\u00fdlet do Santo Dominga, b\u011bhem kter\u00e9ho uvid\u00edte neuv\u011b\u0159iteln\u00e9 detaily o kultu\u0159e Dominik\u00e1nsk\u00e9 republiky.<\/p>\n<p>- Po p\u0159\u00edjezdu do Santo Dominga nav\u0161t\u00edv\u00edte neuv\u011b\u0159iteln\u00e9 cenoty n\u00e1rodn\u00edho parku Los Tres Ojos, kter\u00e9 jsou mimo\u0159\u00e1dn\u011b p\u0159\u00edrodn\u00ed a kouzeln\u00e9.<\/p>\n<p>- Nav\u0161t\u00edv\u00edte nejv\u00fdznamn\u011bj\u0161\u00ed pam\u00e1tky m\u011bsta: 1. americkou katedr\u00e1lu, Alc\u00e1zar de Col\u00f3n a N\u00e1rodn\u00ed panteon, El Faro a Col\u00f3n.<\/p>\n<p>- Projdeme se koloni\u00e1ln\u00ed z\u00f3nou, romantickou ulic\u00ed, prvn\u00ed v Americe, \u201cThe Ladies\u201d. Vychutn\u00e1me si starobyl\u00e9, ale malebn\u00e9 panorama.<\/p>\n<p>Funguje ka\u017ed\u00fd den. Jej\u00ed p\u0159ibli\u017en\u00e1 d\u00e9lka je 10 hodin.<\/p>","protected":false},"excerpt":{"rendered":"<div data-track=\"overview\" data-v-56a1a938=\"\">\n<section id=\"activity-overview\" class=\"activity-overview\" data-component=\"overview\" data-v-56a1a938=\"\" data-v-f3236c42=\"\">\n<p class=\"activity-overview__content\" data-test-id=\"activity-overview-content\" data-v-f3236c42=\"\">Objevte historii, kulturu a krajinu Santo Dominga b\u011bhem jednodenn\u00edho v\u00fdletu z Punta Cany. Nav\u0161tivte cenoty v n\u00e1rodn\u00edm parku T\u0159i o\u010di, prvn\u00ed americkou katedr\u00e1lu a n\u00e1rodn\u00ed Pantheon.<\/p>\n<\/section>\n<\/div>\n<div data-track=\"key-details\" data-v-56a1a938=\"\"><\/div>","protected":false},"featured_media":10314,"template":"","meta":[],"product_brand":[],"product_cat":[97],"product_tag":[101,102],"class_list":{"0":"post-10176","1":"product","2":"type-product","3":"status-publish","4":"has-post-thumbnail","6":"product_cat-dominican-republic","7":"product_tag-excursion","8":"product_tag-tour","10":"first","11":"instock","12":"sale","13":"shipping-taxable","14":"product-type-external"},"_links":{"self":[{"href":"https:\/\/whalewatching.placessites.com\/cs\/wp-json\/wp\/v2\/product\/10176","targetHints":{"allow":["GET"]}}],"collection":[{"href":"https:\/\/whalewatching.placessites.com\/cs\/wp-json\/wp\/v2\/product"}],"about":[{"href":"https:\/\/whalewatching.placessites.com\/cs\/wp-json\/wp\/v2\/types\/product"}],"version-history":[{"count":0,"href":"https:\/\/whalewatching.placessites.com\/cs\/wp-json\/wp\/v2\/product\/10176\/revisions"}],"wp:featuredmedia":[{"embeddable":true,"href":"https:\/\/whalewatching.placessites.com\/cs\/wp-json\/wp\/v2\/media\/10314"}],"wp:attachment":[{"href":"https:\/\/whalewatching.placessites.com\/cs\/wp-json\/wp\/v2\/media?parent=10176"}],"wp:term":[{"taxonomy":"product_brand","embeddable":true,"href":"https:\/\/whalewatching.placessites.com\/cs\/wp-json\/wp\/v2\/product_brand?post=10176"},{"taxonomy":"product_cat","embeddable":true,"href":"https:\/\/whalewatching.placessites.com\/cs\/wp-json\/wp\/v2\/product_cat?post=10176"},{"taxonomy":"product_tag","embeddable":true,"href":"https:\/\/whalewatching.placessites.com\/cs\/wp-json\/wp\/v2\/product_tag?post=10176"}],"curies":[{"name":"wp","href":"https:\/\/api.w.org\/{rel}","templated":true}]}}