{"id":10179,"date":"2025-12-18T09:26:35","date_gmt":"2025-12-18T09:26:35","guid":{"rendered":"https:\/\/whalewatching.placessites.com\/?post_type=product&#038;p=10179"},"modified":"2025-12-18T09:33:20","modified_gmt":"2025-12-18T09:33:20","slug":"-5","status":"publish","type":"product","link":"https:\/\/whalewatching.placessites.com\/cs\/prohlidka\/-5\/","title":{"rendered":"V\u00fdlet katamar\u00e1nem na ostrov Saona: Z\u00e1\u017eitek s ob\u011bdem a otev\u0159en\u00fdm barem"},"content":{"rendered":"<h2>V\u00fdlet katamar\u00e1nem na ostrov Saona: Z\u00e1\u017eitek s ob\u011bdem a otev\u0159en\u00fdm barem<\/h2>\n<p>Vydejte se do r\u00e1je na ostrov Saona, kde sv\u011b\u017e\u00ed krajina a t\u0159pyt\u00edc\u00ed se voda vytv\u00e1\u0159ej\u00ed nezapomenuteln\u00fd karibsk\u00fd pobyt. V\u00fdlet katamar\u00e1nem nebo rychl\u00fdm \u010dlunem do t\u00e9to n\u00e1dhern\u00e9 destinace pat\u0159\u00ed mezi nejobl\u00edben\u011bj\u0161\u00ed v\u00fdlety v Dominik\u00e1nsk\u00e9 republice, a to z dobr\u00e9ho d\u016fvodu. P\u0159edstavte si zlatav\u00fd p\u00edsek, kter\u00fd se t\u00e1hne do nekone\u010dna, k\u0159i\u0161\u0165\u00e1lov\u011b \u010distou tyrkysovou vodu a pohupuj\u00edc\u00ed se kokosov\u00e9 palmy, kter\u00e9 r\u00e1muj\u00ed v\u00e1\u0161 dokonal\u00fd den na slunci, dopln\u011bn\u00fd lahodn\u00fdm dominik\u00e1nsk\u00fdm rumem. Tento v\u00fdlet v\u00e1m umo\u017en\u00ed pln\u011b se pono\u0159it do kr\u00e1sy p\u0159\u00edrody a z\u00e1rove\u0148 si vychutnat lahodn\u00fd ob\u011bd na grilu.<\/p>\n<p>Itiner\u00e1\u0159:<br \/>\n- 9:00-10:00: Na\u0161e dobrodru\u017estv\u00ed za\u010d\u00edn\u00e1 odjezdem z p\u016fvabn\u00e9ho m\u011bste\u010dka Bayahibe. A\u017e budeme na palub\u011b prostorn\u00e9ho katamar\u00e1nu klouzat po t\u0159pytiv\u00e9m mo\u0159i, p\u0159ipravte se na vzru\u0161uj\u00edc\u00ed z\u00e1\u017eitek pln\u00fd hudby, \u017eiv\u00e9 z\u00e1bavy a r\u016fzn\u00fdch n\u00e1poj\u016f, kter\u00e9 se postaraj\u00ed o slavnostn\u00ed atmosf\u00e9ru.<\/p>\n<p>- Na\u0161e prvn\u00ed okouzluj\u00edc\u00ed zast\u00e1vka je v Palmille, \u00fachvatn\u00e9m p\u0159\u00edrodn\u00edm baz\u00e9nu, kde si m\u016f\u017eete zaplavat v klidn\u00fdch tepl\u00fdch vod\u00e1ch a na dosah ruky potkat k\u0159ehk\u00e9 mo\u0159sk\u00e9 hv\u011bzdice, co\u017e je skute\u010dn\u011b jedine\u010dn\u00fd podmo\u0159sk\u00fd z\u00e1\u017eitek.<\/p>\n<p>- Pokra\u010dujeme v cest\u011b na na\u0161i exkluzivn\u00ed pl\u00e1\u017e na ostrov\u011b Isla Saona, skryt\u00fd klenot, kter\u00fd v\u00e1s uchv\u00e1t\u00ed. Za pouh\u00fdch 30-45 minut doraz\u00edte do jedn\u00e9 z nejmalebn\u011bj\u0161\u00edch karibsk\u00fdch destinac\u00ed, kde se p\u0159i ka\u017ed\u00e9m pohledu nask\u00fdt\u00e1 pohled jako z pohlednice.<\/p>\n<p>- B\u011bhem pobytu na pl\u00e1\u017ei si m\u016f\u017eete dop\u0159\u00e1t osv\u011b\u017euj\u00edc\u00ed vodu, perliv\u00e9 limon\u00e1dy, \u010derstv\u011b vyma\u010dkan\u00e9 d\u017eusy a jemn\u00fd dominik\u00e1nsk\u00fd rum v na\u0161em otev\u0159en\u00e9m baru, abyste v\u017edy uhasili \u017e\u00edze\u0148.<\/p>\n<p>- Od 13:00 do 14:00 si m\u016f\u017eete pochutnat na vynikaj\u00edc\u00edm mezin\u00e1rodn\u00edm bufetu na pozad\u00ed tyrkysov\u00e9ho mo\u0159e. P\u0159i stolov\u00e1n\u00ed ve st\u00ednu palem se m\u016f\u017eete kochat jemn\u00fdm v\u00e1nkem a zvuk vln nar\u00e1\u017eej\u00edc\u00edch na pob\u0159e\u017e\u00ed vytv\u00e1\u0159\u00ed uklid\u0148uj\u00edc\u00ed soundtrack k va\u0161emu j\u00eddlu.<\/p>\n<p>- Kolem 15:00: Po skon\u010den\u00ed dne se vyd\u00e1me na klidnou cestu zp\u011bt do Bayahibe, kde budeme p\u0159em\u00fd\u0161let o pro\u017eit\u00fdch kouzeln\u00fdch chv\u00edl\u00edch a kolem 17:00 se vr\u00e1t\u00edme do v\u00fdchoz\u00edho bodu.<\/p>\n<p>Vydejte se s n\u00e1mi na den pln\u00fd kr\u00e1sy, odpo\u010dinku a nezapomenuteln\u00fdch z\u00e1\u017eitk\u016f!<\/p>","protected":false},"excerpt":{"rendered":"<div data-track=\"overview\" data-v-56a1a938=\"\">\n<section id=\"activity-overview\" class=\"activity-overview\" data-component=\"overview\" data-v-56a1a938=\"\" data-v-f3236c42=\"\">\n<p class=\"activity-overview__content\" data-test-id=\"activity-overview-content\" data-v-f3236c42=\"\">Saona Vychutnejte si prohl\u00eddku \u010d\u00edslo 1 v Karibiku ostrov Saona, jedine\u010dn\u00e9 dobrodru\u017estv\u00ed, kter\u00e9 bezpochyby a m\u00e1te r\u00e1di dobrodru\u017estv\u00ed tento celodenn\u00ed v\u00fdlet je pro v\u00e1s Osoba z Cap Cana plat\u00ed extra10us<\/p>\n<\/section>\n<\/div>\n<div data-track=\"key-details\" data-v-56a1a938=\"\"><\/div>","protected":false},"featured_media":10359,"template":"","meta":[],"product_brand":[],"product_cat":[97,98],"product_tag":[101,102],"class_list":{"0":"post-10179","1":"product","2":"type-product","3":"status-publish","4":"has-post-thumbnail","6":"product_cat-dominican-republic","7":"product_cat-saona-island","8":"product_tag-excursion","9":"product_tag-tour","11":"first","12":"instock","13":"sale","14":"shipping-taxable","15":"product-type-external"},"_links":{"self":[{"href":"https:\/\/whalewatching.placessites.com\/cs\/wp-json\/wp\/v2\/product\/10179","targetHints":{"allow":["GET"]}}],"collection":[{"href":"https:\/\/whalewatching.placessites.com\/cs\/wp-json\/wp\/v2\/product"}],"about":[{"href":"https:\/\/whalewatching.placessites.com\/cs\/wp-json\/wp\/v2\/types\/product"}],"version-history":[{"count":0,"href":"https:\/\/whalewatching.placessites.com\/cs\/wp-json\/wp\/v2\/product\/10179\/revisions"}],"wp:featuredmedia":[{"embeddable":true,"href":"https:\/\/whalewatching.placessites.com\/cs\/wp-json\/wp\/v2\/media\/10359"}],"wp:attachment":[{"href":"https:\/\/whalewatching.placessites.com\/cs\/wp-json\/wp\/v2\/media?parent=10179"}],"wp:term":[{"taxonomy":"product_brand","embeddable":true,"href":"https:\/\/whalewatching.placessites.com\/cs\/wp-json\/wp\/v2\/product_brand?post=10179"},{"taxonomy":"product_cat","embeddable":true,"href":"https:\/\/whalewatching.placessites.com\/cs\/wp-json\/wp\/v2\/product_cat?post=10179"},{"taxonomy":"product_tag","embeddable":true,"href":"https:\/\/whalewatching.placessites.com\/cs\/wp-json\/wp\/v2\/product_tag?post=10179"}],"curies":[{"name":"wp","href":"https:\/\/api.w.org\/{rel}","templated":true}]}}