{"id":10180,"date":"2025-12-18T09:26:35","date_gmt":"2025-12-18T09:26:35","guid":{"rendered":"https:\/\/whalewatching.placessites.com\/?post_type=product&#038;p=10180"},"modified":"2025-12-18T09:34:11","modified_gmt":"2025-12-18T09:34:11","slug":"punta-cana-delfini-objevovani-a-setkani-s-delfiny","status":"publish","type":"product","link":"https:\/\/whalewatching.placessites.com\/cs\/prohlidka\/punta-cana-delfini-objevovani-a-setkani-s-delfiny\/","title":{"rendered":"Punta Cana: Objevov\u00e1n\u00ed delf\u00edn\u016f a setk\u00e1n\u00ed s nimi"},"content":{"rendered":"<p><strong>Punta Cana: Objevov\u00e1n\u00ed delf\u00edn\u016f a setk\u00e1n\u00ed s nimi<\/strong><\/p>\n<p>U\u017eijte si jedine\u010dn\u00fd z\u00e1\u017eitek z plav\u00e1n\u00ed s delf\u00edny v Punta Can\u011b. P\u0159i tomto strhuj\u00edc\u00edm z\u00e1\u017eitku si budete hr\u00e1t s delf\u00edny, kte\u0159\u00ed v\u00e1s obejmou a p\u0159itul\u00ed se k v\u00e1m a p\u0159edvedou v\u00e1m svou vzdu\u0161nou akrobacii.<\/p>\n<p>Vyberte si jeden ze 3 program\u016f plav\u00e1n\u00ed s delf\u00edny. Ka\u017ed\u00fd program zahrnuje r\u016fzn\u00e9 aktivity s delf\u00edny, v\u010detn\u011b delf\u00edn\u00edch stisk\u016f rukou a objet\u00ed.<\/p>\n<p>O v\u00edkendech m\u00e1te tak\u00e9 p\u0159\u00edstup na ostrov Isla del Pirata. Tam si m\u016f\u017eete hr\u00e1t na \u00fa\u017easn\u00e9m Pir\u00e1tsk\u00e9m ostrov\u011b s vodn\u00edmi tunely a skluzavkami, baz\u00e9ny pro dosp\u011bl\u00e9 a d\u011bti a v\u00ed\u0159ivkou. Budete m\u00edt tak\u00e9 p\u0159\u00edstup k leh\u00e1tk\u016fm, sprch\u00e1m, koupeln\u00e1m a \u0161atn\u00e1m.<\/p>\n<p><strong>Setk\u00e1n\u00ed s delf\u00edny - za\u010d\u00e1te\u010dn\u00edk<\/strong><\/p>\n<p>Tato mo\u017enost je vhodn\u00e1 pro v\u0161echny v\u011bkov\u00e9 kategorie. Plav\u00e1n\u00ed nen\u00ed povinn\u00e9, proto\u017ee m\u016f\u017eete st\u00e1t na plo\u0161in\u011b a sledovat, jak k v\u00e1m delf\u00edni p\u0159iplouvaj\u00ed. M\u016f\u017eete si s delf\u00edny pot\u0159\u00e1st rukou, obejmout je a sledovat jejich \u00fa\u017easnou vzdu\u0161nou akrobacii. M\u016f\u017eete se tak\u00e9 rozhodnout, \u017ee si delf\u00edny pohlad\u00edte a zaplavete si s nimi.<\/p>\n<p><strong>Dobrodru\u017en\u00e9 plav\u00e1n\u00ed s delf\u00edny - st\u0159edn\u011b pokro\u010dil\u00ed<\/strong><\/p>\n<p>Tato mo\u017enost zahrnuje j\u00edzdu na b\u0159i\u0161e, p\u0159i n\u00ed\u017e se budete dr\u017eet delf\u00ednov\u00fdch ploutv\u00ed, zat\u00edmco on bude jezdit po vod\u011b dozadu. Sou\u010d\u00e1st\u00ed t\u00e9to nab\u00eddky je tak\u00e9 Boogie Push, kdy v\u00e1s delf\u00edn bude tla\u010dit po vodn\u00ed hladin\u011b, zat\u00edmco vy budete jezdit na boogie boardu. Delf\u00edn v\u00e1m tak\u00e9 p\u0159\u00e1telsky pod\u00e1 ruku a obejme v\u00e1s.<\/p>\n<p><strong>Kr\u00e1lovsk\u00e9 plav\u00e1n\u00ed - pokro\u010dil\u00fd<\/strong><\/p>\n<p>Tato aktivita, kter\u00e1 je nejdynami\u010dt\u011bj\u0161\u00edm z\u00e1\u017eitkem v nab\u00eddce centra, zahrnuje speci\u00e1ln\u00ed prvky, jako je tla\u010den\u00ed nohou, kdy se vzn\u00e1\u0161\u00edte, zat\u00edmco v\u00e1s dva delf\u00edni zvedaj\u00ed z vody. Vyzkou\u0161ejte tak\u00e9 h\u0159betn\u00ed vle\u010den\u00ed, p\u0159i kter\u00e9m v\u00e1s dva delf\u00edni t\u00e1hnou po vod\u011b a vy se dr\u017e\u00edte jejich ploutv\u00ed.<\/p>","protected":false},"excerpt":{"rendered":"<div data-track=\"overview\" data-v-56a1a938=\"\">\n<section id=\"activity-overview\" class=\"activity-overview\" data-component=\"overview\" data-v-56a1a938=\"\" data-v-f3236c42=\"\">\n<p class=\"activity-overview__content\" data-test-id=\"activity-overview-content\" data-v-f3236c42=\"\">Zaplavte si s delf\u00edny v jednom ze 3 program\u016f. Zaplavte si a pohrajte si se zv\u00ed\u0159aty, sledujte jejich vzdu\u0161nou akrobacii a nechte se obejmout a pot\u0159\u00e1st si rukou s delf\u00edny. S delf\u00edny si tak\u00e9 m\u016f\u017eete zahr\u00e1t r\u016fzn\u00e9 hry.<\/p>\n<\/section>\n<\/div>\n<div data-track=\"key-details\" data-v-56a1a938=\"\"><\/div>","protected":false},"featured_media":10377,"template":"","meta":[],"product_brand":[],"product_cat":[97],"product_tag":[101,102],"class_list":{"0":"post-10180","1":"product","2":"type-product","3":"status-publish","4":"has-post-thumbnail","6":"product_cat-dominican-republic","7":"product_tag-excursion","8":"product_tag-tour","10":"first","11":"instock","12":"sale","13":"shipping-taxable","14":"product-type-external"},"_links":{"self":[{"href":"https:\/\/whalewatching.placessites.com\/cs\/wp-json\/wp\/v2\/product\/10180","targetHints":{"allow":["GET"]}}],"collection":[{"href":"https:\/\/whalewatching.placessites.com\/cs\/wp-json\/wp\/v2\/product"}],"about":[{"href":"https:\/\/whalewatching.placessites.com\/cs\/wp-json\/wp\/v2\/types\/product"}],"version-history":[{"count":0,"href":"https:\/\/whalewatching.placessites.com\/cs\/wp-json\/wp\/v2\/product\/10180\/revisions"}],"wp:featuredmedia":[{"embeddable":true,"href":"https:\/\/whalewatching.placessites.com\/cs\/wp-json\/wp\/v2\/media\/10377"}],"wp:attachment":[{"href":"https:\/\/whalewatching.placessites.com\/cs\/wp-json\/wp\/v2\/media?parent=10180"}],"wp:term":[{"taxonomy":"product_brand","embeddable":true,"href":"https:\/\/whalewatching.placessites.com\/cs\/wp-json\/wp\/v2\/product_brand?post=10180"},{"taxonomy":"product_cat","embeddable":true,"href":"https:\/\/whalewatching.placessites.com\/cs\/wp-json\/wp\/v2\/product_cat?post=10180"},{"taxonomy":"product_tag","embeddable":true,"href":"https:\/\/whalewatching.placessites.com\/cs\/wp-json\/wp\/v2\/product_tag?post=10180"}],"curies":[{"name":"wp","href":"https:\/\/api.w.org\/{rel}","templated":true}]}}