{"id":10183,"date":"2025-12-18T09:26:35","date_gmt":"2025-12-18T09:26:35","guid":{"rendered":"https:\/\/whalewatching.placessites.com\/?post_type=product&#038;p=10183"},"modified":"2025-12-18T09:34:29","modified_gmt":"2025-12-18T09:34:29","slug":"punta-cana-oliver-oliver-rum-degustacni-zazitek","status":"publish","type":"product","link":"https:\/\/whalewatching.placessites.com\/cs\/prohlidka\/punta-cana-oliver-oliver-rum-degustacni-zazitek\/","title":{"rendered":"Punta Cana: Oliver &amp; Oliver: Ochutn\u00e1vka a p\u00e1rov\u00e1n\u00ed rumu Oliver &amp; Oliver"},"content":{"rendered":"<p><strong>Punta Cana: Oliver &amp; Oliver: Ochutn\u00e1vka a p\u00e1rov\u00e1n\u00ed rumu Oliver &amp; Oliver<\/strong><\/p>\n<p>V\u00edtejte v restauraci Taino Gourmet, kde v\u00e1s odborn\u00fd hostitel provede cestou chut\u00ed a v\u016fn\u00ed. Na\u0161\u00edm c\u00edlem je pod\u011blit se s hosty o bohatou kulturu a historii Dominik\u00e1nsk\u00e9 republiky, a jak jinak ne\u017e prost\u0159ednictv\u00edm nejzn\u00e1m\u011bj\u0161\u00edho a nejobl\u00edben\u011bj\u0161\u00edho produktu ostrova: rumu?<\/p>\n<p>Provedeme v\u00e1s sv\u011btem rumu a sezn\u00e1m\u00edme v\u00e1s s histori\u00ed a v\u00fdrobn\u00edm procesem spole\u010dnosti Oliver &amp; Oliver Rum House. Nau\u010d\u00edte se rozpozn\u00e1vat jemn\u00e9 rozd\u00edly, kter\u00e9 odli\u0161uj\u00ed jednotliv\u00e9 rumy, a budete m\u00edt mo\u017enost ochutnat a porovnat vybran\u00e9 druhy t\u011bchto jedine\u010dn\u00fdch destil\u00e1t\u016f.<\/p>\n<p>T\u00edm ale z\u00e1bava nekon\u010d\u00ed - ka\u017ed\u00fd rum budeme tak\u00e9 p\u00e1rovat s v\u00fdb\u011brem dopl\u0148kov\u00e9 \u010dokol\u00e1dy a s\u00fdr\u016f, vybran\u00fdch tak, aby vyniklo to nejlep\u0161\u00ed z ka\u017ed\u00e9 odr\u016fdy. A\u0165 u\u017e jste znalci rumu, nebo se jen chcete dozv\u011bd\u011bt v\u00edce o tomto rozmanit\u00e9m a fascinuj\u00edc\u00edm alkoholu, tuto exkluzivn\u00ed degustaci si nenechte uj\u00edt. P\u0159idejte se k n\u00e1m a objevte sv\u011bt rumu jako nikdy p\u0159edt\u00edm!<\/p>","protected":false},"excerpt":{"rendered":"<div data-track=\"overview\" data-v-56a1a938=\"\">\n<section id=\"activity-overview\" class=\"activity-overview\" data-component=\"overview\" data-v-56a1a938=\"\" data-v-f3236c42=\"\">\n<p class=\"activity-overview__content\" data-test-id=\"activity-overview-content\" data-v-f3236c42=\"\">Vydejte se na prohl\u00eddku rumu Oliver &amp; Oliver v Punta Can\u011b s pr\u016fvodcem. Ochutnejte v\u00fdb\u011br pr\u00e9miov\u00fdch 25let\u00fdch rum\u016f, jako jsou Cubaney Centenario, Unhiq XO, Opthimus a Punta Cana XOX.<\/p>\n<\/section>\n<\/div>\n<div data-track=\"key-details\" data-v-56a1a938=\"\"><\/div>","protected":false},"featured_media":10419,"template":"","meta":[],"product_brand":[],"product_cat":[97],"product_tag":[101,102],"class_list":{"0":"post-10183","1":"product","2":"type-product","3":"status-publish","4":"has-post-thumbnail","6":"product_cat-dominican-republic","7":"product_tag-excursion","8":"product_tag-tour","10":"first","11":"instock","12":"sale","13":"shipping-taxable","14":"product-type-external"},"_links":{"self":[{"href":"https:\/\/whalewatching.placessites.com\/cs\/wp-json\/wp\/v2\/product\/10183","targetHints":{"allow":["GET"]}}],"collection":[{"href":"https:\/\/whalewatching.placessites.com\/cs\/wp-json\/wp\/v2\/product"}],"about":[{"href":"https:\/\/whalewatching.placessites.com\/cs\/wp-json\/wp\/v2\/types\/product"}],"version-history":[{"count":0,"href":"https:\/\/whalewatching.placessites.com\/cs\/wp-json\/wp\/v2\/product\/10183\/revisions"}],"wp:featuredmedia":[{"embeddable":true,"href":"https:\/\/whalewatching.placessites.com\/cs\/wp-json\/wp\/v2\/media\/10419"}],"wp:attachment":[{"href":"https:\/\/whalewatching.placessites.com\/cs\/wp-json\/wp\/v2\/media?parent=10183"}],"wp:term":[{"taxonomy":"product_brand","embeddable":true,"href":"https:\/\/whalewatching.placessites.com\/cs\/wp-json\/wp\/v2\/product_brand?post=10183"},{"taxonomy":"product_cat","embeddable":true,"href":"https:\/\/whalewatching.placessites.com\/cs\/wp-json\/wp\/v2\/product_cat?post=10183"},{"taxonomy":"product_tag","embeddable":true,"href":"https:\/\/whalewatching.placessites.com\/cs\/wp-json\/wp\/v2\/product_tag?post=10183"}],"curies":[{"name":"wp","href":"https:\/\/api.w.org\/{rel}","templated":true}]}}