{"id":10187,"date":"2025-12-18T09:26:35","date_gmt":"2025-12-18T09:26:35","guid":{"rendered":"https:\/\/whalewatching.placessites.com\/?post_type=product&#038;p=10187"},"modified":"2025-12-18T09:36:27","modified_gmt":"2025-12-18T09:36:27","slug":"plavani-s-delfiny-v-punta-cana","status":"publish","type":"product","link":"https:\/\/whalewatching.placessites.com\/cs\/prohlidka\/plavani-s-delfiny-v-punta-cana\/","title":{"rendered":"Plav\u00e1n\u00ed s delf\u00edny v Punta Can\u011b"},"content":{"rendered":"<p><strong>Plav\u00e1n\u00ed s delf\u00edny v Punta Can\u011b<\/strong><\/p>\n<p>Jsme p\u0159\u00edrodn\u00ed park v Punta Can\u011b v Dominik\u00e1nsk\u00e9 republice, jeho\u017e hlavn\u00ed atrakc\u00ed je koup\u00e1n\u00ed a interakce s delf\u00edny v mo\u0159i. Na\u0161\u00edm hlavn\u00edm posl\u00e1n\u00edm je poskytnout v\u00e1m jedine\u010dn\u00fd a nezapomenuteln\u00fd z\u00e1\u017eitek a z\u00e1rove\u0148 v\u00e1s sezn\u00e1mit s ochranou suchozemsk\u00e9 a mo\u0159sk\u00e9 biodiverzity.<\/p>\n<p>To v\u0161e v kr\u00e1sn\u00e9m p\u0159\u00edrodn\u00edm prost\u0159ed\u00ed, kde se bujn\u00e1 vegetace snoub\u00ed s tepl\u00fdmi vodami Karibsk\u00e9ho mo\u0159e.<\/p>\n<p>Nechte se tedy un\u00e9st impulsem p\u0159\u00edrody a p\u0159ije\u010fte prozkoumat mnoho p\u0159\u00edle\u017eitost\u00ed, kter\u00e9 na v\u00e1s \u010dekaj\u00ed!<\/p>\n<p>M\u016f\u017eete si vybrat z na\u0161ich r\u016fzn\u00fdch pl\u00e1n\u016f interakce nebo plav\u00e1n\u00ed:<\/p>\n<p>Fantastick\u00fd program<\/p>\n<p>Nemus\u00edte b\u00fdt zrovna zku\u0161en\u00ed plavci, abyste za\u017eili kr\u00e1sn\u00fd z\u00e1\u017eitek s delf\u00edny. Tohoto programu se m\u016f\u017ee z\u00fa\u010dastnit ka\u017ed\u00fd!!!<\/p>\n<p>Jeden z na\u0161ich p\u0159\u00e1telsk\u00fdch delf\u00edn\u016f v\u00e1s p\u0159iv\u00edt\u00e1 sv\u00fdmi p\u0159\u00e1telsk\u00fdmi ploutvemi a vy si pak m\u016f\u017eete vychutnat kouzeln\u00fd okam\u017eik l\u00edb\u00e1n\u00ed s delf\u00ednem.<\/p>\n<p>* Je ur\u010den pro maxim\u00e1ln\u011b 20 osob ve skupin\u011b.<\/p>\n<p>* \u010cas ve vod\u011b: Doba trv\u00e1n\u00ed vody: 40 minut<\/p>\n<p>*zahrnuje aktivitu s 1 (jedn\u00edm) delf\u00ednem<\/p>\n<p>* Ur\u010deno pro v\u0161echny typy plavc\u016f, od za\u010d\u00e1te\u010dn\u00edk\u016f a\u017e po experty.<\/p>\n<p>Program Explorer Dobrodru\u017estv\u00ed je to, co pro\u017eijete s t\u00edmto programem! P\u0159ipravte se na plav\u00e1n\u00ed s na\u0161imi p\u0159\u00e1telsk\u00fdmi delf\u00edny a objevte jejich \u00fa\u017easnou s\u00edlu sm\u00ed\u0161enou s jemnost\u00ed.<\/p>\n<p>B\u011bhem 50 minut ve vod\u011b si s nimi zatan\u010d\u00edte a pohrajete a pot\u00e9 dostanete n\u011b\u017en\u00fd delf\u00edn\u00ed polibek. Provedete tak\u00e9 interakce, jako je j\u00edzda na b\u0159i\u0161e a j\u00edzda na h\u0159bet\u011b.<\/p>\n<p>Program je ur\u010den pro maxim\u00e1ln\u011b 12 osob ve skupin\u011b Tento program je ur\u010den pro st\u0159edn\u011b pokro\u010dil\u00e9 a pokro\u010dil\u00e9 plavce.<\/p>\n<p>Program excelence<\/p>\n<p>Pod veden\u00edm na\u0161ich tren\u00e9r\u016f se nau\u010d\u00edte, jak prov\u00e9st Footpush, p\u0159i kter\u00e9m v\u00e1s delf\u00edni v pln\u00e9 rychlosti odstr\u010d\u00ed. U\u017eijete si tak\u00e9 neuv\u011b\u0159iteln\u00fd z\u00e1\u017eitek z j\u00edzdy na h\u0159bet\u011b s ob\u011bma delf\u00edny. Budete moci obdivovat, jak nad v\u00e1mi delf\u00edni sk\u00e1\u010dou.<\/p>\n<p>\u010cas ve vod\u011b, 60 minut Tento program je ur\u010den pro maxim\u00e1ln\u011b 10 osob ve skupin\u011b. Ve skupin\u011b budou dva delf\u00edni Pro osoby, kter\u00e9 maj\u00ed st\u0159edn\u011b pokro\u010dilou \u00farove\u0148 a vy\u0161\u0161\u00ed, plavat<\/p>","protected":false},"excerpt":{"rendered":"<div data-track=\"overview\" data-v-83a2b402=\"\">\n<section id=\"activity-overview\" class=\"activity-overview\" data-component=\"overview\" data-v-83a2b402=\"\" data-v-f3236c42=\"\">\n<p class=\"activity-overview__content\" data-test-id=\"activity-overview-content\" data-v-f3236c42=\"\">- U\u017eijte si jedine\u010dn\u00fd a nezapomenuteln\u00fd z\u00e1\u017eitek s delf\u00edny.<\/p>\n<\/section>\n<\/div>\n<div data-track=\"key-details\" data-v-83a2b402=\"\"><\/div>","protected":false},"featured_media":10474,"template":"","meta":[],"product_brand":[],"product_cat":[97],"product_tag":[101,102],"class_list":{"0":"post-10187","1":"product","2":"type-product","3":"status-publish","4":"has-post-thumbnail","6":"product_cat-dominican-republic","7":"product_tag-excursion","8":"product_tag-tour","10":"first","11":"instock","12":"sale","13":"shipping-taxable","14":"product-type-external"},"_links":{"self":[{"href":"https:\/\/whalewatching.placessites.com\/cs\/wp-json\/wp\/v2\/product\/10187","targetHints":{"allow":["GET"]}}],"collection":[{"href":"https:\/\/whalewatching.placessites.com\/cs\/wp-json\/wp\/v2\/product"}],"about":[{"href":"https:\/\/whalewatching.placessites.com\/cs\/wp-json\/wp\/v2\/types\/product"}],"version-history":[{"count":0,"href":"https:\/\/whalewatching.placessites.com\/cs\/wp-json\/wp\/v2\/product\/10187\/revisions"}],"wp:featuredmedia":[{"embeddable":true,"href":"https:\/\/whalewatching.placessites.com\/cs\/wp-json\/wp\/v2\/media\/10474"}],"wp:attachment":[{"href":"https:\/\/whalewatching.placessites.com\/cs\/wp-json\/wp\/v2\/media?parent=10187"}],"wp:term":[{"taxonomy":"product_brand","embeddable":true,"href":"https:\/\/whalewatching.placessites.com\/cs\/wp-json\/wp\/v2\/product_brand?post=10187"},{"taxonomy":"product_cat","embeddable":true,"href":"https:\/\/whalewatching.placessites.com\/cs\/wp-json\/wp\/v2\/product_cat?post=10187"},{"taxonomy":"product_tag","embeddable":true,"href":"https:\/\/whalewatching.placessites.com\/cs\/wp-json\/wp\/v2\/product_tag?post=10187"}],"curies":[{"name":"wp","href":"https:\/\/api.w.org\/{rel}","templated":true}]}}