{"id":10190,"date":"2025-12-18T09:26:35","date_gmt":"2025-12-18T09:26:35","guid":{"rendered":"https:\/\/whalewatching.placessites.com\/?post_type=product&#038;p=10190"},"modified":"2025-12-18T09:39:01","modified_gmt":"2025-12-18T09:39:01","slug":"3v1-los-haitises-n-p-yanigua-vodopad-montana-redonda","status":"publish","type":"product","link":"https:\/\/whalewatching.placessites.com\/cs\/prohlidka\/3v1-los-haitises-n-p-yanigua-vodopad-montana-redonda\/","title":{"rendered":"3v1: Los Haitises N P + vodop\u00e1d Yanigua + Monta\u00f1a Redonda"},"content":{"rendered":"<div class=\"wpb-content-wrapper\"><div class=\"vc_row wpb_row st bg-holder\"><div class='container'><div class='row'>\n\t<div class=\"wpb_column column_container col-md-12\"><div class=\"vc_column-inner wpb_wrapper\">\n\t\t\t\n\t<div class=\"wpb_text_column wpb_content_element\" >\n\t\t<div class=\"wpb_wrapper\">\n\t\t\t<p><strong>3v1: Los Haitises N P + vodop\u00e1d Yanigua + Monta\u00f1a Redonda<\/strong><\/p>\n<p>\u010cek\u00e1 v\u00e1s opravdov\u00fd ekologick\u00fd z\u00e1jezd, b\u011bhem kter\u00e9ho pozn\u00e1te krajinu a d\u017eungli Dominik\u00e1nsk\u00e9 republiky, sezn\u00e1m\u00edte se s dominik\u00e1nskou histori\u00ed a kulturou, n\u00e1rodn\u00edm parkem Los Haitises, kde se m\u016f\u017eete proj\u00edt de\u0161tn\u00fdmi pralesy, kter\u00e9 byly pou\u017eity jako m\u00edsto nat\u00e1\u010den\u00ed celove\u010dern\u00edho filmu Jursk\u00fd park.<\/p>\n<p>Uvid\u00edte neuv\u011b\u0159iteln\u00e9 sk\u00e1ly vy\u010dn\u00edvaj\u00edc\u00ed z vody a\u017e do v\u00fd\u0161ky 30 metr\u016f. Stovky ohro\u017een\u00fdch druh\u016f pt\u00e1k\u016f v letu nad rozlehlou krajinou parku a jeho majest\u00e1tn\u00edmi mangrovov\u00fdmi porosty.<\/p>\n<p>V safari voze projedete Monta\u00f1a Redonda a\u017e na jej\u00ed vrchol, odkud se v\u00e1m naskytne majest\u00e1tn\u00ed panoramatick\u00fd v\u00fdhled na severov\u00fdchodn\u00ed pob\u0159e\u017e\u00ed ostrova (z\u00e1liv Saman\u00e1) ve v\u00fd\u0161ce 305 metr\u016f.<\/p>\n<p>Sezn\u00e1m\u00edte se s des\u00edtkami plant\u00e1\u017e\u00ed v\u010detn\u011b kakaov\u00fdch a k\u00e1vov\u00fdch.<\/p>\n<p>\u010cek\u00e1 v\u00e1s kakaov\u00e1 show, p\u0159i kter\u00e9 v\u00e1m krok za krokem uk\u00e1\u017eeme, jak se kakao skl\u00edz\u00ed, a\u017e se p\u0159em\u011bn\u00ed na \u010dokol\u00e1du, ze kter\u00e9 vznik\u00e1 dominik\u00e1nsk\u00e1 Nutella, a napijete se hork\u00e9 \u010dokol\u00e1dy, kterou m\u016f\u017eete zdarma ochutnat a k tomu si d\u00e1t v\u00fdborn\u00fd kokosov\u00fd chl\u00e9b z domu.<\/p>\n<p>Zaplavete si pod odlehl\u00fdm a panensk\u00fdm vodop\u00e1dem v Yanigua a pozn\u00e1te jedine\u010dnou modrou jantarovou z\u00f3nu na sv\u011bt\u011b. Tarzan\u016fv domek na strom\u011b (d\u016fm na vrcholu stromu ve v\u00fd\u0161ce 35 metr\u016f).<\/p>\n<p>Bez p\u0159\u00edplatku obdr\u017e\u00edte tak\u00e9 zcela p\u0159\u00edrodn\u00ed j\u00edlov\u00e9 aplikace pro p\u00e9\u010di o ple\u0165 z \u0159eky.<\/p>\n<p>\u010cas ob\u011bda: Na okraji vodop\u00e1du ochutn\u00e1te to nejlep\u0161\u00ed dominik\u00e1nsk\u00e9 j\u00eddlo, ob\u011bdov\u00fd bufet a nealkoholick\u00fd otev\u0159en\u00fd bar.<\/p>\n<p>\u010cek\u00e1 na v\u00e1s den pln\u00fd nezapomenuteln\u00fdch z\u00e1\u017eitk\u016f!<\/p>\n<div id=\"gtx-trans\" style=\"position: absolute; left: 283px; top: 48px;\">\n<div class=\"gtx-trans-icon\"><\/div>\n<\/div>\n<div id=\"gtx-trans\" style=\"position: absolute; left: 283px; top: 48px;\">\n<div class=\"gtx-trans-icon\"><\/div>\n<\/div>\n\n\t\t<\/div>\n\t<\/div>\n<div class=\"vc_empty_space\"   style=\"height: 32px\"><span class=\"vc_empty_space_inner\"><\/span><\/div>\n\t<div class=\"wpb_text_column wpb_content_element\" >\n\t\t<div class=\"wpb_wrapper\">\n\t\t\t<h2 class=\"collection-header_title\" data-test-id=\"collection-title\" data-v-9c8cb860=\"\">Na z\u00e1klad\u011b va\u0161eho vyhled\u00e1v\u00e1n\u00ed v Los Haitises :<\/h2>\n\n\t\t<\/div>\n\t<\/div>\n<div class=\"vc_empty_space\"   style=\"height: 32px\"><span class=\"vc_empty_space_inner\"><\/span><\/div><div class=\"woocommerce columns-4\"><ul class=\"products columns-4\">\n<li class=\"product type-product post-15730 status-publish first instock product_cat-dominican-republic product_tag-excursion product_tag-tour has-post-thumbnail shipping-taxable product-type-external\">\r\n\t<a href=\"https:\/\/whalewatching.placessites.com\/cs\/prohlidka\/-515\/\" class=\"woocommerce-LoopProduct-link woocommerce-loop-product__link\"><img fetchpriority=\"high\" decoding=\"async\" width=\"300\" height=\"300\" src=\"https:\/\/whalewatching.placessites.com\/wp-content\/uploads\/2025\/12\/99-24-300x300.png\" class=\"attachment-woocommerce_thumbnail size-woocommerce_thumbnail\" alt=\"Prohl\u00eddka lod\u00ed Cano Hondo Natural Pools &amp; Los Haitises\" srcset=\"https:\/\/whalewatching.placessites.com\/wp-content\/uploads\/2025\/12\/99-24-300x300.png 300w, https:\/\/whalewatching.placessites.com\/wp-content\/uploads\/2025\/12\/99-24-1536x1536.png 1536w, https:\/\/whalewatching.placessites.com\/wp-content\/uploads\/2025\/12\/99-24-2048x2048.png 2048w, https:\/\/whalewatching.placessites.com\/wp-content\/uploads\/2025\/12\/99-24-100x100.png 100w\" sizes=\"(max-width: 300px) 100vw, 300px\" \/><h2 class=\"woocommerce-loop-product__title\">Prohl\u00eddka lod\u00ed Cano Hondo Natural Pools &amp; Los Haitises<\/h2>\n\t<span class=\"price\"><span class=\"woocs_price_code\" data-currency=\"\" data-redraw-id=\"69dded4fb3112\"  data-product-id=\"15730\"><span class=\"woocommerce-Price-amount amount\"><bdi>67.00<span class=\"woocommerce-Price-currencySymbol\">&#36;<\/span><\/bdi><\/span><\/span><\/span>\n<\/a><a href=\"https:\/\/gyg.me\/5mBIbAYw\" aria-describedby=\"woocommerce_loop_add_to_cart_link_describedby_15730\" data-quantity=\"1\" class=\"button product_type_external\" data-product_id=\"15730\" data-product_sku=\"\" aria-label=\"Ov\u011b\u0159it dostupnost\" rel=\"nofollow noopener\" target=\"_blank\">Ov\u011b\u0159it dostupnost<\/a>\t<span id=\"woocommerce_loop_add_to_cart_link_describedby_15730\" class=\"screen-reader-text\">\n\t\t\t<\/span>\n<\/li>\r\n<li class=\"product type-product post-17357 status-publish instock product_cat-dominican-republic product_tag-excursion product_tag-tour has-post-thumbnail shipping-taxable product-type-external\">\r\n\t<a href=\"https:\/\/whalewatching.placessites.com\/cs\/prohlidka\/-644\/\" class=\"woocommerce-LoopProduct-link woocommerce-loop-product__link\"><img decoding=\"async\" width=\"300\" height=\"300\" src=\"https:\/\/whalewatching.placessites.com\/wp-content\/uploads\/2025\/12\/99-216-300x300.jpg\" class=\"attachment-woocommerce_thumbnail size-woocommerce_thumbnail\" alt=\"Santo Domingo: Los Haitises a ostrov Cayo Levantado\" srcset=\"https:\/\/whalewatching.placessites.com\/wp-content\/uploads\/2025\/12\/99-216-300x300.jpg 300w, https:\/\/whalewatching.placessites.com\/wp-content\/uploads\/2025\/12\/99-216-1536x1536.jpg 1536w, https:\/\/whalewatching.placessites.com\/wp-content\/uploads\/2025\/12\/99-216-2048x2048.jpg 2048w, https:\/\/whalewatching.placessites.com\/wp-content\/uploads\/2025\/12\/99-216-100x100.jpg 100w\" sizes=\"(max-width: 300px) 100vw, 300px\" \/><h2 class=\"woocommerce-loop-product__title\">Santo Domingo: Los Haitises a ostrov Cayo Levantado<\/h2>\n\t<span class=\"price\"><span class=\"woocs_price_code\" data-currency=\"\" data-redraw-id=\"69dded4fb4034\"  data-product-id=\"17357\"><span class=\"woocommerce-Price-amount amount\"><bdi>175.00<span class=\"woocommerce-Price-currencySymbol\">&#36;<\/span><\/bdi><\/span><\/span><\/span>\n<\/a><a href=\"https:\/\/gyg.me\/5N7byd00\" aria-describedby=\"woocommerce_loop_add_to_cart_link_describedby_17357\" data-quantity=\"1\" class=\"button product_type_external\" data-product_id=\"17357\" data-product_sku=\"\" aria-label=\"Ov\u011b\u0159it dostupnost\" rel=\"nofollow noopener\" target=\"_blank\">Ov\u011b\u0159it dostupnost<\/a>\t<span id=\"woocommerce_loop_add_to_cart_link_describedby_17357\" class=\"screen-reader-text\">\n\t\t\t<\/span>\n<\/li>\r\n<\/ul>\n<\/div><\/div>\n\t<\/div> \n<\/div><!--End .row--><\/div><!--End .container--><\/div>\n<\/div>","protected":false},"excerpt":{"rendered":"<div data-track=\"overview\" data-v-83a2b402=\"\">\n<section id=\"activity-overview\" class=\"activity-overview\" data-component=\"overview\" data-v-83a2b402=\"\" data-v-f3236c42=\"\">\n<p class=\"activity-overview__content\" data-test-id=\"activity-overview-content\" data-v-f3236c42=\"\">Vydejte se na celodenn\u00ed v\u00fdlet all-inclusive, kter\u00fd v\u00e1s vt\u00e1hne do prav\u00e9 dominik\u00e1nsk\u00e9 kultury a pozn\u00e1te divokou p\u0159\u00edrodu zem\u011b. Poznejte mangrovov\u00e9 porosty, modr\u00fd jantar, jeskyn\u011b, d\u017eungle, de\u0161tn\u00e9 pralesy, vodop\u00e1dy a dal\u0161\u00ed...<\/p>\n<\/section>\n<\/div>\n<div data-track=\"key-details\" data-v-83a2b402=\"\"><\/div>","protected":false},"featured_media":10506,"template":"","meta":[],"product_brand":[],"product_cat":[97],"product_tag":[101,102],"class_list":{"0":"post-10190","1":"product","2":"type-product","3":"status-publish","4":"has-post-thumbnail","6":"product_cat-dominican-republic","7":"product_tag-excursion","8":"product_tag-tour","10":"first","11":"instock","12":"sale","13":"shipping-taxable","14":"product-type-external"},"_links":{"self":[{"href":"https:\/\/whalewatching.placessites.com\/cs\/wp-json\/wp\/v2\/product\/10190","targetHints":{"allow":["GET"]}}],"collection":[{"href":"https:\/\/whalewatching.placessites.com\/cs\/wp-json\/wp\/v2\/product"}],"about":[{"href":"https:\/\/whalewatching.placessites.com\/cs\/wp-json\/wp\/v2\/types\/product"}],"version-history":[{"count":0,"href":"https:\/\/whalewatching.placessites.com\/cs\/wp-json\/wp\/v2\/product\/10190\/revisions"}],"wp:featuredmedia":[{"embeddable":true,"href":"https:\/\/whalewatching.placessites.com\/cs\/wp-json\/wp\/v2\/media\/10506"}],"wp:attachment":[{"href":"https:\/\/whalewatching.placessites.com\/cs\/wp-json\/wp\/v2\/media?parent=10190"}],"wp:term":[{"taxonomy":"product_brand","embeddable":true,"href":"https:\/\/whalewatching.placessites.com\/cs\/wp-json\/wp\/v2\/product_brand?post=10190"},{"taxonomy":"product_cat","embeddable":true,"href":"https:\/\/whalewatching.placessites.com\/cs\/wp-json\/wp\/v2\/product_cat?post=10190"},{"taxonomy":"product_tag","embeddable":true,"href":"https:\/\/whalewatching.placessites.com\/cs\/wp-json\/wp\/v2\/product_tag?post=10190"}],"curies":[{"name":"wp","href":"https:\/\/api.w.org\/{rel}","templated":true}]}}