{"id":10216,"date":"2025-12-18T09:27:15","date_gmt":"2025-12-18T09:27:15","guid":{"rendered":"https:\/\/whalewatching.placessites.com\/?post_type=product&#038;p=10216"},"modified":"2025-12-18T09:41:26","modified_gmt":"2025-12-18T09:41:26","slug":"plavani-a-interakce-s-delfiny-v-punta-cane","status":"publish","type":"product","link":"https:\/\/whalewatching.placessites.com\/cs\/prohlidka\/plavani-a-interakce-s-delfiny-v-punta-cane\/","title":{"rendered":"Punta Cana: Plavby a interakce s delf\u00edny"},"content":{"rendered":"<p><strong>Punta Cana: Plavby a interakce s delf\u00edny<\/strong><\/p>\n<p>Str\u00e1v\u00edte \u010das v Karibiku plav\u00e1n\u00edm a interakc\u00ed s delf\u00edny v jejich p\u0159irozen\u00e9m prost\u0159ed\u00ed. Vychutnejte si jedine\u010dn\u00fd a nezapomenuteln\u00fd z\u00e1\u017eitek a z\u00e1rove\u0148 se pou\u010dte o ochran\u011b suchozemsk\u00e9 a mo\u0159sk\u00e9 biodiverzity.<\/p>\n<p>V\u0161echny varianty tohoto interaktivn\u00edho z\u00e1\u017eitku s delf\u00edny zahrnuj\u00ed zaj\u00edmav\u00e9 informace o delf\u00ednech, jejich strav\u011b, programech p\u00e9\u010de a tak\u00e9 tipy, jak p\u0159isp\u011bt k z\u00e1chran\u011b jejich p\u0159irozen\u00e9ho prost\u0159ed\u00ed.<\/p>\n<p>Vyberte si z n\u00e1sleduj\u00edc\u00edch mo\u017enost\u00ed:<\/p>\n<p>Plav\u00e1n\u00ed pro pr\u016fzkumn\u00edky<\/p>\n<p>Dr\u017ete se s delf\u00ednem za ruce a nechte se j\u00edm vz\u00edt na plav\u00e1n\u00ed. Nau\u010dte se d\u00e1vat pokyny a sledujte, jak delf\u00edn sk\u00e1\u010de p\u0159\u00edmo nad v\u00e1mi. Tento program zahrnuje 50 minut str\u00e1ven\u00fdch ve vod\u011b s delf\u00edny.<\/p>\n<p>Excellence Swim<\/p>\n<p>Za\u017eijte adrenalinov\u00fd z\u00e1\u017eitek, kter\u00fd byl dosud vyhrazen pouze tren\u00e9r\u016fm. Nechte se osobn\u011b sezn\u00e1mit s delf\u00edny, kte\u0159\u00ed s v\u00e1mi budou plavat. Tren\u00e9\u0159i v\u00e1s budou tr\u00e9novat a p\u0159ipravovat na slavn\u00e9 tla\u010den\u00ed nohou, p\u0159i kter\u00e9m v\u00e1s delf\u00edni budou v pln\u00e9 rychlosti tla\u010dit po hladin\u011b oce\u00e1nu. Tento program zahrnuje 60 minut str\u00e1ven\u00fdch ve vod\u011b s delf\u00edny.<\/p>\n<p>Z\u00e1bavn\u00e9 setk\u00e1n\u00ed s delf\u00edny<\/p>\n<p>P\u0159iv\u00edtejte se s delf\u00ednem \u201cpot\u0159esen\u00edm prsn\u00ed bradavkou\u201d a za\u017eijte kouzlo delf\u00edn\u00edho polibku. Dozv\u00edte se fakta o anatomii delf\u00edn\u016f a u\u017eite\u010dn\u00e9 rady o jejich ochran\u011b. Tento program zahrnuje 40 minut str\u00e1ven\u00fdch ve vod\u011b s delf\u00edny.<\/p>","protected":false},"excerpt":{"rendered":"<div data-track=\"overview\" data-v-83a2b402=\"\">\n<section id=\"activity-overview\" class=\"activity-overview\" data-component=\"overview\" data-v-83a2b402=\"\" data-v-f3236c42=\"\">\n<p class=\"activity-overview__content\" data-test-id=\"activity-overview-content\" data-v-f3236c42=\"\">U\u017eijte si jedine\u010dn\u00fd z\u00e1\u017eitek z plav\u00e1n\u00ed s delf\u00edny b\u011bhem pobytu v Punta Can\u011b. Dozv\u00edte se zaj\u00edmav\u00e9 informace o delf\u00ednech a ochran\u011b suchozemsk\u00e9 i mo\u0159sk\u00e9 biodiverzity. Pozorujte delf\u00edny, jak nad v\u00e1mi sk\u00e1\u010dou, a m\u011bjte mo\u017enost jednoho z nich pol\u00edbit.<\/p>\n<\/section>\n<\/div>\n<div data-track=\"key-details\" data-v-83a2b402=\"\"><\/div>","protected":false},"featured_media":10624,"template":"","meta":[],"product_brand":[],"product_cat":[97],"product_tag":[101,102],"class_list":{"0":"post-10216","1":"product","2":"type-product","3":"status-publish","4":"has-post-thumbnail","6":"product_cat-dominican-republic","7":"product_tag-excursion","8":"product_tag-tour","10":"first","11":"instock","12":"sale","13":"shipping-taxable","14":"product-type-external"},"_links":{"self":[{"href":"https:\/\/whalewatching.placessites.com\/cs\/wp-json\/wp\/v2\/product\/10216","targetHints":{"allow":["GET"]}}],"collection":[{"href":"https:\/\/whalewatching.placessites.com\/cs\/wp-json\/wp\/v2\/product"}],"about":[{"href":"https:\/\/whalewatching.placessites.com\/cs\/wp-json\/wp\/v2\/types\/product"}],"version-history":[{"count":0,"href":"https:\/\/whalewatching.placessites.com\/cs\/wp-json\/wp\/v2\/product\/10216\/revisions"}],"wp:featuredmedia":[{"embeddable":true,"href":"https:\/\/whalewatching.placessites.com\/cs\/wp-json\/wp\/v2\/media\/10624"}],"wp:attachment":[{"href":"https:\/\/whalewatching.placessites.com\/cs\/wp-json\/wp\/v2\/media?parent=10216"}],"wp:term":[{"taxonomy":"product_brand","embeddable":true,"href":"https:\/\/whalewatching.placessites.com\/cs\/wp-json\/wp\/v2\/product_brand?post=10216"},{"taxonomy":"product_cat","embeddable":true,"href":"https:\/\/whalewatching.placessites.com\/cs\/wp-json\/wp\/v2\/product_cat?post=10216"},{"taxonomy":"product_tag","embeddable":true,"href":"https:\/\/whalewatching.placessites.com\/cs\/wp-json\/wp\/v2\/product_tag?post=10216"}],"curies":[{"name":"wp","href":"https:\/\/api.w.org\/{rel}","templated":true}]}}