{"id":10693,"date":"2025-12-18T09:43:40","date_gmt":"2025-12-18T09:43:40","guid":{"rendered":"https:\/\/whalewatching.placessites.com\/?post_type=product&#038;p=10693"},"modified":"2025-12-18T09:55:57","modified_gmt":"2025-12-18T09:55:57","slug":"-27","status":"publish","type":"product","link":"https:\/\/whalewatching.placessites.com\/cs\/prohlidka\/-27\/","title":{"rendered":"4 hodiny hlubokomo\u0159sk\u00e9ho rybolovu z Punta Cany"},"content":{"rendered":"<p><strong>4 hodiny hlubokomo\u0159sk\u00e9ho rybolovu z Punta Cany<\/strong><\/p>\n<p>Za\u017eijte nezapomenuteln\u00e9 ryb\u00e1\u0159sk\u00e9 dobrodru\u017estv\u00ed v Punta Can\u011b s na\u0161\u00edm bal\u00ed\u010dkem all-inclusive! Za\u010dn\u011bte sv\u016fj den pohodln\u00fdm vyzvednut\u00edm z hotelu, kde v\u00e1s p\u0159iv\u00edtaj\u00ed na\u0161i p\u0159\u00e1tel\u0161t\u00ed pr\u016fvodci.<\/p>\n<p>P\u0159ipojte se k n\u00e1m na pln\u011b vybaven\u00e9 ryb\u00e1\u0159sk\u00e9 lodi, kde budete m\u00edt p\u0159\u00edle\u017eitost chytat r\u016fzn\u00e9 druhy ryb, v\u010detn\u011b marlin\u016f, tu\u0148\u00e1k\u016f a dor\u00e1d, a z\u00e1rove\u0148 se kochat \u00fachvatn\u00fdm v\u00fdhledem na Karibsk\u00e9 mo\u0159e. B\u011bhem lovu si m\u016f\u017eete odpo\u010dinout a dop\u0159\u00e1t si bezplatn\u00e9 n\u00e1poje po celou dobu v\u00fdletu, v\u010detn\u011b osv\u011b\u017euj\u00edc\u00edch koktejl\u016f a m\u00edstn\u00edch n\u00e1poj\u016f.<\/p>\n<p>A\u0165 u\u017e jste zku\u0161en\u00fd ryb\u00e1\u0159, nebo za\u010d\u00e1te\u010dn\u00edk, na\u0161e odborn\u00e1 pos\u00e1dka v\u00e1m pom\u016f\u017ee a zajist\u00ed skv\u011bl\u00fd z\u00e1\u017eitek. Rezervujte si sv\u016fj ryb\u00e1\u0159sk\u00fd v\u00fdlet je\u0161t\u011b dnes a vytvo\u0159te si trval\u00e9 vzpom\u00ednky v n\u00e1dhern\u00fdch vod\u00e1ch Punta Cany!<\/p>\n<p>Punta Cana m\u00e1 co nab\u00eddnout v oblasti mo\u0159sk\u00e9ho \u017eivota a ochrany p\u0159\u00edrody, a proto m\u00e1me tak\u00e9 nejlep\u0161\u00ed m\u00edsta pro ryba\u0159en\u00ed v oblasti Punta Cana.<\/p>\n<p>Punta Cana je jednou z nejobl\u00edben\u011bj\u0161\u00edch turistick\u00fdch destinac\u00ed v Karibiku a je pln\u00e1 r\u016fzn\u00fdch druh\u016f ryb, kter\u00e9 si u n\u00e1s m\u016f\u017eete zaryba\u0159it.<\/p>\n<ul>\n<li>Vyrazte s kvalitn\u00edm ryb\u00e1\u0159sk\u00fdm vybaven\u00edm a ulovte sv\u016fj \u017eivotn\u00ed \u00falovek<\/li>\n<li>Po cest\u011b se m\u016f\u017eete ob\u010derstvit bezplatn\u00fdm pivem, limon\u00e1dou a vodou.<\/li>\n<li>Zkuste ulovit m\u00edstn\u00ed mo\u0159sk\u00e9 \u017eivo\u010dichy, jako jsou marlin, plachetn\u00edk, tu\u0148\u00e1k a mahi-mahi.<\/li>\n<li>Obdivujte n\u00e1dhern\u00e9 v\u00fdhledy na k\u0159i\u0161\u0165\u00e1lov\u011b \u010dist\u00e9 vody Punta Cany.<\/li>\n<\/ul>","protected":false},"excerpt":{"rendered":"<div data-track=\"overview\" data-v-83a2b402=\"\">\n<section id=\"activity-overview\" class=\"activity-overview\" data-component=\"overview\" data-v-83a2b402=\"\" data-v-f3236c42=\"\">\n<p class=\"activity-overview__content\" data-test-id=\"activity-overview-content\" data-v-f3236c42=\"\">POKUD JSTE V\u00c1\u0160NIV\u00ddM MILOVN\u00cdKEM HLUBOKOMO\u0158SK\u00c9HO RYBOLOVU, JE TO P\u0158\u00cdLE\u017dITOST ULOVIT NEJLEP\u0160\u00cd EXEMPL\u00c1\u0158 JAKO TROFEJ OD BARAKUDY MAHI MAHI A\u017d PO MARLINA.N\u00c1\u0160 T\u00ddM V\u00c1M BUDE PO CELOU DOBU POM\u00c1HAT.<\/p>\n<\/section>\n<\/div>\n<div data-track=\"key-details\" data-v-83a2b402=\"\"><\/div>","protected":false},"featured_media":11007,"template":"","meta":[],"product_brand":[],"product_cat":[97],"product_tag":[101,102],"class_list":{"0":"post-10693","1":"product","2":"type-product","3":"status-publish","4":"has-post-thumbnail","6":"product_cat-dominican-republic","7":"product_tag-excursion","8":"product_tag-tour","10":"first","11":"instock","12":"sale","13":"shipping-taxable","14":"product-type-external"},"_links":{"self":[{"href":"https:\/\/whalewatching.placessites.com\/cs\/wp-json\/wp\/v2\/product\/10693","targetHints":{"allow":["GET"]}}],"collection":[{"href":"https:\/\/whalewatching.placessites.com\/cs\/wp-json\/wp\/v2\/product"}],"about":[{"href":"https:\/\/whalewatching.placessites.com\/cs\/wp-json\/wp\/v2\/types\/product"}],"version-history":[{"count":0,"href":"https:\/\/whalewatching.placessites.com\/cs\/wp-json\/wp\/v2\/product\/10693\/revisions"}],"wp:featuredmedia":[{"embeddable":true,"href":"https:\/\/whalewatching.placessites.com\/cs\/wp-json\/wp\/v2\/media\/11007"}],"wp:attachment":[{"href":"https:\/\/whalewatching.placessites.com\/cs\/wp-json\/wp\/v2\/media?parent=10693"}],"wp:term":[{"taxonomy":"product_brand","embeddable":true,"href":"https:\/\/whalewatching.placessites.com\/cs\/wp-json\/wp\/v2\/product_brand?post=10693"},{"taxonomy":"product_cat","embeddable":true,"href":"https:\/\/whalewatching.placessites.com\/cs\/wp-json\/wp\/v2\/product_cat?post=10693"},{"taxonomy":"product_tag","embeddable":true,"href":"https:\/\/whalewatching.placessites.com\/cs\/wp-json\/wp\/v2\/product_tag?post=10693"}],"curies":[{"name":"wp","href":"https:\/\/api.w.org\/{rel}","templated":true}]}}