{"id":10893,"date":"2025-12-18T09:51:27","date_gmt":"2025-12-18T09:51:27","guid":{"rendered":"https:\/\/whalewatching.placessites.com\/?post_type=product&#038;p=10893"},"modified":"2025-12-18T10:03:59","modified_gmt":"2025-12-18T10:03:59","slug":"nocni-vylet-do-destneho-pralesa-v-los-haitises","status":"publish","type":"product","link":"https:\/\/whalewatching.placessites.com\/cs\/prohlidka\/nocni-vylet-do-destneho-pralesa-v-los-haitises\/","title":{"rendered":"No\u010dn\u00ed v\u00fdlet do de\u0161tn\u00e9ho pralesa v Los Haitises"},"content":{"rendered":"<h1 class=\"product_title entry-title\"><span style=\"font-size: 12pt;\">No\u010dn\u00ed t\u00fara v de\u0161tn\u00e9m pralese Los Haitises<\/span><\/h1>\n<p>No\u010dn\u00ed t\u00fara v n\u00e1rodn\u00edm parku Los Haitises<\/p>\n<p>Vydejte se do de\u0161tn\u00e9ho pralesa v n\u00e1rodn\u00edm parku Los Haitises a objevte z\u00e1zraky p\u0159\u00edrody za soumraku.<\/p>\n<p>Pod veden\u00edm profesion\u00e1ln\u00edho p\u0159\u00edrodov\u011bdn\u00e9ho pr\u016fvodce se vyd\u00e1te na pr\u016fzkum de\u0161tn\u00e9ho pralesa po setm\u011bn\u00ed, s bd\u011bl\u00fdmi smysly a baterkou v ruce. Nenechte si uj\u00edt p\u0159\u00edle\u017eitost spat\u0159it tvory, kter\u00e9 m\u016f\u017ee spat\u0159it jen m\u00e1lokdo: tvory, kte\u0159\u00ed o\u017e\u00edvaj\u00ed jen v dob\u011b, kdy zbytek zem\u011b sp\u00ed... Jin\u00fdmi slovy, noc je nejlep\u0161\u00ed \u010das na pozorov\u00e1n\u00ed divok\u00e9 p\u0159\u00edrody!<\/p>\n<p>Vyzvedneme v\u00e1s a odvezeme na v\u00fdchoz\u00ed m\u00edsto no\u010dn\u00ed proch\u00e1zky. Pr\u016fvodce v\u00e1s provede po stezk\u00e1ch de\u0161tn\u00e9ho pralesa a cestou v\u00e1s bude upozor\u0148ovat na r\u016fzn\u00e9 rostliny a \u017eivo\u010dichy a rozeb\u00edrat je.<\/p>\n<p>Pokud pr\u0161\u00ed, pova\u017eujte se za \u0161\u0165astlivce! D\u00e9\u0161\u0165 zvy\u0161uje aktivitu zv\u00ed\u0159at v de\u0161tn\u00e9m pralese, co\u017e zvy\u0161uje pravd\u011bpodobnost v\u00fdskytu \u017eivo\u010dich\u016f, jako jsou lenochodi, kalo\u0148ov\u00e9 a stromov\u00e1 \u017e\u00e1ba \u010dervenook\u00e1.<\/p>\n<p>Po skon\u010den\u00ed prohl\u00eddky v\u00e1s odvezeme zp\u011bt do hotelu, kde si m\u016f\u017eete odpo\u010dinout a prohl\u00e9dnout si \u00fa\u017easn\u00e9 fotografie neuv\u011b\u0159iteln\u00e9 no\u010dn\u00ed p\u0159\u00edrody Arenalu. Nezapome\u0148te je sd\u00edlet na Facebooku a Instagramu a ozna\u010dte je #bookingadventures.<\/p>","protected":false},"excerpt":{"rendered":"<div data-track=\"overview\" data-v-83a2b402=\"\">\n<section id=\"activity-overview\" class=\"activity-overview\" data-component=\"overview\" data-v-83a2b402=\"\" data-v-f3236c42=\"\">\n<p class=\"activity-overview__content\" data-test-id=\"activity-overview-content\" data-v-f3236c42=\"\">Objevte p\u016fvodn\u00ed p\u0159\u00edrodu n\u00e1rodn\u00edho parku Los Haitises v noci. P\u011b\u0161\u00ed turistika a prezentace divok\u00e9 p\u0159\u00edrody.<\/p>\n<\/section>\n<\/div>\n<div data-track=\"key-details\" data-v-83a2b402=\"\"><\/div>","protected":false},"featured_media":11205,"template":"","meta":[],"product_brand":[],"product_cat":[97],"product_tag":[101,102],"class_list":{"0":"post-10893","1":"product","2":"type-product","3":"status-publish","4":"has-post-thumbnail","6":"product_cat-dominican-republic","7":"product_tag-excursion","8":"product_tag-tour","10":"first","11":"instock","12":"sale","13":"shipping-taxable","14":"product-type-external"},"_links":{"self":[{"href":"https:\/\/whalewatching.placessites.com\/cs\/wp-json\/wp\/v2\/product\/10893","targetHints":{"allow":["GET"]}}],"collection":[{"href":"https:\/\/whalewatching.placessites.com\/cs\/wp-json\/wp\/v2\/product"}],"about":[{"href":"https:\/\/whalewatching.placessites.com\/cs\/wp-json\/wp\/v2\/types\/product"}],"version-history":[{"count":0,"href":"https:\/\/whalewatching.placessites.com\/cs\/wp-json\/wp\/v2\/product\/10893\/revisions"}],"wp:featuredmedia":[{"embeddable":true,"href":"https:\/\/whalewatching.placessites.com\/cs\/wp-json\/wp\/v2\/media\/11205"}],"wp:attachment":[{"href":"https:\/\/whalewatching.placessites.com\/cs\/wp-json\/wp\/v2\/media?parent=10893"}],"wp:term":[{"taxonomy":"product_brand","embeddable":true,"href":"https:\/\/whalewatching.placessites.com\/cs\/wp-json\/wp\/v2\/product_brand?post=10893"},{"taxonomy":"product_cat","embeddable":true,"href":"https:\/\/whalewatching.placessites.com\/cs\/wp-json\/wp\/v2\/product_cat?post=10893"},{"taxonomy":"product_tag","embeddable":true,"href":"https:\/\/whalewatching.placessites.com\/cs\/wp-json\/wp\/v2\/product_tag?post=10893"}],"curies":[{"name":"wp","href":"https:\/\/api.w.org\/{rel}","templated":true}]}}