{"id":11021,"date":"2025-12-18T09:56:28","date_gmt":"2025-12-18T09:56:28","guid":{"rendered":"https:\/\/whalewatching.placessites.com\/?post_type=product&#038;p=11021"},"modified":"2025-12-18T10:06:46","modified_gmt":"2025-12-18T10:06:46","slug":"-52","status":"publish","type":"product","link":"https:\/\/whalewatching.placessites.com\/cs\/prohlidka\/-52\/","title":{"rendered":"Saman\u00e1 Cayo Levantado Isla Bacard\u00ed y Waterfal + pozorov\u00e1n\u00ed velryb"},"content":{"rendered":"<p>Saman\u00e1 Cayo Levantado Isla Bacard\u00ed y Waterfal + pozorov\u00e1n\u00ed velryb<\/p>\n<p>Objevte kouzlo Samany, sv\u011b\u017e\u00edho poloostrova na severov\u00fdchodn\u00edm pob\u0159e\u017e\u00ed Dominik\u00e1nsk\u00e9 republiky, kter\u00fd je proslul\u00fd sv\u00fdmi p\u0159\u00edrodn\u00edmi kr\u00e1sami a je za\u0159azen mezi nejkr\u00e1sn\u011bj\u0161\u00ed z\u00e1toky sv\u011bta UNESCO. Tato destinace, kter\u00e1 je rovn\u011b\u017e uzn\u00e1v\u00e1na jako sv\u011btov\u00fd r\u00e1j ekoturismu, je domovem \u00fachvatn\u00e9 migrace keporkak\u016f, kterou lze pozorovat od ledna do za\u010d\u00e1tku dubna, kdy do tepl\u00fdch vod zav\u00edt\u00e1 v\u00edce ne\u017e 3 500 t\u011bchto majest\u00e1tn\u00edch tvor\u016f.<\/p>\n<p>Va\u0161e dobrodru\u017estv\u00ed za\u010d\u00edn\u00e1 vyhl\u00eddkovou plavbou lod\u00ed ze Sabana de la Mar do z\u00e1toky Saman\u00e1. Po p\u0159\u00edjezdu se vyd\u00e1te na vzru\u0161uj\u00edc\u00ed proj\u00ed\u017e\u010fku na kon\u00edch k majest\u00e1tn\u00edmu vodop\u00e1du Lim\u00f3n. Tento 50 metr\u016f vysok\u00fd vodop\u00e1d je obklopen bujn\u00fdm tropick\u00fdm de\u0161tn\u00fdm pralesem a je ide\u00e1ln\u00ed pro osv\u011b\u017euj\u00edc\u00ed koupel.<\/p>\n<p>Pot\u00e9 nasednete do safari vozu a vyd\u00e1te se na prohl\u00eddku historick\u00e9ho m\u011bsta Saman\u00e1, kter\u00e9 v roce 1493 objevil Kry\u0161tof Kolumbus. B\u011bhem prohl\u00eddky se sezn\u00e1m\u00edte s jeho bohatou histori\u00ed a prvn\u00edm setk\u00e1n\u00edm Evropan\u016f s domorodci.<\/p>\n<p>Po prohl\u00eddce m\u011bsta si vychutn\u00e1te dominik\u00e1nsk\u00fd bufet ve venkovsk\u00e9 restauraci, kde se pod\u00e1vaj\u00ed nejr\u016fzn\u011bj\u0161\u00ed m\u00edstn\u00ed pokrmy a \u010derstv\u00e9 tropick\u00e9 ovoce. Pot\u00e9 se vyd\u00e1te na ostrov Cayo Levantado, zn\u00e1m\u00fd tak\u00e9 jako \u201costrov Bacardi\u201d, kde budete m\u00edt voln\u00fd \u010das na odpo\u010dinek na jeho b\u00edl\u00fdch p\u00edse\u010dn\u00fdch pl\u00e1\u017e\u00edch a tyrkysov\u00fdch vod\u00e1ch.<\/p>\n<p>Nakonec se vr\u00e1t\u00edte na pevninu a budete p\u0159evezeni zp\u011bt do sv\u00e9ho ubytov\u00e1n\u00ed a odvezete si nezapomenuteln\u00e9 vzpom\u00ednky na den pln\u00fd p\u0159\u00edrody, historie a odpo\u010dinku v jednom z nejkr\u00e1sn\u011bj\u0161\u00edch kout\u016f Karibiku.<\/p>","protected":false},"excerpt":{"rendered":"<div data-track=\"overview\" data-v-83a2b402=\"\">\n<section id=\"activity-overview\" class=\"activity-overview\" data-component=\"overview\" data-v-83a2b402=\"\" data-v-f3236c42=\"\">\n<p class=\"activity-overview__content\" data-test-id=\"activity-overview-content\" data-v-f3236c42=\"\">Od ledna do za\u010d\u00e1tku dubna si nenechte uj\u00edt p\u0159\u00edle\u017eitost pozorovat majest\u00e1tn\u00ed keporkaky, kte\u0159\u00ed va\u0161emu \u00fat\u011bku do Karibiku dodaj\u00ed \u00fa\u017easn\u00fd n\u00e1dech.<\/p>\n<\/section>\n<\/div>\n<div data-track=\"key-details\" data-v-83a2b402=\"\"><\/div>","protected":false},"featured_media":11277,"template":"","meta":[],"product_brand":[],"product_cat":[97],"product_tag":[101,102],"class_list":{"0":"post-11021","1":"product","2":"type-product","3":"status-publish","4":"has-post-thumbnail","6":"product_cat-dominican-republic","7":"product_tag-excursion","8":"product_tag-tour","10":"first","11":"instock","12":"sale","13":"shipping-taxable","14":"product-type-external"},"_links":{"self":[{"href":"https:\/\/whalewatching.placessites.com\/cs\/wp-json\/wp\/v2\/product\/11021","targetHints":{"allow":["GET"]}}],"collection":[{"href":"https:\/\/whalewatching.placessites.com\/cs\/wp-json\/wp\/v2\/product"}],"about":[{"href":"https:\/\/whalewatching.placessites.com\/cs\/wp-json\/wp\/v2\/types\/product"}],"version-history":[{"count":0,"href":"https:\/\/whalewatching.placessites.com\/cs\/wp-json\/wp\/v2\/product\/11021\/revisions"}],"wp:featuredmedia":[{"embeddable":true,"href":"https:\/\/whalewatching.placessites.com\/cs\/wp-json\/wp\/v2\/media\/11277"}],"wp:attachment":[{"href":"https:\/\/whalewatching.placessites.com\/cs\/wp-json\/wp\/v2\/media?parent=11021"}],"wp:term":[{"taxonomy":"product_brand","embeddable":true,"href":"https:\/\/whalewatching.placessites.com\/cs\/wp-json\/wp\/v2\/product_brand?post=11021"},{"taxonomy":"product_cat","embeddable":true,"href":"https:\/\/whalewatching.placessites.com\/cs\/wp-json\/wp\/v2\/product_cat?post=11021"},{"taxonomy":"product_tag","embeddable":true,"href":"https:\/\/whalewatching.placessites.com\/cs\/wp-json\/wp\/v2\/product_tag?post=11021"}],"curies":[{"name":"wp","href":"https:\/\/api.w.org\/{rel}","templated":true}]}}