{"id":11326,"date":"2025-12-18T10:08:17","date_gmt":"2025-12-18T10:08:17","guid":{"rendered":"https:\/\/whalewatching.placessites.com\/?post_type=product&#038;p=11326"},"modified":"2025-12-18T10:19:46","modified_gmt":"2025-12-18T10:19:46","slug":"-82","status":"publish","type":"product","link":"https:\/\/whalewatching.placessites.com\/cs\/prohlidka\/-82\/","title":{"rendered":"Punta Cana: Saman\u00e1 Tour s proj\u00ed\u017e\u010fkou na koni, plavbou a ob\u011bdem"},"content":{"rendered":"<p>Prozkoumejte poloostrov Saman\u00e1 b\u011bhem jednodenn\u00edho v\u00fdletu z Punta Cany a objevte n\u011bkter\u00e9 z jeho zaj\u00edmavost\u00ed. Nav\u0161tivte ohromuj\u00edc\u00ed vodop\u00e1d El L\u00edmon, vychutnejte si typick\u00fd dominik\u00e1nsk\u00fd ob\u011bd a u\u017eijte si plavbu katamar\u00e1nem na \u00fa\u017easn\u00fd ostrov Cay\u00f3 Levanto.<\/p>\n<p>Za\u010dn\u011bte vyzvednut\u00edm z Punta Cana, Bayahibe nebo Bavaro a cestujte p\u0159es oblast Miches, kde proj\u00ed\u017ed\u00edte malebn\u00fdmi m\u011bste\u010dky. V m\u011bste\u010dku La Ca\u00f1ita se vydejte lod\u00ed na poloostrov Saman\u00e1.<\/p>\n<p>Na m\u00edst\u011b nasedn\u011bte do safari vozu, kter\u00fd v\u00e1s odveze hluboko do horsk\u00e9 d\u017eungle, a vydejte se na proj\u00ed\u017e\u010fku na koni k vodop\u00e1du El L\u00edmon. Vychutnejte si osv\u011b\u017euj\u00edc\u00ed koupel v jeho tekouc\u00edch kask\u00e1d\u00e1ch obklopen\u00fdch bujnou d\u017eungl\u00ed.<\/p>\n<p>Vra\u0165te se do p\u0159\u00edstavu a vychutnejte si vynikaj\u00edc\u00ed ob\u011bd z tradi\u010dn\u00ed dominik\u00e1nsk\u00e9 kuchyn\u011b.<\/p>\n<p>Pokra\u010dujte v dobrodru\u017estv\u00ed plavbou katamar\u00e1nem na ostrov Cay\u00f3 Levanto. U\u017eijte si 90 minut odpo\u010dinku na jeho b\u00edl\u00fdch p\u00edse\u010dn\u00fdch pl\u00e1\u017e\u00edch a v t\u0159pytiv\u011b tyrkysov\u00fdch vod\u00e1ch. Pot\u00e9 se vra\u0165te do La Ca\u00f1ity a nasedn\u011bte na autobus zp\u011bt do sv\u00e9ho ubytov\u00e1n\u00ed.<\/p>","protected":false},"excerpt":{"rendered":"<div data-track=\"overview\" data-v-83a2b402=\"\">\n<section id=\"activity-overview\" class=\"activity-overview\" data-component=\"overview\" data-v-83a2b402=\"\" data-v-f3236c42=\"\">\n<p class=\"activity-overview__content\" data-test-id=\"activity-overview-content\" data-v-f3236c42=\"\">Vydejte se na plavbu katamar\u00e1nem na ostrov Cay\u00f3 Levanto za velrybami, proje\u010fte se na koni k vodop\u00e1du El L\u00edmon a objevte kr\u00e1sy poloostrova Saman\u00e1, pokud si rezervujete tento celodenn\u00ed v\u00fdlet z Punta Cany. Rezervujte si nyn\u00ed a zbytek doplat\u00edte pozd\u011bji.<\/p>\n<\/section>\n<\/div>\n<div data-track=\"key-details\" data-v-83a2b402=\"\"><\/div>","protected":false},"featured_media":11642,"template":"","meta":[],"product_brand":[],"product_cat":[97],"product_tag":[101,102],"class_list":{"0":"post-11326","1":"product","2":"type-product","3":"status-publish","4":"has-post-thumbnail","6":"product_cat-dominican-republic","7":"product_tag-excursion","8":"product_tag-tour","10":"first","11":"instock","12":"shipping-taxable","13":"product-type-external"},"_links":{"self":[{"href":"https:\/\/whalewatching.placessites.com\/cs\/wp-json\/wp\/v2\/product\/11326","targetHints":{"allow":["GET"]}}],"collection":[{"href":"https:\/\/whalewatching.placessites.com\/cs\/wp-json\/wp\/v2\/product"}],"about":[{"href":"https:\/\/whalewatching.placessites.com\/cs\/wp-json\/wp\/v2\/types\/product"}],"version-history":[{"count":0,"href":"https:\/\/whalewatching.placessites.com\/cs\/wp-json\/wp\/v2\/product\/11326\/revisions"}],"wp:featuredmedia":[{"embeddable":true,"href":"https:\/\/whalewatching.placessites.com\/cs\/wp-json\/wp\/v2\/media\/11642"}],"wp:attachment":[{"href":"https:\/\/whalewatching.placessites.com\/cs\/wp-json\/wp\/v2\/media?parent=11326"}],"wp:term":[{"taxonomy":"product_brand","embeddable":true,"href":"https:\/\/whalewatching.placessites.com\/cs\/wp-json\/wp\/v2\/product_brand?post=11326"},{"taxonomy":"product_cat","embeddable":true,"href":"https:\/\/whalewatching.placessites.com\/cs\/wp-json\/wp\/v2\/product_cat?post=11326"},{"taxonomy":"product_tag","embeddable":true,"href":"https:\/\/whalewatching.placessites.com\/cs\/wp-json\/wp\/v2\/product_tag?post=11326"}],"curies":[{"name":"wp","href":"https:\/\/api.w.org\/{rel}","templated":true}]}}