{"id":12448,"date":"2025-12-18T10:53:07","date_gmt":"2025-12-18T10:53:07","guid":{"rendered":"https:\/\/whalewatching.placessites.com\/?post_type=product&#038;p=12448"},"modified":"2025-12-18T11:02:34","modified_gmt":"2025-12-18T11:02:34","slug":"-171","status":"publish","type":"product","link":"https:\/\/whalewatching.placessites.com\/cs\/prohlidka\/-171\/","title":{"rendered":"Bayahibe: Saman\u00e1 a Miches Celodenn\u00ed v\u00fdlet za pozorov\u00e1n\u00edm velryb"},"content":{"rendered":"<p>Bayahibe: Saman\u00e1 a Miches Celodenn\u00ed v\u00fdlet za pozorov\u00e1n\u00edm velryb, Plavba lod\u00ed p\u0159es z\u00e1toky Miches a Saman\u00e1 a pobyt v r\u00e1ji velryb keporkak\u016f. Tento v\u00fdlet je d\u00edky sv\u00e9 konstrukci a prvk\u016fm nejrozs\u00e1hlej\u0161\u00edm a nejkomplexn\u011bj\u0161\u00edm v\u00fdletem za pozorov\u00e1n\u00edm velryb s del\u0161\u00ed dobou trv\u00e1n\u00ed nab\u00edzen\u00fdm v destinaci Bavaro Punta Cana. Zde v\u00e1s v rytmu dominik\u00e1nsk\u00e9ho rumu Brugal p\u0159iv\u00edt\u00e1me na ostrov\u011b Bacardi. Po vzru\u0161uj\u00edc\u00ed cest\u011b za pozorov\u00e1n\u00edm velryb v jejich \u00fato\u010di\u0161ti v\u00e1s b\u011bhem pobytu odpoj\u00ed b\u00edl\u00fd p\u00edsek ostrova Bacardi, kter\u00fd nab\u00edz\u00ed n\u00e1dhernou pl\u00e1\u017e.<\/p>\n<p>M\u00edsto, kde poob\u011bdv\u00e1te, bude ide\u00e1ln\u00edm mostem k pam\u00e1tn\u00edku Citronov\u00fd vodop\u00e1d, kde v\u00e1m samota okol\u00ed bude odpoledne d\u011blat dokonalou spole\u010dnost, abyste si u\u017eili v\u0161echno jeho kouzlo a sv\u011b\u017eest.<\/p>\n<p>Za\u010dn\u011bte sv\u016fj den vyzvednut\u00edm z hotelu v Bavaro a vydejte se k molu Ca\u00f1itas. Vyplujte sm\u011brem k velryb\u00ed rezervaci a u\u017eijte si prohl\u00eddku s pozorov\u00e1n\u00edm velryb. Pot\u00e9 se vydejte na ostrov Cayo Levantado a vychutnejte si welcome drink.<\/p>\n<p>Odjezd do Saman\u00e1 na prohl\u00eddku m\u011bsta a venkovsk\u00e9 safari v obci Santa Barbara de Saman\u00e1 a El Lim\u00f3n. N\u00e1v\u0161t\u011bva ran\u010de uprost\u0159ed d\u017eungle. J\u00edzda na koni s asistenc\u00ed pr\u016fvodce z m\u00edstn\u00ed vesnice.<\/p>\n<p>Nav\u0161tivte 50 metr\u016f vysok\u00fd vodop\u00e1d Lim\u00f3n. Odjezd z mola Saman\u00e1 na molo Ca\u00f1itas. N\u00e1vrat do hotelu v Bavaro.<\/p>","protected":false},"excerpt":{"rendered":"<div data-track=\"overview\" data-v-83a2b402=\"\">\n<section id=\"activity-overview\" class=\"activity-overview\" data-component=\"overview\" data-v-83a2b402=\"\" data-v-f3236c42=\"\">\n<p class=\"activity-overview__content\" data-test-id=\"activity-overview-content\" data-v-f3236c42=\"\">Objevte kr\u00e1sy poloostrova Saman\u00e1 b\u011bhem jednodenn\u00edho v\u00fdletu z Bayahibe. Pozorujte keporkaky v jejich p\u0159irozen\u00e9m prost\u0159ed\u00ed a vychutnejte si ob\u011bd formou bufetu v m\u00edstn\u00ed restauraci v Saman\u00e1.<\/p>\n<\/section>\n<\/div>\n<div data-track=\"key-details\" data-v-83a2b402=\"\"><\/div>","protected":false},"featured_media":12686,"template":"","meta":[],"product_brand":[],"product_cat":[97],"product_tag":[101,102],"class_list":{"0":"post-12448","1":"product","2":"type-product","3":"status-publish","4":"has-post-thumbnail","6":"product_cat-dominican-republic","7":"product_tag-excursion","8":"product_tag-tour","10":"first","11":"instock","12":"shipping-taxable","13":"product-type-external"},"_links":{"self":[{"href":"https:\/\/whalewatching.placessites.com\/cs\/wp-json\/wp\/v2\/product\/12448","targetHints":{"allow":["GET"]}}],"collection":[{"href":"https:\/\/whalewatching.placessites.com\/cs\/wp-json\/wp\/v2\/product"}],"about":[{"href":"https:\/\/whalewatching.placessites.com\/cs\/wp-json\/wp\/v2\/types\/product"}],"version-history":[{"count":0,"href":"https:\/\/whalewatching.placessites.com\/cs\/wp-json\/wp\/v2\/product\/12448\/revisions"}],"wp:featuredmedia":[{"embeddable":true,"href":"https:\/\/whalewatching.placessites.com\/cs\/wp-json\/wp\/v2\/media\/12686"}],"wp:attachment":[{"href":"https:\/\/whalewatching.placessites.com\/cs\/wp-json\/wp\/v2\/media?parent=12448"}],"wp:term":[{"taxonomy":"product_brand","embeddable":true,"href":"https:\/\/whalewatching.placessites.com\/cs\/wp-json\/wp\/v2\/product_brand?post=12448"},{"taxonomy":"product_cat","embeddable":true,"href":"https:\/\/whalewatching.placessites.com\/cs\/wp-json\/wp\/v2\/product_cat?post=12448"},{"taxonomy":"product_tag","embeddable":true,"href":"https:\/\/whalewatching.placessites.com\/cs\/wp-json\/wp\/v2\/product_tag?post=12448"}],"curies":[{"name":"wp","href":"https:\/\/api.w.org\/{rel}","templated":true}]}}