{"id":12809,"date":"2025-12-18T11:07:15","date_gmt":"2025-12-18T11:07:15","guid":{"rendered":"https:\/\/whalewatching.placessites.com\/?post_type=product&#038;p=12809"},"modified":"2025-12-18T11:16:46","modified_gmt":"2025-12-18T11:16:46","slug":"-204","status":"publish","type":"product","link":"https:\/\/whalewatching.placessites.com\/cs\/prohlidka\/-204\/","title":{"rendered":"Prohl\u00eddka m\u011bsta Puerto Plata"},"content":{"rendered":"<div class=\"toggle-content__content toggle-content__content--expanded toggle-content__content--packable\" data-v-59485d64=\"\">\n<div data-test-id=\"activity-full-description-text\" data-v-5835c99c=\"\"><strong>Prohl\u00eddka m\u011bsta Puerto Plata\u00a0<\/strong><\/div>\n<div data-test-id=\"activity-full-description-text\" data-v-5835c99c=\"\"><\/div>\n<div data-test-id=\"activity-full-description-text\" data-v-5835c99c=\"\">\u201cVydejte se s n\u00e1mi na nezapomenutelnou cestu okouzluj\u00edc\u00ed krajinou Puerto Plata. N\u00e1\u0161 poutav\u00fd z\u00e1jezd v\u00e1s zavede do n\u00e1sleduj\u00edc\u00edch podmaniv\u00fdch destinac\u00ed:<\/div>\n<div data-test-id=\"activity-full-description-text\" data-v-5835c99c=\"\"><\/div>\n<div data-test-id=\"activity-full-description-text\" data-v-5835c99c=\"\">1. Tov\u00e1rna na rum Macorix: Vydejte se na 15 a\u017e 20minutovou prohl\u00eddku s pr\u016fvodcem, kterou povede zku\u0161en\u00fd mana\u017eer tov\u00e1rny. Poznejte bohatou historii a \u0159emesln\u00e9 zpracov\u00e1n\u00ed proslul\u00e9ho rumu Macorix.<\/div>\n<div data-test-id=\"activity-full-description-text\" data-v-5835c99c=\"\"><\/div>\n<div data-test-id=\"activity-full-description-text\" data-v-5835c99c=\"\">2. Panoramatick\u00fd pohled: Vychutnejte si \u00fachvatn\u00fd v\u00fdhled, kter\u00fd nab\u00edz\u00ed panoramatick\u00fd pohled na cel\u00e9 m\u011bsto a ikonickou lanovku. Zachy\u0165te dechberouc\u00ed okam\u017eiky na pozad\u00ed t\u00e9to \u00fachvatn\u00e9 krajiny.<\/div>\n<div data-test-id=\"activity-full-description-text\" data-v-5835c99c=\"\"><\/div>\n<div data-test-id=\"activity-full-description-text\" data-v-5835c99c=\"\">3. Jantar a larimar: Pronikn\u011bte do sv\u011bta dominik\u00e1nsk\u00fdch drah\u00fdch kamen\u016f. Prozkoumejte jedine\u010dn\u00e9 kouzlo jantaru a larimaru, a pokud se chcete z t\u00e9to n\u00e1v\u0161t\u011bvy odhl\u00e1sit, informujte laskav\u011b \u0159idi\u010de.<\/div>\n<div data-test-id=\"activity-full-description-text\" data-v-5835c99c=\"\"><\/div>\n<div data-test-id=\"activity-full-description-text\" data-v-5835c99c=\"\">4. Tov\u00e1rna na doutn\u00edky: V tov\u00e1rn\u011b na doutn\u00edky si m\u016f\u017eete dop\u0159\u00e1t interaktivn\u00ed z\u00e1\u017eitek a na vlastn\u00ed o\u010di se sezn\u00e1mit s um\u011bn\u00edm v\u00e1len\u00ed doutn\u00edk\u016f. Ubalte si sv\u016fj vlastn\u00ed doutn\u00edk a prohl\u00e9dn\u011bte si n\u00e1dhern\u00fd v\u00fdb\u011br, kter\u00fd si m\u016f\u017eete zakoupit.<\/div>\n<div data-test-id=\"activity-full-description-text\" data-v-5835c99c=\"\"><\/div>\n<div data-test-id=\"activity-full-description-text\" data-v-5835c99c=\"\">5. Joaquin Gift Shop: V proslul\u00e9m obchod\u011b s d\u00e1rkov\u00fdmi p\u0159edm\u011bty Joaquin najdete dokonal\u00e9 upom\u00ednkov\u00e9 p\u0159edm\u011bty pro sv\u00e9 bl\u00edzk\u00e9 za l\u00e1kav\u00e9 ceny.<\/div>\n<div data-test-id=\"activity-full-description-text\" data-v-5835c99c=\"\"><\/div>\n<div data-test-id=\"activity-full-description-text\" data-v-5835c99c=\"\">6. Paseo de Do\u00f1a Blanca, zn\u00e1m\u00e1 tak\u00e9 jako R\u016f\u017eov\u00e1 ulice: V prvn\u00edm hotelu v Puerto Plata se m\u016f\u017eete pod\u00edvat do historie a zachytit nad\u010dasovou eleganci t\u00e9to ikonick\u00e9 destinace. Toto okouzluj\u00edc\u00ed m\u00edsto nab\u00edz\u00ed \u0159adu p\u0159\u00edle\u017eitost\u00ed k fotografov\u00e1n\u00ed uprost\u0159ed podmaniv\u00e9ho prost\u0159ed\u00ed.<\/div>\n<div data-test-id=\"activity-full-description-text\" data-v-5835c99c=\"\"><\/div>\n<div data-test-id=\"activity-full-description-text\" data-v-5835c99c=\"\">7. De\u0161tn\u00edkov\u00e1 ulice: Ulice de\u0161tn\u00edk\u016f: Pono\u0159te se do \u017eiv\u00e9 atmosf\u00e9ry tohoto malebn\u00e9ho m\u00edsta, kter\u00e9 je ide\u00e1ln\u00ed pro po\u0159izov\u00e1n\u00ed n\u00e1dhern\u00fdch fotografi\u00ed. Krom\u011b toho se pot\u011b\u0161te n\u00e1v\u0161t\u011bvou mal\u00e9 tov\u00e1rny na \u010dokol\u00e1du, kter\u00e1 dod\u00e1 va\u0161\u00ed nezapomenuteln\u00e9 cest\u011b sladk\u00fd n\u00e1dech.\u201d<\/div>\n<\/div>\n<div data-v-59485d64=\"\"><\/div>\n<div class=\"toggle-content__label-placeholder\" data-v-59485d64=\"\">U\u017eijte si s n\u00e1mi jeden z nejlep\u0161\u00edch z\u00e1\u017eitk\u016f a to nejlep\u0161\u00ed z na\u0161ich m\u00edst a na\u0161\u00ed kultury!<\/div>\n<div data-v-59485d64=\"\">\n<div class=\"woocommerce-product-details__short-description\">\n<div data-track=\"key-details\" data-v-83a2b402=\"\"><\/div>\n<\/div>\n<\/div>","protected":false},"excerpt":{"rendered":"<div data-track=\"overview\" data-v-83a2b402=\"\">\n<section id=\"activity-overview\" class=\"activity-overview\" data-component=\"overview\" data-v-83a2b402=\"\" data-v-f3236c42=\"\">\n<p class=\"activity-overview__content\" data-test-id=\"activity-overview-content\" data-v-f3236c42=\"\">U\u017eijte si s n\u00e1mi jeden z nejlep\u0161\u00edch z\u00e1\u017eitk\u016f a to nejlep\u0161\u00ed z na\u0161ich m\u00edst a na\u0161\u00ed kultury!<\/p>\n<\/section>\n<\/div>\n<div data-track=\"key-details\" data-v-83a2b402=\"\"><\/div>","protected":false},"featured_media":13021,"template":"","meta":[],"product_brand":[],"product_cat":[97],"product_tag":[101,102],"class_list":{"0":"post-12809","1":"product","2":"type-product","3":"status-publish","4":"has-post-thumbnail","6":"product_cat-dominican-republic","7":"product_tag-excursion","8":"product_tag-tour","10":"first","11":"instock","12":"shipping-taxable","13":"product-type-external"},"_links":{"self":[{"href":"https:\/\/whalewatching.placessites.com\/cs\/wp-json\/wp\/v2\/product\/12809","targetHints":{"allow":["GET"]}}],"collection":[{"href":"https:\/\/whalewatching.placessites.com\/cs\/wp-json\/wp\/v2\/product"}],"about":[{"href":"https:\/\/whalewatching.placessites.com\/cs\/wp-json\/wp\/v2\/types\/product"}],"version-history":[{"count":0,"href":"https:\/\/whalewatching.placessites.com\/cs\/wp-json\/wp\/v2\/product\/12809\/revisions"}],"wp:featuredmedia":[{"embeddable":true,"href":"https:\/\/whalewatching.placessites.com\/cs\/wp-json\/wp\/v2\/media\/13021"}],"wp:attachment":[{"href":"https:\/\/whalewatching.placessites.com\/cs\/wp-json\/wp\/v2\/media?parent=12809"}],"wp:term":[{"taxonomy":"product_brand","embeddable":true,"href":"https:\/\/whalewatching.placessites.com\/cs\/wp-json\/wp\/v2\/product_brand?post=12809"},{"taxonomy":"product_cat","embeddable":true,"href":"https:\/\/whalewatching.placessites.com\/cs\/wp-json\/wp\/v2\/product_cat?post=12809"},{"taxonomy":"product_tag","embeddable":true,"href":"https:\/\/whalewatching.placessites.com\/cs\/wp-json\/wp\/v2\/product_tag?post=12809"}],"curies":[{"name":"wp","href":"https:\/\/api.w.org\/{rel}","templated":true}]}}