{"id":13400,"date":"2025-12-18T11:31:56","date_gmt":"2025-12-18T11:31:56","guid":{"rendered":"https:\/\/whalewatching.placessites.com\/?post_type=product&#038;p=13400"},"modified":"2025-12-18T11:41:20","modified_gmt":"2025-12-18T11:41:20","slug":"-271","status":"publish","type":"product","link":"https:\/\/whalewatching.placessites.com\/cs\/prohlidka\/-271\/","title":{"rendered":"Los Haitises: Zip Line, kajaky a p\u0159\u00edrodn\u00ed jez\u00edrka"},"content":{"rendered":"<p>Vezmeme si vybaven\u00ed pot\u0159ebn\u00e9 pro va\u0161i bezpe\u010dnost (z\u00e1chrann\u00e9 vesty atd.), kajaky a proj\u00ed\u017ed\u00edme mangrovov\u00fdmi ba\u017einami. Uvid\u00edte n\u011bkolik mangrovov\u00fdch porost\u016f pln\u00fdch pt\u00e1k\u016f, kopce s bujnou vegetac\u00ed. P\u0159es mangrovov\u00e9 porosty a p\u0159ist\u00e1n\u00ed v otev\u0159en\u00e9 z\u00e1toce San Lorenzo, odkud m\u016f\u017eete fotografovat drsnou lesn\u00ed krajinu. N\u00e1zev n\u00e1rodn\u00edho parku poch\u00e1z\u00ed od jeho p\u016fvodn\u00edch obyvatel, indi\u00e1n\u016f kmene Taino. V jejich jazyce \u201cHaitises\u201d znamen\u00e1 v p\u0159ekladu vyso\u010dina nebo pahorkatina, co\u017e je odkaz na strm\u00e9 geologick\u00e9 \u00fatvary pob\u0159e\u017e\u00ed s v\u00e1penci. J\u00edzda na kajaku trv\u00e1 3 hodiny.<\/p>\n<p>Trasa kon\u010d\u00ed ve v\u00fdchoz\u00edm bod\u011b v p\u0159\u00edrodn\u00edch t\u016fn\u00edch. Tam tak\u00e9 budeme jezdit na zipline. V p\u0159\u00edpad\u011b de\u0161t\u011b vym\u011bn\u00edme zip line za p\u011b\u0161\u00ed t\u00faru v de\u0161tn\u00e9m pralese.<\/p>\n<p>Doporu\u010dujeme tento v\u00fdlet brzy r\u00e1no, abychom vid\u011bli kapust\u0148\u00e1ky, kor\u00fd\u0161e a delf\u00edny.<\/p>","protected":false},"excerpt":{"rendered":"<div data-track=\"overview\" data-v-83a2b402=\"\">\n<section id=\"activity-overview\" class=\"activity-overview\" data-component=\"overview\" data-v-83a2b402=\"\" data-v-f3236c42=\"\">\n<p class=\"activity-overview__content\" data-test-id=\"activity-overview-content\" data-v-f3236c42=\"\">Prozkoumejte mangrovov\u00e9 porosty n\u00e1rodn\u00edho parku Los Haitises na kajac\u00edch. Poznejte p\u016fvodn\u00ed divokou p\u0159\u00edrodu Dominik\u00e1nsk\u00e9 republiky, u\u017eijte si j\u00edzdu na zip line skrz de\u0161tn\u00fd prales a p\u0159\u00edrodn\u00ed jez\u00edrka.<\/p>\n<\/section>\n<\/div>\n<div data-track=\"key-details\" data-v-83a2b402=\"\"><\/div>","protected":false},"featured_media":13625,"template":"","meta":[],"product_brand":[],"product_cat":[97],"product_tag":[101,102],"class_list":{"0":"post-13400","1":"product","2":"type-product","3":"status-publish","4":"has-post-thumbnail","6":"product_cat-dominican-republic","7":"product_tag-excursion","8":"product_tag-tour","10":"first","11":"instock","12":"shipping-taxable","13":"product-type-external"},"_links":{"self":[{"href":"https:\/\/whalewatching.placessites.com\/cs\/wp-json\/wp\/v2\/product\/13400","targetHints":{"allow":["GET"]}}],"collection":[{"href":"https:\/\/whalewatching.placessites.com\/cs\/wp-json\/wp\/v2\/product"}],"about":[{"href":"https:\/\/whalewatching.placessites.com\/cs\/wp-json\/wp\/v2\/types\/product"}],"version-history":[{"count":0,"href":"https:\/\/whalewatching.placessites.com\/cs\/wp-json\/wp\/v2\/product\/13400\/revisions"}],"wp:featuredmedia":[{"embeddable":true,"href":"https:\/\/whalewatching.placessites.com\/cs\/wp-json\/wp\/v2\/media\/13625"}],"wp:attachment":[{"href":"https:\/\/whalewatching.placessites.com\/cs\/wp-json\/wp\/v2\/media?parent=13400"}],"wp:term":[{"taxonomy":"product_brand","embeddable":true,"href":"https:\/\/whalewatching.placessites.com\/cs\/wp-json\/wp\/v2\/product_brand?post=13400"},{"taxonomy":"product_cat","embeddable":true,"href":"https:\/\/whalewatching.placessites.com\/cs\/wp-json\/wp\/v2\/product_cat?post=13400"},{"taxonomy":"product_tag","embeddable":true,"href":"https:\/\/whalewatching.placessites.com\/cs\/wp-json\/wp\/v2\/product_tag?post=13400"}],"curies":[{"name":"wp","href":"https:\/\/api.w.org\/{rel}","templated":true}]}}