{"id":13409,"date":"2025-12-18T11:32:19","date_gmt":"2025-12-18T11:32:19","guid":{"rendered":"https:\/\/whalewatching.placessites.com\/?post_type=product&#038;p=13409"},"modified":"2025-12-18T11:42:19","modified_gmt":"2025-12-18T11:42:19","slug":"-272","status":"publish","type":"product","link":"https:\/\/whalewatching.placessites.com\/cs\/prohlidka\/-272\/","title":{"rendered":"Bayahibe: Buggy tour amazing half-day"},"content":{"rendered":"<p>Prvn\u00ed sm\u011bna: 8:00 - 12:00 hod.<\/p>\n<p>Vyzvednut\u00ed v 8:00: Za\u010dn\u011bte sv\u016fj den vzru\u0161uj\u00edc\u00edm v\u00fdletem v bugin\u00e1ch v Bayahibe a nechte se vyzvednout pro tento jedine\u010dn\u00fd z\u00e1\u017eitek.<\/p>\n<p>Bateyes and Sugarcane: Explore the bateyes, discover the life of Haitian workers, and make a stop to taste authentic sugarcane and refreshments. Immerse yourself in the culture as you explore this fascinating environment. Chav\u00f3n River: Feel the adrenaline as you venture into the waters of the<\/p>\n<p>Chav\u00f3n River. Enjoy a revitalizing swim and participate in water activities that will connect you even more with nature.<\/p>\n<p>Ran\u010d a ochutn\u00e1vka: Vydejte se na ran\u010d, kde si u\u017eijete kulturn\u00ed a kulin\u00e1\u0159skou p\u0159est\u00e1vku. Ochutnejte tal\u00ed\u0159 \u010derstv\u00e9ho ovoce, k\u00e1vy a \u010dokol\u00e1dy p\u0159i prohl\u00eddce k\u00e1vovn\u00edku, kakaovn\u00edku a dal\u0161\u00edch tropick\u00fdch ovocn\u00fdch rostlin. Objevte kouzlo, kter\u00e9 se skr\u00fdv\u00e1 za m\u00edstn\u00ed v\u00fdrobou.<\/p>\n<p>N\u00e1vrat ve 12:00 hodin: Po dopoledni pln\u00e9m objev\u016f se ve 12:00 vr\u00e1t\u00edme do v\u00fdchoz\u00edho bodu.<\/p>\n<p>Druh\u00e1 sm\u011bna: 14:00 - 17:30 hod.<\/p>\n<p>Vyzvednut\u00ed ve 14:00: P\u0159ipravte se na odpoledne pln\u00e9 pozn\u00e1v\u00e1n\u00ed a dobrodru\u017estv\u00ed s ko\u010d\u00e1rky.<\/p>\n<p>Bateyes a cukrov\u00e1 t\u0159tina: Vydejte se na cestu do bateyes a pronikn\u011bte hloub\u011bji do \u017eivota a kultury haitsk\u00fdch d\u011bln\u00edk\u016f.<\/p>\n<p>Chav\u00f3n River: Explore the waters of the Chav\u00f3n River again, immersing yourself in the natural beauty and excitement of water activities. Ranch and Tasting: Return to the ranch for another session of cultural and culinary discovery. Explore the coffee, cacao, and other local delights while tasting new treats.<\/p>\n<p>N\u00e1vrat v 17:30: N\u00e1vrat: Prohl\u00eddku ukon\u010d\u00edme p\u0159i z\u00e1padu slunce a na m\u00edsto se vr\u00e1t\u00edme v 17:30.<\/p>","protected":false},"excerpt":{"rendered":"<div data-track=\"overview\" data-v-83a2b402=\"\">\n<section id=\"activity-overview\" class=\"activity-overview\" data-component=\"overview\" data-v-83a2b402=\"\" data-v-f3236c42=\"\">\n<p class=\"activity-overview__content\" data-test-id=\"activity-overview-content\" data-v-f3236c42=\"\">Embark on an exciting buggy tour in Bayahibe. Explore bateyes, taste sugarcane, take a dip in the Chav\u00f3n River, and fruit tasting at the ranch. available: 8:00 AM &#8211; 12:00 PM and 2:00 PM &#8211; 5:30 PM.<\/p>\n<\/section>\n<\/div>\n<div data-track=\"key-details\" data-v-83a2b402=\"\"><\/div>","protected":false},"featured_media":13633,"template":"","meta":[],"product_brand":[],"product_cat":[97],"product_tag":[101,102],"class_list":{"0":"post-13409","1":"product","2":"type-product","3":"status-publish","4":"has-post-thumbnail","6":"product_cat-dominican-republic","7":"product_tag-excursion","8":"product_tag-tour","10":"first","11":"instock","12":"shipping-taxable","13":"product-type-external"},"_links":{"self":[{"href":"https:\/\/whalewatching.placessites.com\/cs\/wp-json\/wp\/v2\/product\/13409","targetHints":{"allow":["GET"]}}],"collection":[{"href":"https:\/\/whalewatching.placessites.com\/cs\/wp-json\/wp\/v2\/product"}],"about":[{"href":"https:\/\/whalewatching.placessites.com\/cs\/wp-json\/wp\/v2\/types\/product"}],"version-history":[{"count":0,"href":"https:\/\/whalewatching.placessites.com\/cs\/wp-json\/wp\/v2\/product\/13409\/revisions"}],"wp:featuredmedia":[{"embeddable":true,"href":"https:\/\/whalewatching.placessites.com\/cs\/wp-json\/wp\/v2\/media\/13633"}],"wp:attachment":[{"href":"https:\/\/whalewatching.placessites.com\/cs\/wp-json\/wp\/v2\/media?parent=13409"}],"wp:term":[{"taxonomy":"product_brand","embeddable":true,"href":"https:\/\/whalewatching.placessites.com\/cs\/wp-json\/wp\/v2\/product_brand?post=13409"},{"taxonomy":"product_cat","embeddable":true,"href":"https:\/\/whalewatching.placessites.com\/cs\/wp-json\/wp\/v2\/product_cat?post=13409"},{"taxonomy":"product_tag","embeddable":true,"href":"https:\/\/whalewatching.placessites.com\/cs\/wp-json\/wp\/v2\/product_tag?post=13409"}],"curies":[{"name":"wp","href":"https:\/\/api.w.org\/{rel}","templated":true}]}}