{"id":13624,"date":"2025-12-18T11:40:43","date_gmt":"2025-12-18T11:40:43","guid":{"rendered":"https:\/\/whalewatching.placessites.com\/?post_type=product&#038;p=13624"},"modified":"2025-12-18T11:54:45","modified_gmt":"2025-12-18T11:54:45","slug":"-297","status":"publish","type":"product","link":"https:\/\/whalewatching.placessites.com\/cs\/prohlidka\/-297\/","title":{"rendered":"Saman\u00e1: Cayo Levantado, Isla Bacard\u00ed y la Magn\u00edfica Cascada"},"content":{"rendered":"<p>Discover the wonderful Saman\u00e1 Peninsula on an exciting day trip from Punta Cana. Immerse yourself in the natural beauty of the region while exploring its main attractions.<\/p>\n<p>We begin with a convenient pick-up service in Punta Cana, Bayahibe or B\u00e1varo, followed by a picturesque trip through the Miches area, passing through charming Dominican towns. Upon arriving at the town of La Ca\u00f1ita, we board a boat towards the Saman\u00e1 peninsula.<\/p>\n<p>Once there, we delve into the lush mountainous jungle aboard an exciting truck safari. Enjoy a peaceful horseback ride to the impressive El L\u00edmon waterfall, where you can cool off with a dip under its flowing falls, surrounded by the most exotic nature.<\/p>\n<p>Then, we return to the dock to enjoy a delicious lunch of authentic Dominican cuisine.<\/p>\n<p>The adventure continues with a relaxing catamaran cruise to Cayo Levanto. Enjoy 90 minutes of rest on its white sand beaches and crystal clear waters.<\/p>\n<div class=\"toggle-content__content toggle-content__content--expanded toggle-content__content--packable\" data-v-59485d64=\"\">\n<div data-test-id=\"activity-full-description-text\" data-v-5835c99c=\"\">Finally, we return to La Ca\u00f1ita to take the bus back to your accommodation, with our hearts full of memories of an unforgettable day on the impressive Saman\u00e1 Peninsula.<\/div>\n<\/div>\n<div class=\"toggle-content__label-placeholder\" data-v-59485d64=\"\"><\/div>","protected":false},"excerpt":{"rendered":"<div data-track=\"overview\" data-v-83a2b402=\"\">\n<section id=\"activity-overview\" class=\"activity-overview\" data-component=\"overview\" data-v-83a2b402=\"\" data-v-f3236c42=\"\">\n<p class=\"activity-overview__content\" data-test-id=\"activity-overview-content\" data-v-f3236c42=\"\">Discover the magic of Saman\u00e1: Explore paradise in Cayo Levantado, reveal the secrets of Bacardi Island and marvel at the spectacular waterfall.<\/p>\n<\/section>\n<\/div>\n<div data-track=\"key-details\" data-v-83a2b402=\"\"><\/div>","protected":false},"featured_media":13915,"template":"","meta":[],"product_brand":[],"product_cat":[97],"product_tag":[101,102],"class_list":{"0":"post-13624","1":"product","2":"type-product","3":"status-publish","4":"has-post-thumbnail","6":"product_cat-dominican-republic","7":"product_tag-excursion","8":"product_tag-tour","10":"first","11":"instock","12":"shipping-taxable","13":"product-type-external"},"_links":{"self":[{"href":"https:\/\/whalewatching.placessites.com\/cs\/wp-json\/wp\/v2\/product\/13624","targetHints":{"allow":["GET"]}}],"collection":[{"href":"https:\/\/whalewatching.placessites.com\/cs\/wp-json\/wp\/v2\/product"}],"about":[{"href":"https:\/\/whalewatching.placessites.com\/cs\/wp-json\/wp\/v2\/types\/product"}],"version-history":[{"count":0,"href":"https:\/\/whalewatching.placessites.com\/cs\/wp-json\/wp\/v2\/product\/13624\/revisions"}],"wp:featuredmedia":[{"embeddable":true,"href":"https:\/\/whalewatching.placessites.com\/cs\/wp-json\/wp\/v2\/media\/13915"}],"wp:attachment":[{"href":"https:\/\/whalewatching.placessites.com\/cs\/wp-json\/wp\/v2\/media?parent=13624"}],"wp:term":[{"taxonomy":"product_brand","embeddable":true,"href":"https:\/\/whalewatching.placessites.com\/cs\/wp-json\/wp\/v2\/product_brand?post=13624"},{"taxonomy":"product_cat","embeddable":true,"href":"https:\/\/whalewatching.placessites.com\/cs\/wp-json\/wp\/v2\/product_cat?post=13624"},{"taxonomy":"product_tag","embeddable":true,"href":"https:\/\/whalewatching.placessites.com\/cs\/wp-json\/wp\/v2\/product_tag?post=13624"}],"curies":[{"name":"wp","href":"https:\/\/api.w.org\/{rel}","templated":true}]}}