{"id":13670,"date":"2025-12-18T11:43:17","date_gmt":"2025-12-18T11:43:17","guid":{"rendered":"https:\/\/whalewatching.placessites.com\/?post_type=product&#038;p=13670"},"modified":"2025-12-18T11:56:07","modified_gmt":"2025-12-18T11:56:07","slug":"-301","status":"publish","type":"product","link":"https:\/\/whalewatching.placessites.com\/cs\/prohlidka\/-301\/","title":{"rendered":"From Punta Cana: Santo Domingo City Tour"},"content":{"rendered":"<p>Santo Domingo is a magical city, full of history, culture and amazing landscapes. Explore the oldest Capital of the \u201cNew\u201d World, Santo Domingo, the first city founded in America.<\/p>\n<p>Tato prohl\u00eddka v\u00e1m uk\u00e1\u017ee m\u011bsto pln\u00e9 historie a kultury. Skv\u011bl\u00e1 aktivita pro celou rodinu.<\/p>\n<p>- Vyzvedneme v\u00e1s v hotelu a vyd\u00e1me se na neuv\u011b\u0159iteln\u00fd v\u00fdlet do Santo Dominga, b\u011bhem kter\u00e9ho uvid\u00edte neuv\u011b\u0159iteln\u00e9 detaily o kultu\u0159e Dominik\u00e1nsk\u00e9 republiky.<\/p>\n<p>- Po p\u0159\u00edjezdu do Santo Dominga nav\u0161t\u00edv\u00edte neuv\u011b\u0159iteln\u00e9 cenoty n\u00e1rodn\u00edho parku Los Tres Ojos, kter\u00e9 jsou mimo\u0159\u00e1dn\u011b p\u0159\u00edrodn\u00ed a kouzeln\u00e9.<\/p>\n<p>- Projdeme se koloni\u00e1ln\u00ed z\u00f3nou, romantickou ulic\u00ed, prvn\u00ed v Americe, \u201cThe Ladies\u201d. Vychutn\u00e1me si starobyl\u00e9, ale malebn\u00e9 panorama.<\/p>\n<div class=\"toggle-content__content toggle-content__content--expanded toggle-content__content--packable\" data-v-59485d64=\"\">\n<div data-test-id=\"activity-full-description-text\" data-v-5835c99c=\"\">It operates every day. Its approximate total duration is 10 hours.<\/div>\n<\/div>\n<div class=\"toggle-content__label-placeholder\" data-v-59485d64=\"\"><\/div>","protected":false},"excerpt":{"rendered":"<div data-track=\"overview\" data-v-83a2b402=\"\">\n<section id=\"activity-overview\" class=\"activity-overview\" data-component=\"overview\" data-v-83a2b402=\"\" data-v-f3236c42=\"\">\n<p class=\"activity-overview__content\" data-test-id=\"activity-overview-content\" data-v-f3236c42=\"\">Discover the magical city of Santa Domingo with a guide on this all-inclusive tour. Explore the city and visit famous landmarks like the Colonial Zone, the Cenotes of Los Tres Ojos National Park, and much more.<\/p>\n<\/section>\n<\/div>\n<div data-track=\"key-details\" data-v-83a2b402=\"\"><\/div>","protected":false},"featured_media":13942,"template":"","meta":[],"product_brand":[],"product_cat":[97],"product_tag":[101,102],"class_list":{"0":"post-13670","1":"product","2":"type-product","3":"status-publish","4":"has-post-thumbnail","6":"product_cat-dominican-republic","7":"product_tag-excursion","8":"product_tag-tour","10":"first","11":"instock","12":"shipping-taxable","13":"product-type-external"},"_links":{"self":[{"href":"https:\/\/whalewatching.placessites.com\/cs\/wp-json\/wp\/v2\/product\/13670","targetHints":{"allow":["GET"]}}],"collection":[{"href":"https:\/\/whalewatching.placessites.com\/cs\/wp-json\/wp\/v2\/product"}],"about":[{"href":"https:\/\/whalewatching.placessites.com\/cs\/wp-json\/wp\/v2\/types\/product"}],"version-history":[{"count":0,"href":"https:\/\/whalewatching.placessites.com\/cs\/wp-json\/wp\/v2\/product\/13670\/revisions"}],"wp:featuredmedia":[{"embeddable":true,"href":"https:\/\/whalewatching.placessites.com\/cs\/wp-json\/wp\/v2\/media\/13942"}],"wp:attachment":[{"href":"https:\/\/whalewatching.placessites.com\/cs\/wp-json\/wp\/v2\/media?parent=13670"}],"wp:term":[{"taxonomy":"product_brand","embeddable":true,"href":"https:\/\/whalewatching.placessites.com\/cs\/wp-json\/wp\/v2\/product_brand?post=13670"},{"taxonomy":"product_cat","embeddable":true,"href":"https:\/\/whalewatching.placessites.com\/cs\/wp-json\/wp\/v2\/product_cat?post=13670"},{"taxonomy":"product_tag","embeddable":true,"href":"https:\/\/whalewatching.placessites.com\/cs\/wp-json\/wp\/v2\/product_tag?post=13670"}],"curies":[{"name":"wp","href":"https:\/\/api.w.org\/{rel}","templated":true}]}}