{"id":13773,"date":"2025-12-18T11:47:20","date_gmt":"2025-12-18T11:47:20","guid":{"rendered":"https:\/\/whalewatching.placessites.com\/?post_type=product&#038;p=13773"},"modified":"2025-12-18T11:59:07","modified_gmt":"2025-12-18T11:59:07","slug":"-309","status":"publish","type":"product","link":"https:\/\/whalewatching.placessites.com\/cs\/prohlidka\/-309\/","title":{"rendered":"Punta Cana: Proj\u00ed\u017e\u010fka na koni p\u0159i z\u00e1padu slunce na pl\u00e1\u017ei a v lese Macao"},"content":{"rendered":"<p><strong>Punta Cana: Proj\u00ed\u017e\u010fka na koni p\u0159i z\u00e1padu slunce na pl\u00e1\u017ei a v lese Macao<\/strong><\/p>\n<p>Vydejte se na exkluzivn\u00ed proj\u00ed\u017e\u010fku na koni p\u0159i z\u00e1padu slunce do \u0159\u00ed\u0161e \u010dist\u00e9ho klidu a p\u0159\u00edrodn\u00edch kr\u00e1s. Toto n\u00e1dhern\u00e9 dobrodru\u017estv\u00ed v\u00e1s vt\u00e1hne do n\u00e1dhery pl\u00e1\u017ee Macao a zelen\u00fdch lesn\u00edch porost\u016f. P\u0159edstavte si sami sebe na majest\u00e1tn\u00edm o\u0159i, jak zlat\u00e9 paprsky zapadaj\u00edc\u00edho slunce tan\u010d\u00ed na obzoru a vrhaj\u00ed na krajinu fascinuj\u00edc\u00ed z\u00e1\u0159i.<\/p>\n<p>Na\u0161e zku\u0161enosti se v\u0161ak li\u0161\u00ed pe\u010dlivost\u00ed, s jakou se v\u011bnujeme detail\u016fm. Od okam\u017eiku, kdy si v\u00fdlet rezervujete, je doprava hladce zaji\u0161t\u011bna, aby va\u0161e cesta na v\u00fdlet a z n\u011bj prob\u011bhla co nejplynuleji.<\/p>\n<p>A proto\u017ee si uv\u011bdomujeme, \u017ee pozn\u00e1v\u00e1n\u00ed jde \u010dasto ruku v ruce s po\u017eitk\u00e1\u0159stv\u00edm, za\u0159adili jsme do va\u0161eho itiner\u00e1\u0159e bezplatnou zast\u00e1vku na n\u00e1kupy. Nesp\u011bchejte s prohl\u00eddkou m\u00edstn\u00edch poklad\u016f a suven\u00fdr\u016f, abyste si mohli nav\u017edy uchovat to nejlep\u0161\u00ed z Dominik\u00e1nsk\u00e9 republiky.<\/p>\n<p>Tento z\u00e1jezd nen\u00ed jen o prohl\u00eddce pam\u00e1tek - vytv\u00e1\u0159\u00ed nezapomenuteln\u00e9 okam\u017eiky, kter\u00e9 v\u00e1m z\u016fstanou v pam\u011bti je\u0161t\u011b dlouho po skon\u010den\u00ed cesty. Je ide\u00e1ln\u00ed pro ty, kte\u0159\u00ed tou\u017e\u00ed po dobrodru\u017estv\u00ed, ale d\u00e1vaj\u00ed p\u0159ednost stru\u010dn\u00e9mu cestov\u00e1n\u00ed, tak\u017ee je ide\u00e1ln\u00ed volbou pro hosty, kte\u0159\u00ed hledaj\u00ed kr\u00e1tk\u00fd \u00fanik z pohodl\u00ed sv\u00e9ho hotelu nebo Airbnb.<\/p>\n<p>Nenechte si tuto p\u0159\u00edle\u017eitost uj\u00edt. Vydejte se s n\u00e1mi za nev\u0161edn\u00edm z\u00e1\u017eitkem, kter\u00fd rozn\u00edt\u00ed va\u0161e smysly a vyraz\u00ed v\u00e1m dech. Rezervujte si ho nyn\u00ed a nechte se v\u00e9st na cest\u011b pln\u00e9 objev\u016f a z\u00e1zrak\u016f.<\/p>","protected":false},"excerpt":{"rendered":"<div data-track=\"overview\" data-v-83a2b402=\"\">\n<section id=\"activity-overview\" class=\"activity-overview\" data-component=\"overview\" data-v-83a2b402=\"\" data-v-f3236c42=\"\">\n<p class=\"activity-overview__content\" data-test-id=\"activity-overview-content\" data-v-f3236c42=\"\">Objevte okouzluj\u00edc\u00ed p\u016fvab pl\u00e1\u017ee a lesa Macao b\u011bhem fascinuj\u00edc\u00ed proj\u00ed\u017e\u010fky na koni p\u0159i z\u00e1padu slunce, p\u0159i n\u00ed\u017e je zaji\u0161t\u011bna bezprobl\u00e9mov\u00e1 doprava.<\/p>\n<\/section>\n<\/div>\n<div data-track=\"key-details\" data-v-83a2b402=\"\"><\/div>","protected":false},"featured_media":14021,"template":"","meta":[],"product_brand":[],"product_cat":[97],"product_tag":[101,102],"class_list":{"0":"post-13773","1":"product","2":"type-product","3":"status-publish","4":"has-post-thumbnail","6":"product_cat-dominican-republic","7":"product_tag-excursion","8":"product_tag-tour","10":"first","11":"instock","12":"sale","13":"shipping-taxable","14":"product-type-external"},"_links":{"self":[{"href":"https:\/\/whalewatching.placessites.com\/cs\/wp-json\/wp\/v2\/product\/13773","targetHints":{"allow":["GET"]}}],"collection":[{"href":"https:\/\/whalewatching.placessites.com\/cs\/wp-json\/wp\/v2\/product"}],"about":[{"href":"https:\/\/whalewatching.placessites.com\/cs\/wp-json\/wp\/v2\/types\/product"}],"version-history":[{"count":0,"href":"https:\/\/whalewatching.placessites.com\/cs\/wp-json\/wp\/v2\/product\/13773\/revisions"}],"wp:featuredmedia":[{"embeddable":true,"href":"https:\/\/whalewatching.placessites.com\/cs\/wp-json\/wp\/v2\/media\/14021"}],"wp:attachment":[{"href":"https:\/\/whalewatching.placessites.com\/cs\/wp-json\/wp\/v2\/media?parent=13773"}],"wp:term":[{"taxonomy":"product_brand","embeddable":true,"href":"https:\/\/whalewatching.placessites.com\/cs\/wp-json\/wp\/v2\/product_brand?post=13773"},{"taxonomy":"product_cat","embeddable":true,"href":"https:\/\/whalewatching.placessites.com\/cs\/wp-json\/wp\/v2\/product_cat?post=13773"},{"taxonomy":"product_tag","embeddable":true,"href":"https:\/\/whalewatching.placessites.com\/cs\/wp-json\/wp\/v2\/product_tag?post=13773"}],"curies":[{"name":"wp","href":"https:\/\/api.w.org\/{rel}","templated":true}]}}