{"id":14540,"date":"2025-12-18T12:22:01","date_gmt":"2025-12-18T12:22:01","guid":{"rendered":"https:\/\/whalewatching.placessites.com\/?post_type=product&#038;p=14540"},"modified":"2025-12-18T12:33:39","modified_gmt":"2025-12-18T12:33:39","slug":"ze-samany-los-haitises-vylet-lodi-a-pesky-s-obedem","status":"publish","type":"product","link":"https:\/\/whalewatching.placessites.com\/cs\/prohlidka\/ze-samany-los-haitises-vylet-lodi-a-pesky-s-obedem\/","title":{"rendered":"From Samana: Los Haitises Boat and Walking Tour with Lunch"},"content":{"rendered":"<p>Vydejte se na celodenn\u00ed v\u00fdlet ze Saman\u00e1 do n\u00e1rodn\u00edho parku Los Haitises. B\u011bhem plavby lod\u00ed se m\u016f\u017eete kochat p\u0159\u00edrodn\u00edmi kr\u00e1sami parku a pozorovat r\u016fzn\u00e9 barevn\u00e9 druhy \u017eivo\u010dich\u016f. Na rajsk\u00e9m ostrov\u011b Cayo Levantado si vychutnejte typick\u00fd dominik\u00e1nsk\u00fd ob\u011bd formou bufetu.<\/p>\n<p>Nalo\u010fte se v p\u0159\u00edstavu Saman\u00e1 na pohodlnou lo\u010f a vydejte se na plavbu po mnoha ostr\u016fvc\u00edch, kter\u00e9 tvo\u0159\u00ed n\u00e1rodn\u00ed park Los Haitises. Prohl\u00e9dn\u011bte si p\u0159\u00edrodn\u00ed zaj\u00edmavosti parku, jako jsou mangrovov\u00e9 porosty, a n\u011bkter\u00e9 druhy pt\u00e1k\u016f, jako jsou pelik\u00e1ni, volavky a jest\u0159\u00e1b Ridgway\u016fv.<\/p>\n<p>Ud\u011blejte si \u010das na proch\u00e1zku historick\u00fdmi jeskyn\u011bmi a n\u00e1dhern\u00fdmi bujn\u00fdmi scen\u00e9riemi. Obdivujte jeskyn\u011b, v nich\u017e se nach\u00e1z\u00ed jeden z nejv\u011bt\u0161\u00edch po\u010dt\u016f domorod\u00fdch petroglyf\u016f a piktogram\u016f v zemi.<\/p>\n<div class=\"toggle-content__content toggle-content__content--expanded toggle-content__content--packable\" data-v-59485d64=\"\">\n<div data-test-id=\"activity-full-description-text\" data-v-5835c99c=\"\">Vydejte se na ostrov Cayo Levantado, zn\u00e1m\u00fd tak\u00e9 jako ostrov Bacardi, a vychutnejte si malebn\u00e9 pl\u00e1\u017ee t\u00e9to destinace a ob\u011bd formou bufetu pln\u00fd lahodn\u00fdch chut\u00ed, ne\u017e se vr\u00e1t\u00edte na m\u00edsto setk\u00e1n\u00ed.<\/div>\n<\/div>\n<div class=\"toggle-content__label-placeholder\" data-v-59485d64=\"\"><\/div>\n<div data-v-59485d64=\"\"><\/div>","protected":false},"excerpt":{"rendered":"<div data-track=\"overview\" data-v-83a2b402=\"\">\n<section id=\"activity-overview\" class=\"activity-overview\" data-component=\"overview\" data-v-83a2b402=\"\" data-v-f3236c42=\"\">\n<p class=\"activity-overview__content\" data-test-id=\"activity-overview-content\" data-v-f3236c42=\"\">Objevte n\u00e1rodn\u00ed park Los Haitises b\u011bhem celodenn\u00edho v\u00fdletu lod\u00ed z m\u011bsta Saman\u00e1 s pr\u016fvodcem. Prozkoumejte jeskyn\u011b p\u011b\u0161ky a vychutnejte si dominik\u00e1nsk\u00fd ob\u011bd formou bufetu na malebn\u00e9m ostrov\u011b Cayo Levantado.<\/p>\n<\/section>\n<\/div>\n<div data-track=\"key-details\" data-v-83a2b402=\"\"><\/div>","protected":false},"featured_media":14766,"template":"","meta":[],"product_brand":[],"product_cat":[97],"product_tag":[101,102],"class_list":{"0":"post-14540","1":"product","2":"type-product","3":"status-publish","4":"has-post-thumbnail","6":"product_cat-dominican-republic","7":"product_tag-excursion","8":"product_tag-tour","10":"first","11":"instock","12":"shipping-taxable","13":"product-type-external"},"_links":{"self":[{"href":"https:\/\/whalewatching.placessites.com\/cs\/wp-json\/wp\/v2\/product\/14540","targetHints":{"allow":["GET"]}}],"collection":[{"href":"https:\/\/whalewatching.placessites.com\/cs\/wp-json\/wp\/v2\/product"}],"about":[{"href":"https:\/\/whalewatching.placessites.com\/cs\/wp-json\/wp\/v2\/types\/product"}],"version-history":[{"count":0,"href":"https:\/\/whalewatching.placessites.com\/cs\/wp-json\/wp\/v2\/product\/14540\/revisions"}],"wp:featuredmedia":[{"embeddable":true,"href":"https:\/\/whalewatching.placessites.com\/cs\/wp-json\/wp\/v2\/media\/14766"}],"wp:attachment":[{"href":"https:\/\/whalewatching.placessites.com\/cs\/wp-json\/wp\/v2\/media?parent=14540"}],"wp:term":[{"taxonomy":"product_brand","embeddable":true,"href":"https:\/\/whalewatching.placessites.com\/cs\/wp-json\/wp\/v2\/product_brand?post=14540"},{"taxonomy":"product_cat","embeddable":true,"href":"https:\/\/whalewatching.placessites.com\/cs\/wp-json\/wp\/v2\/product_cat?post=14540"},{"taxonomy":"product_tag","embeddable":true,"href":"https:\/\/whalewatching.placessites.com\/cs\/wp-json\/wp\/v2\/product_tag?post=14540"}],"curies":[{"name":"wp","href":"https:\/\/api.w.org\/{rel}","templated":true}]}}