{"id":15730,"date":"2025-12-18T13:18:50","date_gmt":"2025-12-18T13:18:50","guid":{"rendered":"https:\/\/whalewatching.placessites.com\/?post_type=product&#038;p=15730"},"modified":"2025-12-19T10:18:33","modified_gmt":"2025-12-19T10:18:33","slug":"-515","status":"publish","type":"product","link":"https:\/\/whalewatching.placessites.com\/cs\/prohlidka\/-515\/","title":{"rendered":"Prohl\u00eddka lod\u00ed Cano Hondo Natural Pools &amp; Los Haitises"},"content":{"rendered":"<p>N\u00e1v\u0161t\u011bva n\u00e1rodn\u00edho parku Los Haitises v mal\u00fdch skupink\u00e1ch, kter\u00e9 si mohou vychutnat z\u00e1kladn\u00ed p\u0159\u00edrodn\u00ed koupali\u0161t\u011b v tomto n\u00e1rodn\u00edm parku.<\/p>\n<p>ob\u011bd bude p\u0159ipraven z m\u00edstn\u00ed kuchyn\u011b a v\u00fdlet lod\u00ed do jeskyn\u00ed bude jedine\u010dn\u00fd.<\/p>\n<p>Skv\u011bl\u00e1 p\u0159\u00edrodn\u00ed a kulturn\u00ed mozaika!<\/p>\n<p>N\u00e1rodn\u00ed park Los Haitises (jeho\u017e n\u00e1zev znamen\u00e1 v jazyce star\u00fdch Tain\u016f \u201cvysok\u00e1 zem\u011b\u201d nebo \u201chora\u201d) je jednou z nejv\u00fdznamn\u011bj\u0161\u00edch chr\u00e1n\u011bn\u00fdch p\u0159\u00edrodn\u00edch oblast\u00ed Dominik\u00e1nsk\u00e9 republiky. Rozkl\u00e1d\u00e1 se na plo\u0161e p\u0159ibli\u017en\u011b 1 600 km2, kter\u00e1 je sou\u010d\u00e1st\u00ed rozs\u00e1hl\u00e9ho krasov\u00e9ho syst\u00e9mu vznikl\u00e9ho p\u0159ed 50 miliony let, a zahrnuje bohatou mozaiku mo\u0159sk\u00fdch a suchozemsk\u00fdch ekosyst\u00e9m\u016f: \u00fast\u00ed \u0159ek, z\u00e1toky, z\u00e1livy, kl\u00edny a mogoty - zvl\u00e1\u0161tn\u00ed ku\u017eelovit\u00e9 skaln\u00ed \u00fatvary, kter\u00e9 jsou charakteristick\u00fdm rysem krajiny t\u00e9to oblasti -, stejn\u011b jako z\u00e1vrty, mangrovy atd. Jin\u00fdmi slovy, jedn\u00e1 se o obrovsk\u00fd park pln\u00fd p\u0159\u00edrodn\u00edch zaj\u00edmavost\u00ed, kde si m\u016f\u017eete u\u017e\u00edt jedine\u010dn\u00e1 dobrodru\u017estv\u00ed.<\/p>\n<div class=\"toggle-content__content toggle-content__content--expanded toggle-content__content--packable\" data-v-59485d64=\"\">\n<div data-test-id=\"activity-full-description-text\" data-v-5835c99c=\"\">Po n\u00e1v\u0161t\u011bv\u011b Los Haitises se zam\u011b\u0159\u00edme na m\u00edstn\u00ed ob\u011bd s voln\u00fdm \u010dasem na p\u0159\u00edrodn\u00ed baz\u00e9ny v hotelech Cano hondo.<\/div>\n<\/div>\n<div class=\"toggle-content__label-placeholder\" data-v-59485d64=\"\"><\/div>","protected":false},"excerpt":{"rendered":"<div data-track=\"overview\" data-v-83a2b402=\"\">\n<section id=\"activity-overview\" class=\"activity-overview\" data-component=\"overview\" data-v-83a2b402=\"\" data-v-f3236c42=\"\">\n<p class=\"activity-overview__content\" data-test-id=\"activity-overview-content\" data-v-f3236c42=\"\">Prozkoumejte n\u00e1rodn\u00ed park Los Haitises s v\u00fdletem lod\u00ed do jeskyn\u00ed kolem n\u00e1dhern\u00e9 mangrovov\u00e9 vegetace a Skalnat\u00e9ho ostrova! Za\u017eijte jeskyn\u011b Tain\u016f a u\u017eijte si p\u0159\u00edrodn\u00ed jez\u00edrka v Cano Hondo<\/p>\n<\/section>\n<\/div>\n<div data-track=\"key-details\" data-v-83a2b402=\"\"><\/div>","protected":false},"featured_media":14561,"template":"","meta":[],"product_brand":[],"product_cat":[97],"product_tag":[101,102],"class_list":{"0":"post-15730","1":"product","2":"type-product","3":"status-publish","4":"has-post-thumbnail","6":"product_cat-dominican-republic","7":"product_tag-excursion","8":"product_tag-tour","10":"first","11":"instock","12":"shipping-taxable","13":"product-type-external"},"_links":{"self":[{"href":"https:\/\/whalewatching.placessites.com\/cs\/wp-json\/wp\/v2\/product\/15730","targetHints":{"allow":["GET"]}}],"collection":[{"href":"https:\/\/whalewatching.placessites.com\/cs\/wp-json\/wp\/v2\/product"}],"about":[{"href":"https:\/\/whalewatching.placessites.com\/cs\/wp-json\/wp\/v2\/types\/product"}],"version-history":[{"count":0,"href":"https:\/\/whalewatching.placessites.com\/cs\/wp-json\/wp\/v2\/product\/15730\/revisions"}],"wp:featuredmedia":[{"embeddable":true,"href":"https:\/\/whalewatching.placessites.com\/cs\/wp-json\/wp\/v2\/media\/14561"}],"wp:attachment":[{"href":"https:\/\/whalewatching.placessites.com\/cs\/wp-json\/wp\/v2\/media?parent=15730"}],"wp:term":[{"taxonomy":"product_brand","embeddable":true,"href":"https:\/\/whalewatching.placessites.com\/cs\/wp-json\/wp\/v2\/product_brand?post=15730"},{"taxonomy":"product_cat","embeddable":true,"href":"https:\/\/whalewatching.placessites.com\/cs\/wp-json\/wp\/v2\/product_cat?post=15730"},{"taxonomy":"product_tag","embeddable":true,"href":"https:\/\/whalewatching.placessites.com\/cs\/wp-json\/wp\/v2\/product_tag?post=15730"}],"curies":[{"name":"wp","href":"https:\/\/api.w.org\/{rel}","templated":true}]}}