{"id":16027,"date":"2025-12-18T13:31:32","date_gmt":"2025-12-18T13:31:32","guid":{"rendered":"https:\/\/whalewatching.placessites.com\/?post_type=product&#038;p=16027"},"modified":"2025-12-18T13:40:54","modified_gmt":"2025-12-18T13:40:54","slug":"-551","status":"publish","type":"product","link":"https:\/\/whalewatching.placessites.com\/cs\/prohlidka\/-551\/","title":{"rendered":"Party boat punta cana"},"content":{"rendered":"<p>Party boat. Get the true Caribbean feeling with this incredible 3-hour trip. We go up directly from the beach, sail along the beautiful coast of B\u00e1varo until we reach a natural reef for snorkeling, then sail towards the famous natural pool. Have a drink in waist-deep warm water and have a lot of fun. Drinks, music, everything included! Then we go to the natural pool to enjoy a pleasant swim in calm waters with national drinks and snacks included.<\/p>\n<p>Barco de fiesta. Consigue la verdadera sensaci\u00f3n caribe\u00f1a con este incre\u00edble viaje de 3 horas. Subimos directamente desde la playa, navegamos a lo largo de la hermosa costa de B\u00e1varo hasta llegar a un arrecife natural para bucear, luego navegamos hacia la famosa piscina natural. T\u00f3mate una copa en aguas c\u00e1lidas en la cintura y divi\u00e9rtete mucho. \u00a1Bebidas, m\u00fasica, todo incluido!<\/p>\n<p>&nbsp;<\/p>\n<div class=\"toggle-content__content toggle-content__content--expanded toggle-content__content--packable\" data-v-59485d64=\"\">\n<div data-test-id=\"activity-full-description-text\" data-v-5835c99c=\"\">Luego vamos a la piscina natural para disfrutar de un agradable ba\u00f1o en aguas tranquilas con bebidas nacionales y aperitivos incluidos.<\/div>\n<\/div>\n<div class=\"toggle-content__label-placeholder\" data-v-59485d64=\"\"><\/div>","protected":false},"excerpt":{"rendered":"<div data-track=\"overview\" data-v-83a2b402=\"\">\n<section id=\"activity-overview\" class=\"activity-overview\" data-component=\"overview\" data-v-83a2b402=\"\" data-v-f3236c42=\"\">\n<p class=\"activity-overview__content\" data-test-id=\"activity-overview-content\" data-v-f3236c42=\"\">best boat party experience, free drinks, snorkeling and more<\/p>\n<\/section>\n<\/div>\n<div data-track=\"key-details\" data-v-83a2b402=\"\"><\/div>","protected":false},"featured_media":16215,"template":"","meta":[],"product_brand":[],"product_cat":[97],"product_tag":[101,102],"class_list":{"0":"post-16027","1":"product","2":"type-product","3":"status-publish","4":"has-post-thumbnail","6":"product_cat-dominican-republic","7":"product_tag-excursion","8":"product_tag-tour","10":"first","11":"instock","12":"shipping-taxable","13":"product-type-external"},"_links":{"self":[{"href":"https:\/\/whalewatching.placessites.com\/cs\/wp-json\/wp\/v2\/product\/16027","targetHints":{"allow":["GET"]}}],"collection":[{"href":"https:\/\/whalewatching.placessites.com\/cs\/wp-json\/wp\/v2\/product"}],"about":[{"href":"https:\/\/whalewatching.placessites.com\/cs\/wp-json\/wp\/v2\/types\/product"}],"version-history":[{"count":0,"href":"https:\/\/whalewatching.placessites.com\/cs\/wp-json\/wp\/v2\/product\/16027\/revisions"}],"wp:featuredmedia":[{"embeddable":true,"href":"https:\/\/whalewatching.placessites.com\/cs\/wp-json\/wp\/v2\/media\/16215"}],"wp:attachment":[{"href":"https:\/\/whalewatching.placessites.com\/cs\/wp-json\/wp\/v2\/media?parent=16027"}],"wp:term":[{"taxonomy":"product_brand","embeddable":true,"href":"https:\/\/whalewatching.placessites.com\/cs\/wp-json\/wp\/v2\/product_brand?post=16027"},{"taxonomy":"product_cat","embeddable":true,"href":"https:\/\/whalewatching.placessites.com\/cs\/wp-json\/wp\/v2\/product_cat?post=16027"},{"taxonomy":"product_tag","embeddable":true,"href":"https:\/\/whalewatching.placessites.com\/cs\/wp-json\/wp\/v2\/product_tag?post=16027"}],"curies":[{"name":"wp","href":"https:\/\/api.w.org\/{rel}","templated":true}]}}