{"id":17079,"date":"2025-12-18T14:21:33","date_gmt":"2025-12-18T14:21:33","guid":{"rendered":"https:\/\/whalewatching.placessites.com\/?post_type=product&#038;p=17079"},"modified":"2025-12-18T14:24:00","modified_gmt":"2025-12-18T14:24:00","slug":"punta-cana-1-smer-soukromy-transfer-2","status":"publish","type":"product","link":"https:\/\/whalewatching.placessites.com\/cs\/prohlidka\/punta-cana-1-smer-soukromy-transfer-2\/","title":{"rendered":"Punta Cana: jednosm\u011brn\u00fd soukrom\u00fd transfer"},"content":{"rendered":"<p><strong>Punta Cana: jednosm\u011brn\u00fd soukrom\u00fd transfer<\/strong><\/p>\n<p>Kdy\u017e si objedn\u00e1te soukrom\u00fd transfer, rezervujete si pohodlnou jednosm\u011brnou cestu z leti\u0161t\u011b Punta Cana do sv\u00e9ho hotelu v Punta Can\u011b nebo naopak. Krom\u011b toho m\u00e1te mo\u017enost zajistit si jednosm\u011brn\u00fd transfer z leti\u0161t\u011b do Macaa nebo Uvero Alto.<\/p>\n<p>Po p\u0159\u00edletu na leti\u0161t\u011b si dejte pozor na zdvo\u0159il\u00e9ho \u0159idi\u010de s cedulkou s va\u0161\u00edm jm\u00e9nem, kter\u00fd v\u00e1m pom\u016f\u017ee se zavazadly a odvede v\u00e1s do pohodln\u00e9ho a klimatizovan\u00e9ho vozidla.<\/p>\n<p>Pokud odj\u00ed\u017ed\u00edte z hotelu, pozorn\u00fd \u0159idi\u010d se s v\u00e1mi setk\u00e1 ve vstupn\u00ed hale a zajist\u00ed v\u00e1m hladkou a bezprobl\u00e9movou cestu na leti\u0161t\u011b. A\u017e budete odpo\u010d\u00edvat v dob\u0159e vybaven\u00e9m vozidle, kochejte se \u00fachvatnou krajinou pod\u00e9l cesty.<\/p>\n<p>M\u016f\u017eete si b\u00fdt jisti, \u017ee do c\u00edle doraz\u00edte s dostate\u010dnou \u010dasovou rezervou, abyste mohli v klidu a beze sp\u011bchu zah\u00e1jit cestu nebo se vr\u00e1tit dom\u016f.<\/p>","protected":false},"excerpt":{"rendered":"<p>Rezervujte si soukrom\u00fd transfer z mezin\u00e1rodn\u00edho leti\u0161t\u011b Punta Cana (PUJ) do sv\u00e9ho hotelu v Punta Can\u011b. Cestujte pohodln\u00fdm klimatizovan\u00fdm vozem p\u0159ed nebo po dlouh\u00e9 cest\u011b.<\/p>","protected":false},"featured_media":17122,"template":"","meta":[],"product_brand":[],"product_cat":[97],"product_tag":[101,102],"class_list":{"0":"post-17079","1":"product","2":"type-product","3":"status-publish","4":"has-post-thumbnail","6":"product_cat-dominican-republic","7":"product_tag-excursion","8":"product_tag-tour","10":"first","11":"instock","12":"shipping-taxable","13":"product-type-external"},"_links":{"self":[{"href":"https:\/\/whalewatching.placessites.com\/cs\/wp-json\/wp\/v2\/product\/17079","targetHints":{"allow":["GET"]}}],"collection":[{"href":"https:\/\/whalewatching.placessites.com\/cs\/wp-json\/wp\/v2\/product"}],"about":[{"href":"https:\/\/whalewatching.placessites.com\/cs\/wp-json\/wp\/v2\/types\/product"}],"version-history":[{"count":0,"href":"https:\/\/whalewatching.placessites.com\/cs\/wp-json\/wp\/v2\/product\/17079\/revisions"}],"wp:featuredmedia":[{"embeddable":true,"href":"https:\/\/whalewatching.placessites.com\/cs\/wp-json\/wp\/v2\/media\/17122"}],"wp:attachment":[{"href":"https:\/\/whalewatching.placessites.com\/cs\/wp-json\/wp\/v2\/media?parent=17079"}],"wp:term":[{"taxonomy":"product_brand","embeddable":true,"href":"https:\/\/whalewatching.placessites.com\/cs\/wp-json\/wp\/v2\/product_brand?post=17079"},{"taxonomy":"product_cat","embeddable":true,"href":"https:\/\/whalewatching.placessites.com\/cs\/wp-json\/wp\/v2\/product_cat?post=17079"},{"taxonomy":"product_tag","embeddable":true,"href":"https:\/\/whalewatching.placessites.com\/cs\/wp-json\/wp\/v2\/product_tag?post=17079"}],"curies":[{"name":"wp","href":"https:\/\/api.w.org\/{rel}","templated":true}]}}