{"id":18154,"date":"2025-12-18T15:09:08","date_gmt":"2025-12-18T15:09:08","guid":{"rendered":"https:\/\/whalewatching.placessites.com\/?post_type=product&#038;p=18154"},"modified":"2025-12-19T10:18:52","modified_gmt":"2025-12-19T10:18:52","slug":"-685","status":"publish","type":"product","link":"https:\/\/whalewatching.placessites.com\/cs\/prohlidka\/-685\/","title":{"rendered":"Las Terrenas: Soukrom\u00e9 p\u016fldenn\u00ed pozorov\u00e1n\u00ed velryb"},"content":{"rendered":"<p>Soukrom\u00e1 doprava z Las Terrenas. Proj\u00ed\u017e\u010fka lod\u00ed na prohl\u00eddku z\u00e1livu Samana, kter\u00fd v zimn\u00edm obdob\u00ed p\u00e1\u0159en\u00ed ukr\u00fdv\u00e1 tis\u00edce keporkak\u016f. D\u00e1le si vychutnejte malebn\u00e9 v\u00fdhledy na Cayo Levantado, zn\u00e1m\u00fd tak\u00e9 jako ostrov Bacardi a ostrov Farola.<\/p>\n<p>Vyplujte z vybran\u00e9ho p\u0159\u00edstavu a vydejte se sm\u011brem k Samansk\u00e9mu z\u00e1livu, kde budete hledat majest\u00e1tn\u00ed keporkaky v obdob\u00ed p\u00e1\u0159en\u00ed. U\u017eijte si pobyt na vod\u011b a pohodl\u00ed s ob\u010derstven\u00edm a n\u00e1poji na palub\u011b. Po\u0159i\u010fte si fotografie t\u011bchto velk\u00fdch zv\u00ed\u0159at a od sv\u00e9ho pr\u016fvodce se dozv\u00edte d\u016fle\u017eit\u00e1 fakta. Vzdalte se od velk\u00fdch skupin a nav\u0161tivte velryby se svou rodinou a p\u0159\u00e1teli.<\/p>\n<div class=\"toggle-content__content toggle-content__content--expanded toggle-content__content--packable\" data-v-59485d64=\"\">\n<div data-test-id=\"activity-full-description-text\" data-v-5835c99c=\"\">Ne\u017e se vr\u00e1t\u00edte do p\u0159\u00edstavu, m\u016f\u017eete se pono\u0159it do klidn\u00fdch vod a u\u017e\u00edt si zbytek dne.<\/div>\n<\/div>\n<div class=\"toggle-content__label-placeholder\" data-v-59485d64=\"\"><\/div>","protected":false},"excerpt":{"rendered":"<div data-track=\"overview\" data-v-83a2b402=\"\">\n<section id=\"activity-overview\" class=\"activity-overview\" data-component=\"overview\" data-v-83a2b402=\"\" data-v-f3236c42=\"\">\n<p class=\"activity-overview__content\" data-test-id=\"activity-overview-content\" data-v-f3236c42=\"\">Vychutnejte si nezapomenuteln\u00fd z\u00e1\u017eitek z pozorov\u00e1n\u00ed velryb p\u0159i soukrom\u00e9m v\u00fdletu jen za velrybami. Nav\u0161tivte keporkaky mimo turistick\u00e9 skupiny.<\/p>\n<\/section>\n<\/div>\n<div data-track=\"key-details\" data-v-83a2b402=\"\"><\/div>","protected":false},"featured_media":16640,"template":"","meta":[],"product_brand":[],"product_cat":[97],"product_tag":[101,102],"class_list":{"0":"post-18154","1":"product","2":"type-product","3":"status-publish","4":"has-post-thumbnail","6":"product_cat-dominican-republic","7":"product_tag-excursion","8":"product_tag-tour","10":"first","11":"instock","12":"shipping-taxable","13":"product-type-external"},"_links":{"self":[{"href":"https:\/\/whalewatching.placessites.com\/cs\/wp-json\/wp\/v2\/product\/18154","targetHints":{"allow":["GET"]}}],"collection":[{"href":"https:\/\/whalewatching.placessites.com\/cs\/wp-json\/wp\/v2\/product"}],"about":[{"href":"https:\/\/whalewatching.placessites.com\/cs\/wp-json\/wp\/v2\/types\/product"}],"version-history":[{"count":0,"href":"https:\/\/whalewatching.placessites.com\/cs\/wp-json\/wp\/v2\/product\/18154\/revisions"}],"wp:featuredmedia":[{"embeddable":true,"href":"https:\/\/whalewatching.placessites.com\/cs\/wp-json\/wp\/v2\/media\/16640"}],"wp:attachment":[{"href":"https:\/\/whalewatching.placessites.com\/cs\/wp-json\/wp\/v2\/media?parent=18154"}],"wp:term":[{"taxonomy":"product_brand","embeddable":true,"href":"https:\/\/whalewatching.placessites.com\/cs\/wp-json\/wp\/v2\/product_brand?post=18154"},{"taxonomy":"product_cat","embeddable":true,"href":"https:\/\/whalewatching.placessites.com\/cs\/wp-json\/wp\/v2\/product_cat?post=18154"},{"taxonomy":"product_tag","embeddable":true,"href":"https:\/\/whalewatching.placessites.com\/cs\/wp-json\/wp\/v2\/product_tag?post=18154"}],"curies":[{"name":"wp","href":"https:\/\/api.w.org\/{rel}","templated":true}]}}