{"id":10173,"date":"2025-12-18T09:26:35","date_gmt":"2025-12-18T09:26:35","guid":{"rendered":"https:\/\/whalewatching.placessites.com\/?post_type=product&#038;p=10173"},"modified":"2025-12-18T09:29:46","modified_gmt":"2025-12-18T09:29:46","slug":"punta-cana-1-weg-privat-transfer","status":"publish","type":"product","link":"https:\/\/whalewatching.placessites.com\/de\/tour\/punta-cana-1-weg-privat-transfer\/","title":{"rendered":"Punta Cana: Privater 1-Wege-Transfer"},"content":{"rendered":"<p><strong>Punta Cana: Privater 1-Wege-Transfer<\/strong><\/p>\n<p>Wenn Sie einen privaten Transfer buchen, reservieren Sie eine bequeme Einwegfahrt vom Flughafen Punta Cana zu Ihrem Hotel in Punta Cana oder umgekehrt. Zus\u00e4tzlich haben Sie die M\u00f6glichkeit, einen One-Way-Transfer vom Flughafen nach Macao oder Uvero Alto zu buchen.<\/p>\n<p>Halten Sie bei Ihrer Ankunft am Flughafen Ausschau nach einem zuvorkommenden Fahrer mit einem Schild mit Ihrem Namen, der Ihnen mit Ihrem Gep\u00e4ck behilflich ist und Sie zu einem komfortablen, klimatisierten Fahrzeug f\u00fchrt.<\/p>\n<p>Wenn Sie von Ihrem Hotel abreisen, wird Ihr aufmerksamer Fahrer Sie in der Lobby in Empfang nehmen und f\u00fcr eine reibungslose und stressfreie Fahrt zum Flughafen sorgen. W\u00e4hrend Sie sich in dem gut ausgestatteten Fahrzeug entspannen, k\u00f6nnen Sie die atemberaubende Landschaft entlang der Strecke genie\u00dfen.<\/p>\n<p>Sie k\u00f6nnen sich darauf verlassen, dass Sie mit gen\u00fcgend Zeit am Zielort ankommen, so dass Sie Ihre Reise oder die Heimreise entspannt und ohne Eile antreten k\u00f6nnen.<\/p>","protected":false},"excerpt":{"rendered":"<p>Reservieren Sie einen privaten Flughafentransfer zwischen dem internationalen Flughafen Punta Cana (PUJ) und Ihrem Hotel in Punta Cana. Reisen Sie in einem komfortablen, klimatisierten Auto vor oder nach einer langen Reise.<\/p>","protected":false},"featured_media":10290,"template":"","meta":[],"product_brand":[],"product_cat":[97],"product_tag":[101,102],"class_list":{"0":"post-10173","1":"product","2":"type-product","3":"status-publish","4":"has-post-thumbnail","6":"product_cat-dominican-republic","7":"product_tag-excursion","8":"product_tag-tour","10":"first","11":"instock","12":"shipping-taxable","13":"product-type-external"},"_links":{"self":[{"href":"https:\/\/whalewatching.placessites.com\/de\/wp-json\/wp\/v2\/product\/10173","targetHints":{"allow":["GET"]}}],"collection":[{"href":"https:\/\/whalewatching.placessites.com\/de\/wp-json\/wp\/v2\/product"}],"about":[{"href":"https:\/\/whalewatching.placessites.com\/de\/wp-json\/wp\/v2\/types\/product"}],"version-history":[{"count":0,"href":"https:\/\/whalewatching.placessites.com\/de\/wp-json\/wp\/v2\/product\/10173\/revisions"}],"wp:featuredmedia":[{"embeddable":true,"href":"https:\/\/whalewatching.placessites.com\/de\/wp-json\/wp\/v2\/media\/10290"}],"wp:attachment":[{"href":"https:\/\/whalewatching.placessites.com\/de\/wp-json\/wp\/v2\/media?parent=10173"}],"wp:term":[{"taxonomy":"product_brand","embeddable":true,"href":"https:\/\/whalewatching.placessites.com\/de\/wp-json\/wp\/v2\/product_brand?post=10173"},{"taxonomy":"product_cat","embeddable":true,"href":"https:\/\/whalewatching.placessites.com\/de\/wp-json\/wp\/v2\/product_cat?post=10173"},{"taxonomy":"product_tag","embeddable":true,"href":"https:\/\/whalewatching.placessites.com\/de\/wp-json\/wp\/v2\/product_tag?post=10173"}],"curies":[{"name":"wp","href":"https:\/\/api.w.org\/{rel}","templated":true}]}}