{"id":10174,"date":"2025-12-18T09:26:35","date_gmt":"2025-12-18T09:26:35","guid":{"rendered":"https:\/\/whalewatching.placessites.com\/?post_type=product&#038;p=10174"},"modified":"2025-12-18T09:29:59","modified_gmt":"2025-12-18T09:29:59","slug":"amber-cove-taino-bay-7-wasserfall-tour-mit-schwimmendem-mittagessen","status":"publish","type":"product","link":"https:\/\/whalewatching.placessites.com\/de\/tour\/amber-cove-taino-bay-7-wasserfall-tour-mit-schwimmendem-mittagessen\/","title":{"rendered":"Amber Cove\/Taino Bay: 7 Wasserfall-Tour mit Schwimmen und Mittagessen"},"content":{"rendered":"<h4 class=\"activity__title js-title\" data-track=\"activity-title\" data-test-id=\"activity-title\">Amber Cove\/Taino Bay: 7 Wasserfall-Tour mit Schwimmen und Mittagessen<\/h4>\n<p>Tauchen Sie ein in den Nervenkitzel des Abenteuers mit einer Tour durch Puerto Plata, ein Paradies f\u00fcr Naturliebhaber. Entdecken Sie das versteckte Juwel der 7 Wasserf\u00e4lle von Damajagua (Charcos), eingebettet in die malerischen H\u00fcgel der n\u00f6rdlichen Bergkette.<\/p>\n<p>Diese herrlichen Naturwunder, die zu den Schutzgebieten der Dominikanischen Republik geh\u00f6ren, bieten ein aufregendes Erlebnis, wenn Sie durch einen tropischen Canyon navigieren. Bestaunen Sie eine Reihe von Wasserf\u00e4llen, an denen Sie wandern, rutschen, schwimmen und sogar waghalsige Spr\u00fcnge machen k\u00f6nnen. Die Tour beinhaltet ein k\u00f6stliches Mittagsbuffet, und Sie werden mit kostenlosem Wasser und Cola erfrischt.<\/p>\n<p>Genie\u00dfen Sie au\u00dferdem den Komfort eines Hin- und R\u00fccktransports vom Kreuzfahrtterminal, der auch au\u00dferhalb der H\u00e4fen Taino Bay und Amber Cove zur Verf\u00fcgung steht. Machen Sie sich bereit f\u00fcr ein unvergessliches Abenteuer in Puerto Plata!<\/p>","protected":false},"excerpt":{"rendered":"<div data-track=\"overview\" data-v-56a1a938=\"\">\n<section id=\"activity-overview\" class=\"activity-overview\" data-component=\"overview\" data-v-56a1a938=\"\" data-v-f3236c42=\"\">\n<p class=\"activity-overview__content\" data-test-id=\"activity-overview-content\" data-v-f3236c42=\"\">Genie\u00dfen Sie den Wasserfall-Ausflug mit uns, Sie werden es lieben. Springen Sie vom Wasserfall, schwimmen, rutschen und springen Sie in die sehr wertvollen und nat\u00fcrlichen Wasserf\u00e4lle. Ein englischer\/spanischer Reiseleiter wird Sie begleiten.<\/p>\n<\/section>\n<\/div>\n<div data-track=\"key-details\" data-v-56a1a938=\"\"><\/div>","protected":false},"featured_media":10294,"template":"","meta":[],"product_brand":[],"product_cat":[97],"product_tag":[101,102],"class_list":{"0":"post-10174","1":"product","2":"type-product","3":"status-publish","4":"has-post-thumbnail","6":"product_cat-dominican-republic","7":"product_tag-excursion","8":"product_tag-tour","10":"first","11":"instock","12":"sale","13":"shipping-taxable","14":"product-type-external"},"_links":{"self":[{"href":"https:\/\/whalewatching.placessites.com\/de\/wp-json\/wp\/v2\/product\/10174","targetHints":{"allow":["GET"]}}],"collection":[{"href":"https:\/\/whalewatching.placessites.com\/de\/wp-json\/wp\/v2\/product"}],"about":[{"href":"https:\/\/whalewatching.placessites.com\/de\/wp-json\/wp\/v2\/types\/product"}],"version-history":[{"count":0,"href":"https:\/\/whalewatching.placessites.com\/de\/wp-json\/wp\/v2\/product\/10174\/revisions"}],"wp:featuredmedia":[{"embeddable":true,"href":"https:\/\/whalewatching.placessites.com\/de\/wp-json\/wp\/v2\/media\/10294"}],"wp:attachment":[{"href":"https:\/\/whalewatching.placessites.com\/de\/wp-json\/wp\/v2\/media?parent=10174"}],"wp:term":[{"taxonomy":"product_brand","embeddable":true,"href":"https:\/\/whalewatching.placessites.com\/de\/wp-json\/wp\/v2\/product_brand?post=10174"},{"taxonomy":"product_cat","embeddable":true,"href":"https:\/\/whalewatching.placessites.com\/de\/wp-json\/wp\/v2\/product_cat?post=10174"},{"taxonomy":"product_tag","embeddable":true,"href":"https:\/\/whalewatching.placessites.com\/de\/wp-json\/wp\/v2\/product_tag?post=10174"}],"curies":[{"name":"wp","href":"https:\/\/api.w.org\/{rel}","templated":true}]}}