{"id":10176,"date":"2025-12-18T09:26:35","date_gmt":"2025-12-18T09:26:35","guid":{"rendered":"https:\/\/whalewatching.placessites.com\/?post_type=product&#038;p=10176"},"modified":"2025-12-18T09:31:23","modified_gmt":"2025-12-18T09:31:23","slug":"punta-cana-santo-domingo-tagesausflug-mit-tickets-und-mittagessen","status":"publish","type":"product","link":"https:\/\/whalewatching.placessites.com\/de\/tour\/punta-cana-santo-domingo-tagesausflug-mit-tickets-und-mittagessen\/","title":{"rendered":"Punta Cana: Santo Domingo Tagesausflug mit Tickets und Mittagessen"},"content":{"rendered":"<h4 class=\"activity__title js-title\" data-track=\"activity-title\" data-test-id=\"activity-title\">Punta Cana: Santo Domingo Tagesausflug mit Tickets und Mittagessen<\/h4>\n<p>Santo Domingo ist eine magische Stadt voller Geschichte, Kultur und beeindruckender Landschaften. Erkunden Sie die \u00e4lteste Hauptstadt der \u201cNeuen\u201d Welt, Santo Domingo, die erste Stadt, die in Amerika gegr\u00fcndet wurde.<\/p>\n<p>Diese Sightseeing-Tour zeigt Ihnen eine Stadt voller Geschichte und Kultur. Eine tolle Aktivit\u00e4t f\u00fcr die ganze Familie.<\/p>\n<p>- Wir holen Sie von Ihrem Hotel ab, um eine unglaubliche Reise nach Santo Domingo zu beginnen. W\u00e4hrend der Reise werden Sie unglaubliche Details \u00fcber die Kultur der Dominikanischen Republik erfahren.<\/p>\n<p>- Nach der Ankunft in Santo Domingo besuchen Sie die unglaublichen Cenoten des Nationalparks Los Tres Ojos, die besonders nat\u00fcrlich und magisch sind.<\/p>\n<p>- Sie werden die wichtigsten Denkm\u00e4ler der Stadt besuchen: Die 1. Kathedrale von Amerika, der Alc\u00e1zar de Col\u00f3n und das Nationale Pantheon, El Faro a Col\u00f3n.<\/p>\n<p>- Wir werden einen Spaziergang durch die Kolonialzone machen, eine romantische Stra\u00dfe, die erste in Amerika, \u201cThe Ladies\u201d. Genie\u00dfen Sie einen alten, aber malerischen Panoramablick.<\/p>\n<p>Sie findet t\u00e4glich statt. Seine ungef\u00e4hre Dauer betr\u00e4gt 10 Stunden.<\/p>","protected":false},"excerpt":{"rendered":"<div data-track=\"overview\" data-v-56a1a938=\"\">\n<section id=\"activity-overview\" class=\"activity-overview\" data-component=\"overview\" data-v-56a1a938=\"\" data-v-f3236c42=\"\">\n<p class=\"activity-overview__content\" data-test-id=\"activity-overview-content\" data-v-f3236c42=\"\">Entdecken Sie die Geschichte, Kultur und Landschaft von Santo Domingo auf diesem Tagesausflug von Punta Cana aus. Besuchen Sie die Cenoten des Drei-Augen-Nationalparks, Amerikas erste Kathedrale und das Nationale Pantheon.<\/p>\n<\/section>\n<\/div>\n<div data-track=\"key-details\" data-v-56a1a938=\"\"><\/div>","protected":false},"featured_media":10314,"template":"","meta":[],"product_brand":[],"product_cat":[97],"product_tag":[101,102],"class_list":{"0":"post-10176","1":"product","2":"type-product","3":"status-publish","4":"has-post-thumbnail","6":"product_cat-dominican-republic","7":"product_tag-excursion","8":"product_tag-tour","10":"first","11":"instock","12":"sale","13":"shipping-taxable","14":"product-type-external"},"_links":{"self":[{"href":"https:\/\/whalewatching.placessites.com\/de\/wp-json\/wp\/v2\/product\/10176","targetHints":{"allow":["GET"]}}],"collection":[{"href":"https:\/\/whalewatching.placessites.com\/de\/wp-json\/wp\/v2\/product"}],"about":[{"href":"https:\/\/whalewatching.placessites.com\/de\/wp-json\/wp\/v2\/types\/product"}],"version-history":[{"count":0,"href":"https:\/\/whalewatching.placessites.com\/de\/wp-json\/wp\/v2\/product\/10176\/revisions"}],"wp:featuredmedia":[{"embeddable":true,"href":"https:\/\/whalewatching.placessites.com\/de\/wp-json\/wp\/v2\/media\/10314"}],"wp:attachment":[{"href":"https:\/\/whalewatching.placessites.com\/de\/wp-json\/wp\/v2\/media?parent=10176"}],"wp:term":[{"taxonomy":"product_brand","embeddable":true,"href":"https:\/\/whalewatching.placessites.com\/de\/wp-json\/wp\/v2\/product_brand?post=10176"},{"taxonomy":"product_cat","embeddable":true,"href":"https:\/\/whalewatching.placessites.com\/de\/wp-json\/wp\/v2\/product_cat?post=10176"},{"taxonomy":"product_tag","embeddable":true,"href":"https:\/\/whalewatching.placessites.com\/de\/wp-json\/wp\/v2\/product_tag?post=10176"}],"curies":[{"name":"wp","href":"https:\/\/api.w.org\/{rel}","templated":true}]}}