{"id":10183,"date":"2025-12-18T09:26:35","date_gmt":"2025-12-18T09:26:35","guid":{"rendered":"https:\/\/whalewatching.placessites.com\/?post_type=product&#038;p=10183"},"modified":"2025-12-18T09:34:29","modified_gmt":"2025-12-18T09:34:29","slug":"punta-cana-oliver-oliver-rum-degustation-und-paarweise-erfahrung","status":"publish","type":"product","link":"https:\/\/whalewatching.placessites.com\/de\/tour\/punta-cana-oliver-oliver-rum-degustation-und-paarweise-erfahrung\/","title":{"rendered":"Punta Cana: Oliver &amp; Oliver Rum Verkostung &amp; Pairing Erlebnis"},"content":{"rendered":"<p><strong>Punta Cana: Oliver &amp; Oliver Rum Verkostung &amp; Pairing Erlebnis<\/strong><\/p>\n<p>Willkommen bei Taino Gourmet, wo Sie von Ihrem fachkundigen Gastgeber auf eine Reise der Aromen und des Geschmacks mitgenommen werden. Unser Ziel ist es, die reiche Kultur und Geschichte der Dominikanischen Republik mit unseren G\u00e4sten zu teilen, und wie k\u00f6nnte man das besser tun als durch das ber\u00fchmteste und beliebteste Produkt der Insel: Rum?<\/p>\n<p>Wir nehmen Sie mit auf eine Tour durch die Welt des Rums und f\u00fchren Sie in die Geschichte und den Produktionsprozess von Oliver &amp; Oliver Rum House ein. Sie lernen, die feinen Unterschiede zwischen den einzelnen Rums zu erkennen und haben die Gelegenheit, eine Auswahl dieser einzigartigen Spirituosen zu verkosten und zu vergleichen.<\/p>\n<p>Aber das ist noch nicht alles - wir werden jeden Rum mit einer Auswahl an Schokolade und K\u00e4se kombinieren, um das Beste aus jeder Sorte herauszuholen. Egal, ob Sie ein Rum-Kenner sind oder einfach nur mehr \u00fcber diese vielf\u00e4ltige und faszinierende Spirituose erfahren m\u00f6chten, Sie sollten sich dieses exklusive Verkostungserlebnis nicht entgehen lassen. Kommen Sie zu uns und entdecken Sie die Welt des Rums wie nie zuvor!<\/p>","protected":false},"excerpt":{"rendered":"<div data-track=\"overview\" data-v-56a1a938=\"\">\n<section id=\"activity-overview\" class=\"activity-overview\" data-component=\"overview\" data-v-56a1a938=\"\" data-v-f3236c42=\"\">\n<p class=\"activity-overview__content\" data-test-id=\"activity-overview-content\" data-v-f3236c42=\"\">Begeben Sie sich auf eine gef\u00fchrte Verkostungs- und Pairing-Tour von Oliver &amp; Oliver Rum in Punta Cana. Probieren Sie eine Auswahl an 25 Jahre alten Premium-Rumsorten, wie Cubaney Centenario, Unhiq XO, Opthimus und Punta Cana XOX.<\/p>\n<\/section>\n<\/div>\n<div data-track=\"key-details\" data-v-56a1a938=\"\"><\/div>","protected":false},"featured_media":10419,"template":"","meta":[],"product_brand":[],"product_cat":[97],"product_tag":[101,102],"class_list":{"0":"post-10183","1":"product","2":"type-product","3":"status-publish","4":"has-post-thumbnail","6":"product_cat-dominican-republic","7":"product_tag-excursion","8":"product_tag-tour","10":"first","11":"instock","12":"sale","13":"shipping-taxable","14":"product-type-external"},"_links":{"self":[{"href":"https:\/\/whalewatching.placessites.com\/de\/wp-json\/wp\/v2\/product\/10183","targetHints":{"allow":["GET"]}}],"collection":[{"href":"https:\/\/whalewatching.placessites.com\/de\/wp-json\/wp\/v2\/product"}],"about":[{"href":"https:\/\/whalewatching.placessites.com\/de\/wp-json\/wp\/v2\/types\/product"}],"version-history":[{"count":0,"href":"https:\/\/whalewatching.placessites.com\/de\/wp-json\/wp\/v2\/product\/10183\/revisions"}],"wp:featuredmedia":[{"embeddable":true,"href":"https:\/\/whalewatching.placessites.com\/de\/wp-json\/wp\/v2\/media\/10419"}],"wp:attachment":[{"href":"https:\/\/whalewatching.placessites.com\/de\/wp-json\/wp\/v2\/media?parent=10183"}],"wp:term":[{"taxonomy":"product_brand","embeddable":true,"href":"https:\/\/whalewatching.placessites.com\/de\/wp-json\/wp\/v2\/product_brand?post=10183"},{"taxonomy":"product_cat","embeddable":true,"href":"https:\/\/whalewatching.placessites.com\/de\/wp-json\/wp\/v2\/product_cat?post=10183"},{"taxonomy":"product_tag","embeddable":true,"href":"https:\/\/whalewatching.placessites.com\/de\/wp-json\/wp\/v2\/product_tag?post=10183"}],"curies":[{"name":"wp","href":"https:\/\/api.w.org\/{rel}","templated":true}]}}