{"id":10186,"date":"2025-12-18T09:26:35","date_gmt":"2025-12-18T09:26:35","guid":{"rendered":"https:\/\/whalewatching.placessites.com\/?post_type=product&#038;p=10186"},"modified":"2025-12-18T09:36:11","modified_gmt":"2025-12-18T09:36:11","slug":"punta-cana-blue-hole-und-scape-park-cap-cana-eintrittskarte","status":"publish","type":"product","link":"https:\/\/whalewatching.placessites.com\/de\/tour\/punta-cana-blue-hole-und-scape-park-cap-cana-eintrittskarte\/","title":{"rendered":"Punta Cana: Blue Hole und Scape Park Cap Cana Eintrittskarte"},"content":{"rendered":"<p><strong>Punta Cana: Blue Hole und Scape Park Cap Cana Eintrittskarte<\/strong><\/p>\n<p>Beginnen Sie Ihren Tag in einem klimatisierten Bus, der Sie von Ihrem Hotel zum Scape Park bringt, einem \u00d6ko-Abenteuerpark im Cap Cana Resort, der sich \u00fcber 100 Hektar an der Ostk\u00fcste der Dominikanischen Republik erstreckt.<\/p>\n<p>Diese Eintrittskarte f\u00fcr einen ganzen Tag beinhaltet alle 10 hochwertigen Attraktionen im Scape Park. Vielleicht m\u00f6chten Sie Ihr Scape Park-Abenteuer mit der Zip Line Eco Tour beginnen und sich anschlie\u00dfend im Blue Hole abk\u00fchlen. Das bleibt Ihnen \u00fcberlassen.<\/p>\n<p>Im Park verf\u00fcgbare Attraktionen:<\/p>\n<p><strong>Blue Hole | Cenote Trail:<\/strong> Begeben Sie sich auf ein fesselndes Abenteuer mit dem Blue Hole Cenote Trail, einer abwechslungsreichen und landschaftlich reizvollen Route, die eine reiche Mischung von Naturwundern verspricht. Dieser Weg bietet ein eindringliches Erlebnis durch verschiedene \u00d6kosysteme, darunter \u00fcppige Feuchtgebiete, eine aufregende H\u00e4ngebr\u00fccke, bezaubernde Wasserf\u00e4lle und eine ruhige Cenote<\/p>\n<p><strong>H\u00f6hlenexpedition:<\/strong> Wandern Sie hinauf zu den Farallon Cliffs und wandern Sie durch den Dschungel. Gehen Sie eine Treppe hinunter, um die H\u00f6hle zu betreten und ihr riesiges unterirdisches Netzwerk von Kammern und Tunneln zu erkunden.<\/p>\n<p><strong>Kulturelle Route: <\/strong> Bei einem Naturspaziergang k\u00f6nnen Sie die Spuren der Tainos, der Ureinwohner der Insel, entdecken.<\/p>\n<p><strong>Saltos Azules:<\/strong> Springen Sie von unserem Mabo-Seil, schweben Sie mit unserer Macuya-Schaukel durch die L\u00fcfte, schwingen Sie sich in unserer Affenbar! Und reiten Sie auf unseren Wasserh\u00e4ngematten, mit denen Sie in den erfrischenden Gew\u00e4ssern, die von alten H\u00f6hlen und beeindruckenden Wasserf\u00e4llen umgeben sind, rasen und planschen. Die Fahrt deines Lebens!<\/p>\n<p><strong>Zip Line Eco Splash:<\/strong> Sind Sie bereit, Ihr Abenteuer auf ein neues Niveau zu heben? K\u00fchlen Sie sich stilvoll ab mit unserer Eco-Splash Zipline, der ultimativen Mischung aus Aufregung und erfrischendem Wasserspa\u00df! Erleben Sie die exotische Sch\u00f6nheit Ihrer Umgebung aus einer einzigartigen Perspektive, wenn Sie sich in die Luft erheben und m\u00fchelos durch Wasserfont\u00e4nen, Kaskaden und Wasserkanonen gleiten. Eine perfekte Art, das Abenteuer zu genie\u00dfen!<\/p>\n<p><strong>Iguanaland:<\/strong>Auf dieser wilden Reise k\u00f6nnen Sie unsere Nashornleguane aus n\u00e4chster N\u00e4he erleben. Eine Reptilienart, die nur auf dieser tropischen Insel zu finden ist.<\/p>\n<p>Seill\u00e4ufer: Begeben Sie sich auf eine aufregende Reise durch unseren Seilparcours - schwingen, schaukeln und schweben Sie wie ein furchtloser Abenteurer durch die Baumkronen,<\/p>\n<p>SUPER RIDE ZIP-LINE. Machen Sie sich bereit, Ihren inneren Superhelden in unserer Zip line Super-man zu kanalisieren! Sp\u00fcren Sie das Adrenalin, wenn Sie wie ein Superheld durch die L\u00fcfte schweben, um die Schwerkraft zu \u00fcberwinden. Denn hier ist jeder ein Superheld!<\/p>\n<p>BEACH GETAWAY: Genie\u00dfen Sie einen Ausflug zu einem der besten Str\u00e4nde des Landes, mit feinem wei\u00dfen Sand und t\u00fcrkisblauem Wasser, und die frische tropische Brise im Juanillo Beach Club. Diese Aktivit\u00e4t ist abh\u00e4ngig von den Wetterbedingungen und dem Vorhandensein von Sargassum an der K\u00fcste.<\/p>","protected":false},"excerpt":{"rendered":"<div data-track=\"overview\" data-v-f00c0656=\"\">\n<section id=\"activity-overview\" class=\"activity-overview\" data-component=\"overview\" data-v-f00c0656=\"\" data-v-f3236c42=\"\">\n<p class=\"activity-overview__content\" data-test-id=\"activity-overview-content\" data-v-f3236c42=\"\">Genie\u00dfen Sie einen ganzen Tag voller Abenteuer im Scape Park! Mit diesem exklusiven Angebot k\u00f6nnen Sie nahezu endlose Kombinationen von Aktivit\u00e4ten zusammenstellen. Stellen Sie Ihr eigenes Tagesprogramm aus den erstaunlichen Attraktionen des Parks zusammen.<\/p>\n<\/section>\n<\/div>\n<div data-track=\"key-details\" data-v-f00c0656=\"\"><\/div>","protected":false},"featured_media":10470,"template":"","meta":[],"product_brand":[],"product_cat":[97],"product_tag":[101,102],"class_list":{"0":"post-10186","1":"product","2":"type-product","3":"status-publish","4":"has-post-thumbnail","6":"product_cat-dominican-republic","7":"product_tag-excursion","8":"product_tag-tour","10":"first","11":"instock","12":"sale","13":"shipping-taxable","14":"product-type-external"},"_links":{"self":[{"href":"https:\/\/whalewatching.placessites.com\/de\/wp-json\/wp\/v2\/product\/10186","targetHints":{"allow":["GET"]}}],"collection":[{"href":"https:\/\/whalewatching.placessites.com\/de\/wp-json\/wp\/v2\/product"}],"about":[{"href":"https:\/\/whalewatching.placessites.com\/de\/wp-json\/wp\/v2\/types\/product"}],"version-history":[{"count":0,"href":"https:\/\/whalewatching.placessites.com\/de\/wp-json\/wp\/v2\/product\/10186\/revisions"}],"wp:featuredmedia":[{"embeddable":true,"href":"https:\/\/whalewatching.placessites.com\/de\/wp-json\/wp\/v2\/media\/10470"}],"wp:attachment":[{"href":"https:\/\/whalewatching.placessites.com\/de\/wp-json\/wp\/v2\/media?parent=10186"}],"wp:term":[{"taxonomy":"product_brand","embeddable":true,"href":"https:\/\/whalewatching.placessites.com\/de\/wp-json\/wp\/v2\/product_brand?post=10186"},{"taxonomy":"product_cat","embeddable":true,"href":"https:\/\/whalewatching.placessites.com\/de\/wp-json\/wp\/v2\/product_cat?post=10186"},{"taxonomy":"product_tag","embeddable":true,"href":"https:\/\/whalewatching.placessites.com\/de\/wp-json\/wp\/v2\/product_tag?post=10186"}],"curies":[{"name":"wp","href":"https:\/\/api.w.org\/{rel}","templated":true}]}}