{"id":10190,"date":"2025-12-18T09:26:35","date_gmt":"2025-12-18T09:26:35","guid":{"rendered":"https:\/\/whalewatching.placessites.com\/?post_type=product&#038;p=10190"},"modified":"2025-12-18T09:39:01","modified_gmt":"2025-12-18T09:39:01","slug":"3in1-los-haitises-n-p-yanigua-wasserfall-montana-redonda","status":"publish","type":"product","link":"https:\/\/whalewatching.placessites.com\/de\/tour\/3in1-los-haitises-n-p-yanigua-wasserfall-montana-redonda\/","title":{"rendered":"3in1: Los Haitises N P + Yanigua-Wasserfall + Monta\u00f1a Redonda"},"content":{"rendered":"<div class=\"wpb-content-wrapper\"><div class=\"vc_row wpb_row st bg-holder\"><div class='container'><div class='row'>\n\t<div class=\"wpb_column column_container col-md-12\"><div class=\"vc_column-inner wpb_wrapper\">\n\t\t\t\n\t<div class=\"wpb_text_column wpb_content_element\" >\n\t\t<div class=\"wpb_wrapper\">\n\t\t\t<p><strong>3in1: Los Haitises N P + Yanigua-Wasserfall + Monta\u00f1a Redonda<\/strong><\/p>\n<p>Sie werden eine echte \u00f6kologische Tour erleben, um die Landschaft und den Dschungel der Dominikanischen Republik kennenzulernen. Sie erfahren etwas \u00fcber die dominikanische Geschichte und Kultur, den Nationalpark Los Haitises, wo Sie durch den Regenwald wandern k\u00f6nnen, der als Drehort f\u00fcr den Film Jurassic Park diente.<\/p>\n<p>Sie werden die unglaublichen Felsen sehen, die bis zu 30 Meter hoch aus dem Wasser ragen. Die Hunderte von gef\u00e4hrdeten Vogelarten im Flug \u00fcber die weite Landschaft des Parks und seine majest\u00e4tischen Mangroven.<\/p>\n<p>Sie werden in einem Safari-Truck durch die Monta\u00f1a Redonda navigieren, bis Sie den Gipfel erreichen und den majest\u00e4tischen Panoramablick auf die Nordostk\u00fcste der Insel (Saman\u00e1-Bucht) in 305 Metern H\u00f6he genie\u00dfen k\u00f6nnen.<\/p>\n<p>Sie lernen Dutzende von Plantagen kennen, darunter Kakao und Kaffee.<\/p>\n<p>Sie werden eine Kakaovorf\u00fchrung erleben, in der wir Ihnen Schritt f\u00fcr Schritt zeigen, wie der Kakao geerntet wird, bis er in Schokolade umgewandelt wird, aus der das dominikanische Nutella entsteht, und hei\u00dfe Schokolade trinken, die Sie kostenlos probieren k\u00f6nnen, begleitet von einem k\u00f6stlichen Kokosnussbrot des Hauses.<\/p>\n<p>Sie werden unter einem abgelegenen und unber\u00fchrten Wasserfall in Yanigua schwimmen und die weltweit einzigartige Blue Amber Zone kennenlernen. Tarzans Baumhaus (ein Haus auf der Spitze eines Baumes in 35 Metern H\u00f6he).<\/p>\n<p>Au\u00dferdem erhalten Sie ohne zus\u00e4tzliche Kosten Hautpflegeanwendungen aus nat\u00fcrlichem Ton aus dem Fluss.<\/p>\n<p>Mittagspause: Sie werden das beste dominikanische Essen aller Zeiten probieren, ein All-you-can-eat-Mittagsbuffet und eine offene Bar mit alkoholfreien Getr\u00e4nken am Rande des Wasserfalls.<\/p>\n<p>Ein Tag voller unvergesslicher Erlebnisse wartet auf Sie!<\/p>\n<div id=\"gtx-trans\" style=\"position: absolute; left: 283px; top: 48px;\">\n<div class=\"gtx-trans-icon\"><\/div>\n<\/div>\n<div id=\"gtx-trans\" style=\"position: absolute; left: 283px; top: 48px;\">\n<div class=\"gtx-trans-icon\"><\/div>\n<\/div>\n\n\t\t<\/div>\n\t<\/div>\n<div class=\"vc_empty_space\"   style=\"height: 32px\"><span class=\"vc_empty_space_inner\"><\/span><\/div>\n\t<div class=\"wpb_text_column wpb_content_element\" >\n\t\t<div class=\"wpb_wrapper\">\n\t\t\t<h2 class=\"collection-header_title\" data-test-id=\"collection-title\" data-v-9c8cb860=\"\">Basierend auf Ihrer Suche in Los Haitises :<\/h2>\n\n\t\t<\/div>\n\t<\/div>\n<div class=\"vc_empty_space\"   style=\"height: 32px\"><span class=\"vc_empty_space_inner\"><\/span><\/div><div class=\"woocommerce columns-4\"><ul class=\"products columns-4\">\n<li class=\"product type-product post-15730 status-publish first instock product_cat-dominican-republic product_tag-excursion product_tag-tour has-post-thumbnail shipping-taxable product-type-external\">\r\n\t<a href=\"https:\/\/whalewatching.placessites.com\/de\/tour\/-327\/\" class=\"woocommerce-LoopProduct-link woocommerce-loop-product__link\"><img fetchpriority=\"high\" decoding=\"async\" width=\"300\" height=\"300\" src=\"https:\/\/whalewatching.placessites.com\/wp-content\/uploads\/2025\/12\/99-24-300x300.png\" class=\"attachment-woocommerce_thumbnail size-woocommerce_thumbnail\" alt=\"Cano Hondo Natural Pools &amp; Los Haitises Bootstour\" srcset=\"https:\/\/whalewatching.placessites.com\/wp-content\/uploads\/2025\/12\/99-24-300x300.png 300w, https:\/\/whalewatching.placessites.com\/wp-content\/uploads\/2025\/12\/99-24-1536x1536.png 1536w, https:\/\/whalewatching.placessites.com\/wp-content\/uploads\/2025\/12\/99-24-2048x2048.png 2048w, https:\/\/whalewatching.placessites.com\/wp-content\/uploads\/2025\/12\/99-24-100x100.png 100w\" sizes=\"(max-width: 300px) 100vw, 300px\" \/><h2 class=\"woocommerce-loop-product__title\">Cano Hondo Natural Pools &amp; Los Haitises Bootstour<\/h2>\n\t<span class=\"price\"><span class=\"woocs_price_code\" data-currency=\"\" data-redraw-id=\"69e93e20f0a70\"  data-product-id=\"15730\"><span class=\"woocommerce-Price-amount amount\"><bdi>67.00<span class=\"woocommerce-Price-currencySymbol\">&#36;<\/span><\/bdi><\/span><\/span><\/span>\n<\/a><a href=\"https:\/\/gyg.me\/5mBIbAYw\" aria-describedby=\"woocommerce_loop_add_to_cart_link_describedby_15730\" data-quantity=\"1\" class=\"button product_type_external\" data-product_id=\"15730\" data-product_sku=\"\" aria-label=\"Verf\u00fcgbarkeit pr\u00fcfen\" rel=\"nofollow noopener\" target=\"_blank\">Verf\u00fcgbarkeit pr\u00fcfen<\/a>\t<span id=\"woocommerce_loop_add_to_cart_link_describedby_15730\" class=\"screen-reader-text\">\n\t\t\t<\/span>\n<\/li>\r\n<li class=\"product type-product post-17357 status-publish instock product_cat-dominican-republic product_tag-excursion product_tag-tour has-post-thumbnail shipping-taxable product-type-external\">\r\n\t<a href=\"https:\/\/whalewatching.placessites.com\/de\/tour\/santo-domingo-los-haitises-cayo-levantado-insel-2\/\" class=\"woocommerce-LoopProduct-link woocommerce-loop-product__link\"><img decoding=\"async\" width=\"300\" height=\"300\" src=\"https:\/\/whalewatching.placessites.com\/wp-content\/uploads\/2025\/12\/99-216-300x300.jpg\" class=\"attachment-woocommerce_thumbnail size-woocommerce_thumbnail\" alt=\"Santo Domingo: Los Haitises und die Insel Cayo Levantado\" srcset=\"https:\/\/whalewatching.placessites.com\/wp-content\/uploads\/2025\/12\/99-216-300x300.jpg 300w, https:\/\/whalewatching.placessites.com\/wp-content\/uploads\/2025\/12\/99-216-1536x1536.jpg 1536w, https:\/\/whalewatching.placessites.com\/wp-content\/uploads\/2025\/12\/99-216-2048x2048.jpg 2048w, https:\/\/whalewatching.placessites.com\/wp-content\/uploads\/2025\/12\/99-216-100x100.jpg 100w\" sizes=\"(max-width: 300px) 100vw, 300px\" \/><h2 class=\"woocommerce-loop-product__title\">Santo Domingo: Los Haitises und die Insel Cayo Levantado<\/h2>\n\t<span class=\"price\"><span class=\"woocs_price_code\" data-currency=\"\" data-redraw-id=\"69e93e20f133c\"  data-product-id=\"17357\"><span class=\"woocommerce-Price-amount amount\"><bdi>175.00<span class=\"woocommerce-Price-currencySymbol\">&#36;<\/span><\/bdi><\/span><\/span><\/span>\n<\/a><a href=\"https:\/\/gyg.me\/5N7byd00\" aria-describedby=\"woocommerce_loop_add_to_cart_link_describedby_17357\" data-quantity=\"1\" class=\"button product_type_external\" data-product_id=\"17357\" data-product_sku=\"\" aria-label=\"Verf\u00fcgbarkeit pr\u00fcfen\" rel=\"nofollow noopener\" target=\"_blank\">Verf\u00fcgbarkeit pr\u00fcfen<\/a>\t<span id=\"woocommerce_loop_add_to_cart_link_describedby_17357\" class=\"screen-reader-text\">\n\t\t\t<\/span>\n<\/li>\r\n<\/ul>\n<\/div><\/div>\n\t<\/div> \n<\/div><!--End .row--><\/div><!--End .container--><\/div>\n<\/div>","protected":false},"excerpt":{"rendered":"<div data-track=\"overview\" data-v-83a2b402=\"\">\n<section id=\"activity-overview\" class=\"activity-overview\" data-component=\"overview\" data-v-83a2b402=\"\" data-v-f3236c42=\"\">\n<p class=\"activity-overview__content\" data-test-id=\"activity-overview-content\" data-v-f3236c42=\"\">Erleben Sie eine ganzt\u00e4gige All-Inclusive-Reise, die Sie in die dominikanische Kultur eintauchen l\u00e4sst und die Tierwelt des Landes erkundet. Lernen Sie Mangroven, blauen Bernstein, H\u00f6hlen, Dschungel, Regenw\u00e4lder, Wasserf\u00e4lle und mehr kennen...<\/p>\n<\/section>\n<\/div>\n<div data-track=\"key-details\" data-v-83a2b402=\"\"><\/div>","protected":false},"featured_media":10506,"template":"","meta":[],"product_brand":[],"product_cat":[97],"product_tag":[101,102],"class_list":{"0":"post-10190","1":"product","2":"type-product","3":"status-publish","4":"has-post-thumbnail","6":"product_cat-dominican-republic","7":"product_tag-excursion","8":"product_tag-tour","10":"first","11":"instock","12":"sale","13":"shipping-taxable","14":"product-type-external"},"_links":{"self":[{"href":"https:\/\/whalewatching.placessites.com\/de\/wp-json\/wp\/v2\/product\/10190","targetHints":{"allow":["GET"]}}],"collection":[{"href":"https:\/\/whalewatching.placessites.com\/de\/wp-json\/wp\/v2\/product"}],"about":[{"href":"https:\/\/whalewatching.placessites.com\/de\/wp-json\/wp\/v2\/types\/product"}],"version-history":[{"count":0,"href":"https:\/\/whalewatching.placessites.com\/de\/wp-json\/wp\/v2\/product\/10190\/revisions"}],"wp:featuredmedia":[{"embeddable":true,"href":"https:\/\/whalewatching.placessites.com\/de\/wp-json\/wp\/v2\/media\/10506"}],"wp:attachment":[{"href":"https:\/\/whalewatching.placessites.com\/de\/wp-json\/wp\/v2\/media?parent=10190"}],"wp:term":[{"taxonomy":"product_brand","embeddable":true,"href":"https:\/\/whalewatching.placessites.com\/de\/wp-json\/wp\/v2\/product_brand?post=10190"},{"taxonomy":"product_cat","embeddable":true,"href":"https:\/\/whalewatching.placessites.com\/de\/wp-json\/wp\/v2\/product_cat?post=10190"},{"taxonomy":"product_tag","embeddable":true,"href":"https:\/\/whalewatching.placessites.com\/de\/wp-json\/wp\/v2\/product_tag?post=10190"}],"curies":[{"name":"wp","href":"https:\/\/api.w.org\/{rel}","templated":true}]}}