{"id":10215,"date":"2025-12-18T09:27:15","date_gmt":"2025-12-18T09:27:15","guid":{"rendered":"https:\/\/whalewatching.placessites.com\/?post_type=product&#038;p=10215"},"modified":"2025-12-18T09:41:06","modified_gmt":"2025-12-18T09:41:06","slug":"samana-walbeobachtung-und-cayo-levantado-ganztagestour-2","status":"publish","type":"product","link":"https:\/\/whalewatching.placessites.com\/de\/tour\/samana-walbeobachtung-und-cayo-levantado-ganztagestour-2\/","title":{"rendered":"Samana: Walbeobachtung und Cayo Levantado Ganztagestour"},"content":{"rendered":"<div class=\"wpb-content-wrapper\"><div class=\"vc_row wpb_row st bg-holder\"><div class='container'><div class='row'>\n\t<div class=\"wpb_column column_container col-md-12\"><div class=\"vc_column-inner wpb_wrapper\">\n\t\t\t\n\t<div class=\"wpb_text_column wpb_content_element\" >\n\t\t<div class=\"wpb_wrapper\">\n\t\t\t<p><strong>Samana: Walbeobachtung und Cayo Levantado Ganztagestour<\/strong><\/p>\n<p>Erkunden Sie mit dem Katamaran die Bucht von Samana, in der sich w\u00e4hrend der Paarungszeit im Winter Tausende von Buckelwalen aufhalten. Genie\u00dfen Sie anschlie\u00dfend die malerische Aussicht auf Cayo Levantado, auch bekannt als Bacardi-Insel. Schwimmen Sie in den ruhigen Gew\u00e4ssern und nehmen Sie ein Sonnenbad an den wei\u00dfen Sandstr\u00e4nden, bevor Sie die R\u00fcckreise antreten.<\/p>\n<p>Wir verlassen Samana in Richtung der Bucht von Samana und halten Ausschau nach den majest\u00e4tischen Buckelwalen auf dem H\u00f6hepunkt der Paarungszeit. Genie\u00dfen Sie das Leben auf dem Wasser und f\u00fchlen Sie sich wohl mit Snacks und Getr\u00e4nken an Bord. Machen Sie Fotos von diesen gro\u00dfen Tieren und erfahren Sie Wissenswertes von Ihrem Reiseleiter.<\/p>\n<p>Anschlie\u00dfend segeln Sie zur Insel Bacardi oder Cayo Levantado. Bewundern Sie das t\u00fcrkisfarbene Wasser und den wei\u00dfen Sand, der die Insel umgibt. Entspannen Sie sich an den warmen Str\u00e4nden und baden Sie in der Sonne. Nutzen Sie die Gelegenheit, in die ruhigen Gew\u00e4sser einzutauchen und den Rest des Tages zu genie\u00dfen, bevor Sie zum Hafen zur\u00fcckkehren.<\/p>\n\n\t\t<\/div>\n\t<\/div>\n<div class=\"vc_empty_space\"   style=\"height: 32px\"><span class=\"vc_empty_space_inner\"><\/span><\/div>\n\t<div class=\"wpb_text_column wpb_content_element\" >\n\t\t<div class=\"wpb_wrapper\">\n\t\t\t<h2 class=\"collection-header_title\" data-test-id=\"collection-title\" data-v-9c8cb860=\"\">Basierend auf Ihrer Suche in Whale Watching Samana :<\/h2>\n\n\t\t<\/div>\n\t<\/div>\n<div class=\"vc_empty_space\"   style=\"height: 32px\"><span class=\"vc_empty_space_inner\"><\/span><\/div><div class=\"woocommerce columns-4\"><ul class=\"products columns-4\">\n<li class=\"product type-product post-13632 status-publish first instock product_cat-dominican-republic product_tag-excursion product_tag-tour has-post-thumbnail shipping-taxable product-type-external\">\r\n\t<a href=\"https:\/\/whalewatching.placessites.com\/de\/tour\/-234\/\" class=\"woocommerce-LoopProduct-link woocommerce-loop-product__link\"><img fetchpriority=\"high\" decoding=\"async\" width=\"300\" height=\"300\" src=\"https:\/\/whalewatching.placessites.com\/wp-content\/uploads\/2025\/12\/145-197-300x300.jpg\" class=\"attachment-woocommerce_thumbnail size-woocommerce_thumbnail\" alt=\"Bayahibe: Tagesausflug nach Saman\u00e1 und Miches zur Walbeobachtung\" srcset=\"https:\/\/whalewatching.placessites.com\/wp-content\/uploads\/2025\/12\/145-197-300x300.jpg 300w, https:\/\/whalewatching.placessites.com\/wp-content\/uploads\/2025\/12\/145-197-1536x1536.jpg 1536w, https:\/\/whalewatching.placessites.com\/wp-content\/uploads\/2025\/12\/145-197-2048x2048.jpg 2048w, https:\/\/whalewatching.placessites.com\/wp-content\/uploads\/2025\/12\/145-197-100x100.jpg 100w\" sizes=\"(max-width: 300px) 100vw, 300px\" \/><h2 class=\"woocommerce-loop-product__title\">Bayahibe: Tagesausflug nach Saman\u00e1 und Miches zur Walbeobachtung<\/h2>\n\t<span class=\"price\"><span class=\"woocs_price_code\" data-currency=\"\" data-redraw-id=\"69e0d3b1eb3fc\"  data-product-id=\"13632\"><span class=\"woocommerce-Price-amount amount\"><bdi>169.00<span class=\"woocommerce-Price-currencySymbol\">&#36;<\/span><\/bdi><\/span><\/span><\/span>\n<\/a><a href=\"https:\/\/gyg.me\/o2nyTIoV\" aria-describedby=\"woocommerce_loop_add_to_cart_link_describedby_13632\" data-quantity=\"1\" class=\"button product_type_external\" data-product_id=\"13632\" data-product_sku=\"\" aria-label=\"Verf\u00fcgbarkeit pr\u00fcfen\" rel=\"nofollow noopener\" target=\"_blank\">Verf\u00fcgbarkeit pr\u00fcfen<\/a>\t<span id=\"woocommerce_loop_add_to_cart_link_describedby_13632\" class=\"screen-reader-text\">\n\t\t\t<\/span>\n<\/li>\r\n<li class=\"product type-product post-18154 status-publish instock product_cat-dominican-republic product_tag-excursion product_tag-tour has-post-thumbnail shipping-taxable product-type-external\">\r\n\t<a href=\"https:\/\/whalewatching.placessites.com\/de\/tour\/las-terrenas-private-walbeobachtung-halbtags-2\/\" class=\"woocommerce-LoopProduct-link woocommerce-loop-product__link\"><img decoding=\"async\" width=\"300\" height=\"300\" src=\"https:\/\/whalewatching.placessites.com\/wp-content\/uploads\/2025\/12\/99-53-300x300.png\" class=\"attachment-woocommerce_thumbnail size-woocommerce_thumbnail\" alt=\"Las Terrenas: Private Walbeobachtung halbtags\" srcset=\"https:\/\/whalewatching.placessites.com\/wp-content\/uploads\/2025\/12\/99-53-300x300.png 300w, https:\/\/whalewatching.placessites.com\/wp-content\/uploads\/2025\/12\/99-53-1536x1536.png 1536w, https:\/\/whalewatching.placessites.com\/wp-content\/uploads\/2025\/12\/99-53-2048x2048.png 2048w, https:\/\/whalewatching.placessites.com\/wp-content\/uploads\/2025\/12\/99-53-100x100.png 100w, https:\/\/whalewatching.placessites.com\/wp-content\/uploads\/2025\/12\/99-53-266x266.png 266w\" sizes=\"(max-width: 300px) 100vw, 300px\" \/><h2 class=\"woocommerce-loop-product__title\">Las Terrenas: Private Walbeobachtung halbtags<\/h2>\n\t<span class=\"price\"><span class=\"woocs_price_code\" data-currency=\"\" data-redraw-id=\"69e0d3b1ec1b5\"  data-product-id=\"18154\"><span class=\"woocommerce-Price-amount amount\"><bdi>450.00<span class=\"woocommerce-Price-currencySymbol\">&#36;<\/span><\/bdi><\/span><\/span><\/span>\n<\/a><a href=\"https:\/\/gyg.me\/ZdIaGQzW\" aria-describedby=\"woocommerce_loop_add_to_cart_link_describedby_18154\" data-quantity=\"1\" class=\"button product_type_external\" data-product_id=\"18154\" data-product_sku=\"\" aria-label=\"Verf\u00fcgbarkeit pr\u00fcfen\" rel=\"nofollow noopener\" target=\"_blank\">Verf\u00fcgbarkeit pr\u00fcfen<\/a>\t<span id=\"woocommerce_loop_add_to_cart_link_describedby_18154\" class=\"screen-reader-text\">\n\t\t\t<\/span>\n<\/li>\r\n<\/ul>\n<\/div><div class=\"vc_empty_space\"   style=\"height: 32px\"><span class=\"vc_empty_space_inner\"><\/span><\/div><\/div>\n\t<\/div> \n<\/div><!--End .row--><\/div><!--End .container--><\/div>\n<\/div>","protected":false},"excerpt":{"rendered":"<div data-track=\"overview\" data-v-83a2b402=\"\">\n<section id=\"activity-overview\" class=\"activity-overview\" data-component=\"overview\" data-v-83a2b402=\"\" data-v-f3236c42=\"\">\n<p class=\"activity-overview__content\" data-test-id=\"activity-overview-content\" data-v-f3236c42=\"\">Erleben Sie das unvergessliche Erlebnis der Walbeobachtung und genie\u00dfen Sie die paradiesische Insel Cayo Levantado. Nehmen Sie sich einen ganzen Tag Zeit, um die Insel Bacardi mit ihrem t\u00fcrkisfarbenen Wasser und den wei\u00dfen Sandstr\u00e4nden zu erkunden.<\/p>\n<\/section>\n<\/div>\n<div data-track=\"key-details\" data-v-83a2b402=\"\"><\/div>","protected":false},"featured_media":10615,"template":"","meta":[],"product_brand":[],"product_cat":[97],"product_tag":[101,102],"class_list":{"0":"post-10215","1":"product","2":"type-product","3":"status-publish","4":"has-post-thumbnail","6":"product_cat-dominican-republic","7":"product_tag-excursion","8":"product_tag-tour","10":"first","11":"instock","12":"sale","13":"shipping-taxable","14":"product-type-external"},"_links":{"self":[{"href":"https:\/\/whalewatching.placessites.com\/de\/wp-json\/wp\/v2\/product\/10215","targetHints":{"allow":["GET"]}}],"collection":[{"href":"https:\/\/whalewatching.placessites.com\/de\/wp-json\/wp\/v2\/product"}],"about":[{"href":"https:\/\/whalewatching.placessites.com\/de\/wp-json\/wp\/v2\/types\/product"}],"version-history":[{"count":0,"href":"https:\/\/whalewatching.placessites.com\/de\/wp-json\/wp\/v2\/product\/10215\/revisions"}],"wp:featuredmedia":[{"embeddable":true,"href":"https:\/\/whalewatching.placessites.com\/de\/wp-json\/wp\/v2\/media\/10615"}],"wp:attachment":[{"href":"https:\/\/whalewatching.placessites.com\/de\/wp-json\/wp\/v2\/media?parent=10215"}],"wp:term":[{"taxonomy":"product_brand","embeddable":true,"href":"https:\/\/whalewatching.placessites.com\/de\/wp-json\/wp\/v2\/product_brand?post=10215"},{"taxonomy":"product_cat","embeddable":true,"href":"https:\/\/whalewatching.placessites.com\/de\/wp-json\/wp\/v2\/product_cat?post=10215"},{"taxonomy":"product_tag","embeddable":true,"href":"https:\/\/whalewatching.placessites.com\/de\/wp-json\/wp\/v2\/product_tag?post=10215"}],"curies":[{"name":"wp","href":"https:\/\/api.w.org\/{rel}","templated":true}]}}