{"id":10416,"date":"2025-12-18T09:34:02","date_gmt":"2025-12-18T09:34:02","guid":{"rendered":"https:\/\/whalewatching.placessites.com\/?post_type=product&#038;p=10416"},"modified":"2025-12-19T10:17:52","modified_gmt":"2025-12-19T10:17:52","slug":"-12","status":"publish","type":"product","link":"https:\/\/whalewatching.placessites.com\/de\/tour\/-12\/","title":{"rendered":"Katamaran-Tour zur Insel Saona: Mittagessen &amp; Open Bar Erlebnis"},"content":{"rendered":"<h2>Katamaran-Tour zur Insel Saona: Mittagessen &amp; Open Bar Erlebnis<\/h2>\n<p>Betreten Sie das Paradies auf der Insel Saona, wo die \u00fcppigen Landschaften und das glitzernde Wasser einen unvergesslichen Aufenthalt in der Karibik bieten. Eine Katamaran- oder Schnellbootfahrt zu diesem atemberaubenden Ziel z\u00e4hlt zu den beliebtesten Ausfl\u00fcgen in der Dominikanischen Republik, und das aus gutem Grund. Stellen Sie sich endlos lange goldene Sandstr\u00e4nde, kristallklares t\u00fcrkisfarbenes Wasser und sich wiegende Kokosnusspalmen vor, die Ihren perfekten Tag in der Sonne umrahmen, komplett mit k\u00f6stlichem dominikanischem Rum. Bei diesem Ausflug k\u00f6nnen Sie die Sch\u00f6nheit der Natur in vollen Z\u00fcgen genie\u00dfen, w\u00e4hrend Sie sich ein k\u00f6stliches Barbecue-Mittagessen schmecken lassen.<\/p>\n<p>Reiseroute:<br \/>\n- 9:00-10:00 UHR: Unser Abenteuer beginnt mit der Abfahrt von der charmanten Stadt Bayahibe. W\u00e4hrend wir an Bord eines ger\u00e4umigen Katamarans \u00fcber das schimmernde Meer gleiten, bereiten Sie sich auf ein aufregendes Erlebnis mit Musik, lebhafter Unterhaltung und einer Vielzahl von Getr\u00e4nken vor, um die Stimmung festlich zu halten.<\/p>\n<p>- Unser erster Halt ist Palmilla, ein atemberaubender nat\u00fcrlicher Pool, in dem Sie in ruhigem, warmem Wasser schwimmen und zarte Seesterne entdecken k\u00f6nnen - ein wahrhaft einzigartiges Unterwassererlebnis.<\/p>\n<p>- Wir setzen unsere Reise fort und n\u00e4hern uns unserem exklusiven Strand auf Isla Saona, einem versteckten Juwel, das Sie in seinen Bann ziehen wird. In nur 30-45 Minuten erreichen Sie eines der malerischsten Ziele in der Karibik, wo jeder Blick eine postkartenreife Aussicht bietet.<\/p>\n<p>- W\u00e4hrend Ihres Aufenthalts am Strand k\u00f6nnen Sie sich an unserer offenen Bar mit erfrischendem Wasser, kohlens\u00e4urehaltigen Limonaden, frisch gepressten S\u00e4ften und sanftem dominikanischem Rum verw\u00f6hnen lassen, so dass Ihr Durst immer gestillt ist.<\/p>\n<p>- Genie\u00dfen Sie von 13:00 bis 14:00 Uhr ein exquisites internationales Buffet vor der Kulisse des t\u00fcrkisfarbenen Meeres. Genie\u00dfen Sie die sanfte Brise, w\u00e4hrend Sie im Schatten der Palmen speisen, w\u00e4hrend das Rauschen der Wellen am Ufer einen beruhigenden Soundtrack zu Ihrem Essen bildet.<\/p>\n<p>- Gegen 15:00 Uhr: Wenn der Tag zu Ende geht, machen wir uns auf den Weg zur\u00fcck nach Bayahibe und lassen die magischen Momente Revue passieren, bevor wir gegen 17:00 Uhr zu unserem Ausgangspunkt zur\u00fcckkehren.<\/p>\n<p>Erleben Sie mit uns einen Tag voller Sch\u00f6nheit, Entspannung und unvergesslicher Erinnerungen!<\/p>","protected":false},"excerpt":{"rendered":"<div data-track=\"overview\" data-v-56a1a938=\"\">\n<section id=\"activity-overview\" class=\"activity-overview\" data-component=\"overview\" data-v-56a1a938=\"\" data-v-f3236c42=\"\">\n<p class=\"activity-overview__content\" data-test-id=\"activity-overview-content\" data-v-f3236c42=\"\">Saona Genie\u00dfen Sie die Nummer 1 Tour der Karibik Saona Island, ein einzigartiges Abenteuer, das ohne Zweifel und Sie wie Abenteuer dieser Ganztagestour ist f\u00fcr Sie Die Person aus Cap Cana zahlt einen extra10us<\/p>\n<\/section>\n<\/div>\n<div data-track=\"key-details\" data-v-56a1a938=\"\"><\/div>","protected":false},"featured_media":10359,"template":"","meta":[],"product_brand":[],"product_cat":[97,98],"product_tag":[101,102],"class_list":{"0":"post-10416","1":"product","2":"type-product","3":"status-publish","4":"has-post-thumbnail","6":"product_cat-dominican-republic","7":"product_cat-saona-island","8":"product_tag-excursion","9":"product_tag-tour","11":"first","12":"instock","13":"sale","14":"shipping-taxable","15":"product-type-external"},"_links":{"self":[{"href":"https:\/\/whalewatching.placessites.com\/de\/wp-json\/wp\/v2\/product\/10416","targetHints":{"allow":["GET"]}}],"collection":[{"href":"https:\/\/whalewatching.placessites.com\/de\/wp-json\/wp\/v2\/product"}],"about":[{"href":"https:\/\/whalewatching.placessites.com\/de\/wp-json\/wp\/v2\/types\/product"}],"version-history":[{"count":0,"href":"https:\/\/whalewatching.placessites.com\/de\/wp-json\/wp\/v2\/product\/10416\/revisions"}],"wp:featuredmedia":[{"embeddable":true,"href":"https:\/\/whalewatching.placessites.com\/de\/wp-json\/wp\/v2\/media\/10359"}],"wp:attachment":[{"href":"https:\/\/whalewatching.placessites.com\/de\/wp-json\/wp\/v2\/media?parent=10416"}],"wp:term":[{"taxonomy":"product_brand","embeddable":true,"href":"https:\/\/whalewatching.placessites.com\/de\/wp-json\/wp\/v2\/product_brand?post=10416"},{"taxonomy":"product_cat","embeddable":true,"href":"https:\/\/whalewatching.placessites.com\/de\/wp-json\/wp\/v2\/product_cat?post=10416"},{"taxonomy":"product_tag","embeddable":true,"href":"https:\/\/whalewatching.placessites.com\/de\/wp-json\/wp\/v2\/product_tag?post=10416"}],"curies":[{"name":"wp","href":"https:\/\/api.w.org\/{rel}","templated":true}]}}