{"id":10667,"date":"2025-12-18T09:42:47","date_gmt":"2025-12-18T09:42:47","guid":{"rendered":"https:\/\/whalewatching.placessites.com\/?post_type=product&#038;p=10667"},"modified":"2025-12-18T09:54:35","modified_gmt":"2025-12-18T09:54:35","slug":"-20","status":"publish","type":"product","link":"https:\/\/whalewatching.placessites.com\/de\/tour\/-20\/","title":{"rendered":"Scuba Doo - Tauchen Scooter in Punta Cana"},"content":{"rendered":"<p><strong>Scuba Doo - Tauchen Scooter in Punta Cana<\/strong><\/p>\n<p>Beginnen Sie Ihr Abenteuer mit einer kurzen Einf\u00fchrung in die Scuba Doo-Tauchscooter. Diese innovativen Unterwasserfahrzeuge erm\u00f6glichen es Ihnen, die Tiefen des Ozeans zu erkunden, ohne dass Sie eine herk\u00f6mmliche Tauchausr\u00fcstung ben\u00f6tigen. Mit einem bequemen Sitz, einer klaren Sichtkuppel und einfach zu bedienenden Steuerelementen bieten die Scuba Doo Scooter ein einzigartiges und m\u00fcheloses Unterwassererlebnis.<\/p>\n<p>Bootsfahrt zum Tauchplatz<\/p>\n<p>Steigen Sie in ein komfortables Boot und fahren Sie zum Tauchplatz. Genie\u00dfen Sie die herrliche Aussicht auf die K\u00fcste und die erfrischende Meeresbrise, w\u00e4hrend Sie auf das kristallklare Wasser zusteuern, in dem Ihr Unterwasserabenteuer beginnen wird.<\/p>\n<p>Scuba Doo Taucherlebnis<\/p>\n<p>Bei der Ankunft am Tauchplatz erhalten Sie eine Sicherheitseinweisung und Anweisungen zur Bedienung der Scuba Doo Scooter. Sobald Sie bereit sind, steigen Sie ins Wasser und beginnen Ihre Unterwassererkundung. Mit den Scootern gleiten Sie m\u00fchelos durch das Wasser und k\u00f6nnen die atemberaubenden Korallenriffe und das vielf\u00e4ltige Meeresleben aus n\u00e4chster N\u00e4he betrachten.<\/p>\n<p>Erforschen Sie die Korallenriffe<\/p>\n<p>Navigieren Sie durch die lebhaften Korallenriffe, die Heimat einer Vielzahl von tropischen Fischen, Meeresschildkr\u00f6ten und anderen faszinierenden Meeresbewohnern. Die durchsichtige Kuppel des Scuba Doo Scooters bietet einen ungehinderten Blick auf die Unterwasserwelt, so dass Sie voll und ganz in die Sch\u00f6nheit der Meereswelt eintauchen k\u00f6nnen.<\/p>\n<p>Oberfl\u00e4chenintervall und Entspannung<\/p>\n<p>Nach dem Tauchen k\u00f6nnen Sie eine Pause auf dem Boot einlegen und Erfrischungen genie\u00dfen. Entspannen Sie sich in der Sonne, schwimmen Sie im warmen Wasser oder genie\u00dfen Sie einfach die atemberaubende Aussicht auf das Meer w\u00e4hrend der Oberfl\u00e4chenpause.<\/p>\n<p>Schnorchelkurs<\/p>\n<p>F\u00fcr diejenigen, die noch mehr erkunden m\u00f6chten, beinhaltet der Ausflug eine zweite Tauchsitzung. Tauchen Sie tiefer in die Unterwasserwelt ein und entdecken Sie neue Bereiche des Riffs, um noch mehr Meereslebewesen und Unterwasserwunder zu entdecken.<\/p>\n<p>R\u00fcckreise<\/p>\n<p>Wenn sich der Tag dem Ende zuneigt, gehen Sie an Bord des Schiffes und fahren zur\u00fcck nach Punta Cana. Lassen Sie die unglaublichen Eindr\u00fccke und Erlebnisse Ihres Unterwasserabenteuers Revue passieren. Die R\u00fcckfahrt mit dem Boot ist ein entspannter Abschluss des Tages.<\/p>\n<p>Ein einzigartiges Unterwasserabenteuer<\/p>\n<p>Das Scuba Doo-Tauchscooter-Erlebnis bietet eine unterhaltsame und zug\u00e4ngliche M\u00f6glichkeit, die Unterwasserwelt von Punta Cana zu erkunden. Egal, ob Sie ein erfahrener Taucher oder ein Neuling sind, dieser Ausflug verspricht ein unvergessliches Abenteuer unter den Wellen.<\/p>","protected":false},"excerpt":{"rendered":"<div data-track=\"overview\" data-v-83a2b402=\"\">\n<section id=\"activity-overview\" class=\"activity-overview\" data-component=\"overview\" data-v-83a2b402=\"\" data-v-f3236c42=\"\">\n<p class=\"activity-overview__content\" data-test-id=\"activity-overview-content\" data-v-f3236c42=\"\">Entdecken Sie die Unterwasserwunder von Punta Cana mit dem einzigartigen und aufregenden Scuba Doo-Tauchscooter-Erlebnis.<\/p>\n<\/section>\n<\/div>\n<div data-track=\"key-details\" data-v-83a2b402=\"\"><\/div>","protected":false},"featured_media":10963,"template":"","meta":[],"product_brand":[],"product_cat":[97],"product_tag":[101,102],"class_list":{"0":"post-10667","1":"product","2":"type-product","3":"status-publish","4":"has-post-thumbnail","6":"product_cat-dominican-republic","7":"product_tag-excursion","8":"product_tag-tour","10":"first","11":"instock","12":"sale","13":"shipping-taxable","14":"product-type-external"},"_links":{"self":[{"href":"https:\/\/whalewatching.placessites.com\/de\/wp-json\/wp\/v2\/product\/10667","targetHints":{"allow":["GET"]}}],"collection":[{"href":"https:\/\/whalewatching.placessites.com\/de\/wp-json\/wp\/v2\/product"}],"about":[{"href":"https:\/\/whalewatching.placessites.com\/de\/wp-json\/wp\/v2\/types\/product"}],"version-history":[{"count":0,"href":"https:\/\/whalewatching.placessites.com\/de\/wp-json\/wp\/v2\/product\/10667\/revisions"}],"wp:featuredmedia":[{"embeddable":true,"href":"https:\/\/whalewatching.placessites.com\/de\/wp-json\/wp\/v2\/media\/10963"}],"wp:attachment":[{"href":"https:\/\/whalewatching.placessites.com\/de\/wp-json\/wp\/v2\/media?parent=10667"}],"wp:term":[{"taxonomy":"product_brand","embeddable":true,"href":"https:\/\/whalewatching.placessites.com\/de\/wp-json\/wp\/v2\/product_brand?post=10667"},{"taxonomy":"product_cat","embeddable":true,"href":"https:\/\/whalewatching.placessites.com\/de\/wp-json\/wp\/v2\/product_cat?post=10667"},{"taxonomy":"product_tag","embeddable":true,"href":"https:\/\/whalewatching.placessites.com\/de\/wp-json\/wp\/v2\/product_tag?post=10667"}],"curies":[{"name":"wp","href":"https:\/\/api.w.org\/{rel}","templated":true}]}}