{"id":10692,"date":"2025-12-18T09:43:40","date_gmt":"2025-12-18T09:43:40","guid":{"rendered":"https:\/\/whalewatching.placessites.com\/?post_type=product&#038;p=10692"},"modified":"2025-12-18T09:55:41","modified_gmt":"2025-12-18T09:55:41","slug":"-22","status":"publish","type":"product","link":"https:\/\/whalewatching.placessites.com\/de\/tour\/-22\/","title":{"rendered":"Punta Cana: Cayo Levantado &#038; Bacardi Island Trip with Lunch"},"content":{"rendered":"<p><strong>Punta Cana: Cayo Levantado &amp; Bacardi Island Trip with Lunch<\/strong><\/p>\n<p>Explore the Saman\u00e1 Peninsula on a day tour as you discover some of its highlights on a day tour from Punta Cana. Visit the stunning El L\u00edmon waterfall, enjoy a typical Dominican lunch, and enjoy a catamaran cruise to the stunning Cay\u00f3 Levantado.<\/p>\n<p>Start with pickup from Punta Cana, Bayahibe, or Bavaro and travel through the Miches area, passing through picturesque towns.<\/p>\n<p>Once in the town of La Ca\u00f1ita, take the boat to the Saman\u00e1 peninsula. Once there, hop onboard a safari truck that takes you deep into the mountain jungle for the horse ride to the El L\u00edmon waterfall. Enjoy a refreshing dip in its flowing cascades, surrounded by the lush jungle.<\/p>\n<p>Kehren Sie zum Hafen zur\u00fcck, um ein k\u00f6stliches Mittagessen mit traditioneller dominikanischer K\u00fcche zu genie\u00dfen.<\/p>\n<p>Setzen Sie das Abenteuer mit einer Katamaranfahrt nach Cay\u00f3 Levanto fort. Genie\u00dfen Sie 90 Minuten Entspannung an den wei\u00dfen Sandstr\u00e4nden und dem schimmernden t\u00fcrkisfarbenen Wasser. Danach kehren Sie nach La Ca\u00f1ita zur\u00fcck und nehmen den Bus zur\u00fcck zu Ihrer Unterkunft.<\/p>","protected":false},"excerpt":{"rendered":"<div data-track=\"overview\" data-v-83a2b402=\"\">\n<section id=\"activity-overview\" class=\"activity-overview\" data-component=\"overview\" data-v-83a2b402=\"\" data-v-f3236c42=\"\">\n<p class=\"activity-overview__content\" data-test-id=\"activity-overview-content\" data-v-f3236c42=\"\">Let&#8217;s go see whales Discover the beauty of the Saman\u00e1 Peninsula on a day tour from Punta Cana. Explore the area by land and sea as you visit the El L\u00edmon Waterfall and Cay\u00f3 Levanto.<\/p>\n<\/section>\n<\/div>\n<div data-track=\"key-details\" data-v-83a2b402=\"\"><\/div>","protected":false},"featured_media":10991,"template":"","meta":[],"product_brand":[],"product_cat":[97],"product_tag":[101,102],"class_list":{"0":"post-10692","1":"product","2":"type-product","3":"status-publish","4":"has-post-thumbnail","6":"product_cat-dominican-republic","7":"product_tag-excursion","8":"product_tag-tour","10":"first","11":"instock","12":"sale","13":"shipping-taxable","14":"product-type-external"},"_links":{"self":[{"href":"https:\/\/whalewatching.placessites.com\/de\/wp-json\/wp\/v2\/product\/10692","targetHints":{"allow":["GET"]}}],"collection":[{"href":"https:\/\/whalewatching.placessites.com\/de\/wp-json\/wp\/v2\/product"}],"about":[{"href":"https:\/\/whalewatching.placessites.com\/de\/wp-json\/wp\/v2\/types\/product"}],"version-history":[{"count":0,"href":"https:\/\/whalewatching.placessites.com\/de\/wp-json\/wp\/v2\/product\/10692\/revisions"}],"wp:featuredmedia":[{"embeddable":true,"href":"https:\/\/whalewatching.placessites.com\/de\/wp-json\/wp\/v2\/media\/10991"}],"wp:attachment":[{"href":"https:\/\/whalewatching.placessites.com\/de\/wp-json\/wp\/v2\/media?parent=10692"}],"wp:term":[{"taxonomy":"product_brand","embeddable":true,"href":"https:\/\/whalewatching.placessites.com\/de\/wp-json\/wp\/v2\/product_brand?post=10692"},{"taxonomy":"product_cat","embeddable":true,"href":"https:\/\/whalewatching.placessites.com\/de\/wp-json\/wp\/v2\/product_cat?post=10692"},{"taxonomy":"product_tag","embeddable":true,"href":"https:\/\/whalewatching.placessites.com\/de\/wp-json\/wp\/v2\/product_tag?post=10692"}],"curies":[{"name":"wp","href":"https:\/\/api.w.org\/{rel}","templated":true}]}}