{"id":10693,"date":"2025-12-18T09:43:40","date_gmt":"2025-12-18T09:43:40","guid":{"rendered":"https:\/\/whalewatching.placessites.com\/?post_type=product&#038;p=10693"},"modified":"2025-12-18T09:55:57","modified_gmt":"2025-12-18T09:55:57","slug":"-23","status":"publish","type":"product","link":"https:\/\/whalewatching.placessites.com\/de\/tour\/-23\/","title":{"rendered":"4 Stunden Tiefseefischen von Punta Cana aus"},"content":{"rendered":"<p><strong>4 Stunden Tiefseefischen von Punta Cana aus<\/strong><\/p>\n<p>Erleben Sie ein unvergessliches Angelabenteuer in Punta Cana mit unserem All-inclusive-Paket! Beginnen Sie Ihren Tag mit der bequemen Abholung von Ihrem Hotel, wo Sie von unseren freundlichen Guides empfangen werden.<\/p>\n<p>Begleiten Sie uns auf ein voll ausgestattetes Fischerboot, wo Sie die Gelegenheit haben, verschiedene Arten zu fangen, darunter Marlin, Thunfisch und Goldbrasse, w\u00e4hrend Sie die atemberaubende Aussicht auf das Karibische Meer genie\u00dfen. W\u00e4hrend Sie Ihre F\u00e4nge einholen, k\u00f6nnen Sie sich entspannen und w\u00e4hrend der gesamten Fahrt kostenlose Getr\u00e4nke genie\u00dfen, darunter erfrischende Cocktails und lokale Getr\u00e4nke.<\/p>\n<p>Egal, ob Sie ein erfahrener Angler oder ein Anf\u00e4nger sind, unsere fachkundige Crew wird Ihnen zur Seite stehen und f\u00fcr ein fantastisches Erlebnis sorgen. Buchen Sie noch heute Ihren Angelausflug und schaffen Sie bleibende Erinnerungen in den wundersch\u00f6nen Gew\u00e4ssern von Punta Cana!<\/p>\n<p>Punta Cana hat viel \u00fcber das Meeresleben und den Naturschutz zu bieten, und deshalb haben wir auch die besten Pl\u00e4tze zum Angeln in der Gegend von Punta Cana.<\/p>\n<p>Punta Cana ist eines der beliebtesten Reiseziele in der Karibik f\u00fcr den Tourismus und ist voll von verschiedenen Arten von Fischen, die Sie mit uns fischen gehen k\u00f6nnen.<\/p>\n<ul>\n<li>Werfen Sie die Angel aus und fangen Sie den Fang Ihres Lebens mit einer hochwertigen Ausr\u00fcstung<\/li>\n<li>Erfrischen Sie sich unterwegs mit kostenlosem Bier, Limonade und Wasser<\/li>\n<li>Versuchen Sie, einheimische Meerestiere wie Marlin, Segelfisch, Thunfisch und Mahi-Mahi zu fangen.<\/li>\n<li>Bewundern Sie die atemberaubende Aussicht auf das kristallklare Wasser von Punta Cana<\/li>\n<\/ul>","protected":false},"excerpt":{"rendered":"<div data-track=\"overview\" data-v-83a2b402=\"\">\n<section id=\"activity-overview\" class=\"activity-overview\" data-component=\"overview\" data-v-83a2b402=\"\" data-v-f3236c42=\"\">\n<p class=\"activity-overview__content\" data-test-id=\"activity-overview-content\" data-v-f3236c42=\"\">WENN SIE EINE LEIDENSCHAFT F\u00dcR DAS HOCHSEEFISCHEN HABEN, IST DIES DIE GELEGENHEIT, DAS BESTE EXEMPLAR ALS TROPH\u00c4E ZU FANGEN, VOM BARRAKUDA \u00dcBER DEN MAHI MAHI BIS HIN ZUM MARLIN, UND UNSER TEAM WIRD IHNEN AUF DEM GANZEN WEG HELFEN.<\/p>\n<\/section>\n<\/div>\n<div data-track=\"key-details\" data-v-83a2b402=\"\"><\/div>","protected":false},"featured_media":11007,"template":"","meta":[],"product_brand":[],"product_cat":[97],"product_tag":[101,102],"class_list":{"0":"post-10693","1":"product","2":"type-product","3":"status-publish","4":"has-post-thumbnail","6":"product_cat-dominican-republic","7":"product_tag-excursion","8":"product_tag-tour","10":"first","11":"instock","12":"sale","13":"shipping-taxable","14":"product-type-external"},"_links":{"self":[{"href":"https:\/\/whalewatching.placessites.com\/de\/wp-json\/wp\/v2\/product\/10693","targetHints":{"allow":["GET"]}}],"collection":[{"href":"https:\/\/whalewatching.placessites.com\/de\/wp-json\/wp\/v2\/product"}],"about":[{"href":"https:\/\/whalewatching.placessites.com\/de\/wp-json\/wp\/v2\/types\/product"}],"version-history":[{"count":0,"href":"https:\/\/whalewatching.placessites.com\/de\/wp-json\/wp\/v2\/product\/10693\/revisions"}],"wp:featuredmedia":[{"embeddable":true,"href":"https:\/\/whalewatching.placessites.com\/de\/wp-json\/wp\/v2\/media\/11007"}],"wp:attachment":[{"href":"https:\/\/whalewatching.placessites.com\/de\/wp-json\/wp\/v2\/media?parent=10693"}],"wp:term":[{"taxonomy":"product_brand","embeddable":true,"href":"https:\/\/whalewatching.placessites.com\/de\/wp-json\/wp\/v2\/product_brand?post=10693"},{"taxonomy":"product_cat","embeddable":true,"href":"https:\/\/whalewatching.placessites.com\/de\/wp-json\/wp\/v2\/product_cat?post=10693"},{"taxonomy":"product_tag","embeddable":true,"href":"https:\/\/whalewatching.placessites.com\/de\/wp-json\/wp\/v2\/product_tag?post=10693"}],"curies":[{"name":"wp","href":"https:\/\/api.w.org\/{rel}","templated":true}]}}