{"id":10893,"date":"2025-12-18T09:51:27","date_gmt":"2025-12-18T09:51:27","guid":{"rendered":"https:\/\/whalewatching.placessites.com\/?post_type=product&#038;p=10893"},"modified":"2025-12-18T10:03:59","modified_gmt":"2025-12-18T10:03:59","slug":"los-haitises-nachtwanderung-im-regenwald","status":"publish","type":"product","link":"https:\/\/whalewatching.placessites.com\/de\/tour\/los-haitises-nachtwanderung-im-regenwald\/","title":{"rendered":"Los Haitises Nachtwanderung im Regenwald"},"content":{"rendered":"<h1 class=\"product_title entry-title\"><span style=\"font-size: 12pt;\">Los Haitises Nachtwanderung im Regenwald<\/span><\/h1>\n<p>Nachtwanderung im Nationalpark Los Haitises<\/p>\n<p>Wagen Sie sich in den Regenwald des Nationalparks Los Haitises und entdecken Sie die Wunder der Natur bei Einbruch der Dunkelheit.<\/p>\n<p>Unter der Leitung eines professionellen Naturf\u00fchrers erkunden Sie den Regenwald nach Einbruch der Dunkelheit, mit wachen Sinnen und einer Taschenlampe in der Hand. Verpassen Sie nicht die Chance, die Kreaturen zu sehen, die nur wenige zu Gesicht bekommen: die Kreaturen, die nur zum Leben erwachen, wenn der Rest des Landes schl\u00e4ft... Mit anderen Worten: Die Nacht ist die beste Zeit, um wilde Tiere zu sehen!<\/p>\n<p>Sie werden abgeholt und zum Startpunkt der Nachtwanderung gebracht. Ihr Reiseleiter wird Sie durch die Regenwaldpfade f\u00fchren und dabei die verschiedenen Pflanzen und Tiere entlang des Weges zeigen und analysieren.<\/p>\n<p>Wenn es regnet, k\u00f6nnen Sie sich gl\u00fccklich sch\u00e4tzen! Regen erh\u00f6ht die Aktivit\u00e4t der Tiere im Regenwald, was die Wahrscheinlichkeit erh\u00f6ht, dass man Tiere wie Faultiere, Flughunde und den rot\u00e4ugigen Laubfrosch sieht.<\/p>\n<p>Am Ende der Tour werden Sie zu Ihrem Hotel zur\u00fcckgebracht, wo Sie sich ausruhen und die fantastischen Bilder ansehen k\u00f6nnen, die Sie von der unglaublichen n\u00e4chtlichen Tierwelt von Arenal gemacht haben. Vergessen Sie nicht, sie auf Facebook und Instagram zu teilen und sie mit #bookingadventures zu markieren.<\/p>","protected":false},"excerpt":{"rendered":"<div data-track=\"overview\" data-v-83a2b402=\"\">\n<section id=\"activity-overview\" class=\"activity-overview\" data-component=\"overview\" data-v-83a2b402=\"\" data-v-f3236c42=\"\">\n<p class=\"activity-overview__content\" data-test-id=\"activity-overview-content\" data-v-f3236c42=\"\">Entdecken Sie die urspr\u00fcngliche Natur des Nationalparks Los Haitises bei Nacht. Wanderung und Pr\u00e4sentation der Tierwelt.<\/p>\n<\/section>\n<\/div>\n<div data-track=\"key-details\" data-v-83a2b402=\"\"><\/div>","protected":false},"featured_media":11205,"template":"","meta":[],"product_brand":[],"product_cat":[97],"product_tag":[101,102],"class_list":{"0":"post-10893","1":"product","2":"type-product","3":"status-publish","4":"has-post-thumbnail","6":"product_cat-dominican-republic","7":"product_tag-excursion","8":"product_tag-tour","10":"first","11":"instock","12":"sale","13":"shipping-taxable","14":"product-type-external"},"_links":{"self":[{"href":"https:\/\/whalewatching.placessites.com\/de\/wp-json\/wp\/v2\/product\/10893","targetHints":{"allow":["GET"]}}],"collection":[{"href":"https:\/\/whalewatching.placessites.com\/de\/wp-json\/wp\/v2\/product"}],"about":[{"href":"https:\/\/whalewatching.placessites.com\/de\/wp-json\/wp\/v2\/types\/product"}],"version-history":[{"count":0,"href":"https:\/\/whalewatching.placessites.com\/de\/wp-json\/wp\/v2\/product\/10893\/revisions"}],"wp:featuredmedia":[{"embeddable":true,"href":"https:\/\/whalewatching.placessites.com\/de\/wp-json\/wp\/v2\/media\/11205"}],"wp:attachment":[{"href":"https:\/\/whalewatching.placessites.com\/de\/wp-json\/wp\/v2\/media?parent=10893"}],"wp:term":[{"taxonomy":"product_brand","embeddable":true,"href":"https:\/\/whalewatching.placessites.com\/de\/wp-json\/wp\/v2\/product_brand?post=10893"},{"taxonomy":"product_cat","embeddable":true,"href":"https:\/\/whalewatching.placessites.com\/de\/wp-json\/wp\/v2\/product_cat?post=10893"},{"taxonomy":"product_tag","embeddable":true,"href":"https:\/\/whalewatching.placessites.com\/de\/wp-json\/wp\/v2\/product_tag?post=10893"}],"curies":[{"name":"wp","href":"https:\/\/api.w.org\/{rel}","templated":true}]}}