{"id":11039,"date":"2025-12-18T09:57:03","date_gmt":"2025-12-18T09:57:03","guid":{"rendered":"https:\/\/whalewatching.placessites.com\/?post_type=product&#038;p=11039"},"modified":"2025-12-18T10:07:30","modified_gmt":"2025-12-18T10:07:30","slug":"4wheel-atv-tour-amber-cove-taino-bay","status":"publish","type":"product","link":"https:\/\/whalewatching.placessites.com\/de\/tour\/4wheel-atv-tour-amber-cove-taino-bay\/","title":{"rendered":"4-Rad-ATV-Tour in der Bernsteinbucht und der Taino-Bucht in Puerto Plata"},"content":{"rendered":"<p>4-Rad-ATV-Tour in der Bernsteinbucht und der Taino-Bucht in Puerto Plata<\/p>\n<p>Vorbei an: Amber Cove Cruise Park Kreuzfahrtterminal, Puerto Plata 57000 Dominikanische Republik<\/p>\n<p>Der Landausflug nach Amber Cove beinhaltet die Abholung vom Hafen und die R\u00fcckfahrt, einen Zigarrenstopp, einen Strand, erfahrene F\u00fchrer, einen Helm und eine Verkostung auf dem R\u00fcckweg zum Hafen. Genie\u00dfen Sie den spektakul\u00e4ren Panoramablick, die Str\u00e4nde und die lokalen K\u00f6stlichkeiten.<\/p>\n<p>Halten Sie an: Maimon, Maimon, Provinz Puerto Plata, Dominikanische Republik<\/p>\n<p>Nur 15 Minuten vom sch\u00f6nen Hafen der dominikanischen Landschaft entfernt, entlang des Atlantischen Ozeans, wo Sie Fotos machen k\u00f6nnen. Halten Sie f\u00fcr eine authentische kleine Zigarre rollen, wo Sie \u00fcber Zigarren lernen k\u00f6nnen, probieren Sie lokale Bio-Kaffee, und sogar Geschmack mamajuana.<\/p>","protected":false},"excerpt":{"rendered":"<div data-track=\"overview\" data-v-83a2b402=\"\">\n<section id=\"activity-overview\" class=\"activity-overview\" data-component=\"overview\" data-v-83a2b402=\"\" data-v-f3236c42=\"\">\n<p class=\"activity-overview__content\" data-test-id=\"activity-overview-content\" data-v-f3236c42=\"\">Erkunden Sie die Str\u00e4nde und die Landschaft von Puerto Plate mit dem ATV. Die Guides f\u00fchren Sie durch kleine Farmen, wo Sie das Drehen von Zigarren lernen und lokalen Bio-Kaffee, hei\u00dfe Schokolade und Rum probieren k\u00f6nnen.<\/p>\n<\/section>\n<\/div>\n<div data-track=\"key-details\" data-v-83a2b402=\"\"><\/div>","protected":false},"featured_media":11297,"template":"","meta":[],"product_brand":[],"product_cat":[97],"product_tag":[101,102],"class_list":{"0":"post-11039","1":"product","2":"type-product","3":"status-publish","4":"has-post-thumbnail","6":"product_cat-dominican-republic","7":"product_tag-excursion","8":"product_tag-tour","10":"first","11":"instock","12":"sale","13":"shipping-taxable","14":"product-type-external"},"_links":{"self":[{"href":"https:\/\/whalewatching.placessites.com\/de\/wp-json\/wp\/v2\/product\/11039","targetHints":{"allow":["GET"]}}],"collection":[{"href":"https:\/\/whalewatching.placessites.com\/de\/wp-json\/wp\/v2\/product"}],"about":[{"href":"https:\/\/whalewatching.placessites.com\/de\/wp-json\/wp\/v2\/types\/product"}],"version-history":[{"count":0,"href":"https:\/\/whalewatching.placessites.com\/de\/wp-json\/wp\/v2\/product\/11039\/revisions"}],"wp:featuredmedia":[{"embeddable":true,"href":"https:\/\/whalewatching.placessites.com\/de\/wp-json\/wp\/v2\/media\/11297"}],"wp:attachment":[{"href":"https:\/\/whalewatching.placessites.com\/de\/wp-json\/wp\/v2\/media?parent=11039"}],"wp:term":[{"taxonomy":"product_brand","embeddable":true,"href":"https:\/\/whalewatching.placessites.com\/de\/wp-json\/wp\/v2\/product_brand?post=11039"},{"taxonomy":"product_cat","embeddable":true,"href":"https:\/\/whalewatching.placessites.com\/de\/wp-json\/wp\/v2\/product_cat?post=11039"},{"taxonomy":"product_tag","embeddable":true,"href":"https:\/\/whalewatching.placessites.com\/de\/wp-json\/wp\/v2\/product_tag?post=11039"}],"curies":[{"name":"wp","href":"https:\/\/api.w.org\/{rel}","templated":true}]}}