{"id":11309,"date":"2025-12-18T10:07:43","date_gmt":"2025-12-18T10:07:43","guid":{"rendered":"https:\/\/whalewatching.placessites.com\/?post_type=product&#038;p=11309"},"modified":"2025-12-18T10:19:04","modified_gmt":"2025-12-18T10:19:04","slug":"santo-domingo-odyssee-tour-von-punta-cana-bavaro","status":"publish","type":"product","link":"https:\/\/whalewatching.placessites.com\/de\/tour\/santo-domingo-odyssee-tour-von-punta-cana-bavaro\/","title":{"rendered":"Santo Domingo Odyssee Tour von Punta Cana\/Bavaro"},"content":{"rendered":"<p>Entdecken Sie die faszinierende Geschichte und Kultur von Santo Domingo auf dieser gef\u00fchrten Tour, die Sie zu den wichtigsten historischen St\u00e4tten der dominikanischen Hauptstadt f\u00fchrt. Beginnen Sie mit einem Besuch der beeindruckenden unterirdischen Seen von Los Tres Ojos, wo Sie die nat\u00fcrliche Sch\u00f6nheit der Region bewundern k\u00f6nnen. Dann tauchen Sie ein in das reiche Erbe der Kolonialzone, der ersten Stadt der Neuen Welt.<\/p>\n<p>Entdecken Sie den Alcazar de Colon, die ehemalige Residenz von Christoph Kolumbus\u2019 Sohn, und schlendern Sie durch den majest\u00e4tischen Pr\u00e4sidentenpalast. Besuchen Sie den ber\u00fchmten Kolumbus-Park, einen Ort voller Leben und Kultur, und beenden Sie Ihre Tour an der beeindruckenden Catedral Primada de Am\u00e9rica, der ersten Kathedrale, die in Amerika gebaut wurde.<\/p>\n<p>Mit einem fachkundigen Reiseleiter, der Sie mit detaillierten Informationen \u00fcber jeden Ort versorgt, ist diese Tour perfekt f\u00fcr diejenigen, die etwas \u00fcber die Geschichte und Kultur der Dominikanischen Republik erfahren m\u00f6chten.<\/p>","protected":false},"excerpt":{"rendered":"<div data-track=\"overview\" data-v-83a2b402=\"\">\n<section id=\"activity-overview\" class=\"activity-overview\" data-component=\"overview\" data-v-83a2b402=\"\" data-v-f3236c42=\"\">\n<p class=\"activity-overview__content\" data-test-id=\"activity-overview-content\" data-v-f3236c42=\"\">Erkunden Sie Los Tres Ojos, besichtigen Sie die Kolonialzone, besuchen Sie den Alcazar de Colon, den Pr\u00e4sidentenpalast, den Colon-Park und die Catedral Primada de America im Rahmen einer einzigartigen F\u00fchrung.<\/p>\n<\/section>\n<\/div>\n<div data-track=\"key-details\" data-v-83a2b402=\"\"><\/div>","protected":false},"featured_media":11620,"template":"","meta":[],"product_brand":[],"product_cat":[97],"product_tag":[101,102],"class_list":{"0":"post-11309","1":"product","2":"type-product","3":"status-publish","4":"has-post-thumbnail","6":"product_cat-dominican-republic","7":"product_tag-excursion","8":"product_tag-tour","10":"first","11":"instock","12":"shipping-taxable","13":"product-type-external"},"_links":{"self":[{"href":"https:\/\/whalewatching.placessites.com\/de\/wp-json\/wp\/v2\/product\/11309","targetHints":{"allow":["GET"]}}],"collection":[{"href":"https:\/\/whalewatching.placessites.com\/de\/wp-json\/wp\/v2\/product"}],"about":[{"href":"https:\/\/whalewatching.placessites.com\/de\/wp-json\/wp\/v2\/types\/product"}],"version-history":[{"count":0,"href":"https:\/\/whalewatching.placessites.com\/de\/wp-json\/wp\/v2\/product\/11309\/revisions"}],"wp:featuredmedia":[{"embeddable":true,"href":"https:\/\/whalewatching.placessites.com\/de\/wp-json\/wp\/v2\/media\/11620"}],"wp:attachment":[{"href":"https:\/\/whalewatching.placessites.com\/de\/wp-json\/wp\/v2\/media?parent=11309"}],"wp:term":[{"taxonomy":"product_brand","embeddable":true,"href":"https:\/\/whalewatching.placessites.com\/de\/wp-json\/wp\/v2\/product_brand?post=11309"},{"taxonomy":"product_cat","embeddable":true,"href":"https:\/\/whalewatching.placessites.com\/de\/wp-json\/wp\/v2\/product_cat?post=11309"},{"taxonomy":"product_tag","embeddable":true,"href":"https:\/\/whalewatching.placessites.com\/de\/wp-json\/wp\/v2\/product_tag?post=11309"}],"curies":[{"name":"wp","href":"https:\/\/api.w.org\/{rel}","templated":true}]}}