{"id":11326,"date":"2025-12-18T10:08:17","date_gmt":"2025-12-18T10:08:17","guid":{"rendered":"https:\/\/whalewatching.placessites.com\/?post_type=product&#038;p=11326"},"modified":"2025-12-18T10:19:46","modified_gmt":"2025-12-18T10:19:46","slug":"-48","status":"publish","type":"product","link":"https:\/\/whalewatching.placessites.com\/de\/tour\/-48\/","title":{"rendered":"Punta Cana: Saman\u00e1-Tour mit Reitausflug, Kreuzfahrt und Mittagessen"},"content":{"rendered":"<p>Erkunden Sie die Halbinsel Saman\u00e1 auf einer Tagestour und entdecken Sie einige ihrer H\u00f6hepunkte auf einer Tagestour ab Punta Cana. Besuchen Sie den atemberaubenden Wasserfall El L\u00edmon, genie\u00dfen Sie ein typisch dominikanisches Mittagessen und machen Sie eine Katamaranfahrt zur atemberaubenden Cay\u00f3 Levanto.<\/p>\n<p>Beginnen Sie mit der Abholung in Punta Cana, Bayahibe oder Bavaro und fahren Sie durch die Region Miches, vorbei an malerischen St\u00e4dten. In der Stadt La Ca\u00f1ita angekommen, nehmen Sie das Boot zur Halbinsel Saman\u00e1.<\/p>\n<p>Dort angekommen, steigen Sie in einen Safari-Truck, der Sie tief in den Bergdschungel bringt und reiten Sie zum Wasserfall El L\u00edmon. Genie\u00dfen Sie ein erfrischendes Bad in den flie\u00dfenden Kaskaden, umgeben vom \u00fcppigen Dschungel.<\/p>\n<p>Kehren Sie zum Hafen zur\u00fcck, um ein k\u00f6stliches Mittagessen mit traditioneller dominikanischer K\u00fcche zu genie\u00dfen.<\/p>\n<p>Setzen Sie das Abenteuer mit einer Katamaranfahrt nach Cay\u00f3 Levanto fort. Genie\u00dfen Sie 90 Minuten Entspannung an den wei\u00dfen Sandstr\u00e4nden und dem schimmernden t\u00fcrkisfarbenen Wasser. Danach kehren Sie nach La Ca\u00f1ita zur\u00fcck und nehmen den Bus zur\u00fcck zu Ihrer Unterkunft.<\/p>","protected":false},"excerpt":{"rendered":"<div data-track=\"overview\" data-v-83a2b402=\"\">\n<section id=\"activity-overview\" class=\"activity-overview\" data-component=\"overview\" data-v-83a2b402=\"\" data-v-f3236c42=\"\">\n<p class=\"activity-overview__content\" data-test-id=\"activity-overview-content\" data-v-f3236c42=\"\">Beobachten Sie Wale auf einer Katamaranfahrt nach Cay\u00f3 Levanto, reiten Sie auf einem Pferd zum Wasserfall El L\u00edmon und entdecken Sie die Sch\u00f6nheit der Halbinsel Saman\u00e1, indem Sie diesen Tagesausflug ab Punta Cana buchen. Buchen Sie jetzt und bezahlen Sie den Rest sp\u00e4ter.<\/p>\n<\/section>\n<\/div>\n<div data-track=\"key-details\" data-v-83a2b402=\"\"><\/div>","protected":false},"featured_media":11642,"template":"","meta":[],"product_brand":[],"product_cat":[97],"product_tag":[101,102],"class_list":{"0":"post-11326","1":"product","2":"type-product","3":"status-publish","4":"has-post-thumbnail","6":"product_cat-dominican-republic","7":"product_tag-excursion","8":"product_tag-tour","10":"first","11":"instock","12":"shipping-taxable","13":"product-type-external"},"_links":{"self":[{"href":"https:\/\/whalewatching.placessites.com\/de\/wp-json\/wp\/v2\/product\/11326","targetHints":{"allow":["GET"]}}],"collection":[{"href":"https:\/\/whalewatching.placessites.com\/de\/wp-json\/wp\/v2\/product"}],"about":[{"href":"https:\/\/whalewatching.placessites.com\/de\/wp-json\/wp\/v2\/types\/product"}],"version-history":[{"count":0,"href":"https:\/\/whalewatching.placessites.com\/de\/wp-json\/wp\/v2\/product\/11326\/revisions"}],"wp:featuredmedia":[{"embeddable":true,"href":"https:\/\/whalewatching.placessites.com\/de\/wp-json\/wp\/v2\/media\/11642"}],"wp:attachment":[{"href":"https:\/\/whalewatching.placessites.com\/de\/wp-json\/wp\/v2\/media?parent=11326"}],"wp:term":[{"taxonomy":"product_brand","embeddable":true,"href":"https:\/\/whalewatching.placessites.com\/de\/wp-json\/wp\/v2\/product_brand?post=11326"},{"taxonomy":"product_cat","embeddable":true,"href":"https:\/\/whalewatching.placessites.com\/de\/wp-json\/wp\/v2\/product_cat?post=11326"},{"taxonomy":"product_tag","embeddable":true,"href":"https:\/\/whalewatching.placessites.com\/de\/wp-json\/wp\/v2\/product_tag?post=11326"}],"curies":[{"name":"wp","href":"https:\/\/api.w.org\/{rel}","templated":true}]}}