{"id":11572,"date":"2025-12-18T10:17:13","date_gmt":"2025-12-18T10:17:13","guid":{"rendered":"https:\/\/whalewatching.placessites.com\/?post_type=product&#038;p=11572"},"modified":"2025-12-18T10:29:30","modified_gmt":"2025-12-18T10:29:30","slug":"-66","status":"publish","type":"product","link":"https:\/\/whalewatching.placessites.com\/de\/tour\/-66\/","title":{"rendered":"Haitises + Cayo Levantado ( Bacardi Insel )"},"content":{"rendered":"<p>Begeben Sie sich auf einen ganzt\u00e4gigen Ausflug von Saman\u00e1 zum Nationalpark Los Haitises. Genie\u00dfen Sie die nat\u00fcrliche Sch\u00f6nheit des Parks auf einer Bootstour und halten Sie dabei Ausschau nach einer Vielzahl bunter Tierarten. Genie\u00dfen Sie ein typisch dominikanisches Mittagsbuffet auf der paradiesischen Insel Cayo Levantado.<\/p>\n<p>Steigen Sie am Hafen von Saman\u00e1 in ein komfortables Boot und fahren Sie zu den vielen kleinen Inseln, die den Nationalpark Los Haitises bilden. Bewundern Sie die nat\u00fcrlichen Attraktionen des Parks, wie die Mangroven, und einige der Vogelarten des Parks, wie Pelikane, Reiher und den Ridgway-Falken.<\/p>\n<p>Nehmen Sie sich Zeit f\u00fcr einen Spaziergang durch historische H\u00f6hlen und spektakul\u00e4r \u00fcppige Landschaften. Bestaunen Sie die H\u00f6hlen, in denen sich einige der zahlreichsten einheimischen Petroglyphen und Piktogramme des Landes befinden.<\/p>\n<p>Fahren Sie nach Cayo Levantado, auch bekannt als Bacardi-Insel, und genie\u00dfen Sie die warmen Str\u00e4nde des malerischen Ortes sowie ein k\u00f6stliches Mittagsbuffet, bevor Sie zu Ihrem Treffpunkt zur\u00fcckkehren.<\/p>","protected":false},"excerpt":{"rendered":"<div data-track=\"overview\" data-v-83a2b402=\"\">\n<section id=\"activity-overview\" class=\"activity-overview\" data-component=\"overview\" data-v-83a2b402=\"\" data-v-f3236c42=\"\">\n<p class=\"activity-overview__content\" data-test-id=\"activity-overview-content\" data-v-f3236c42=\"\">Entdecken Sie den Nationalpark Los Haitises bei einer gef\u00fchrten Bootstour auf diesem Ganztagesausflug ab Saman\u00e1. Erkunden Sie H\u00f6hlen zu Fu\u00df und genie\u00dfen Sie ein dominikanisches Mittagsbuffet auf der malerischen Insel Cayo Levantado.<\/p>\n<\/section>\n<\/div>\n<div data-track=\"key-details\" data-v-83a2b402=\"\"><\/div>","protected":false},"featured_media":11892,"template":"","meta":[],"product_brand":[],"product_cat":[97],"product_tag":[101,102],"class_list":{"0":"post-11572","1":"product","2":"type-product","3":"status-publish","4":"has-post-thumbnail","6":"product_cat-dominican-republic","7":"product_tag-excursion","8":"product_tag-tour","10":"first","11":"instock","12":"shipping-taxable","13":"product-type-external"},"_links":{"self":[{"href":"https:\/\/whalewatching.placessites.com\/de\/wp-json\/wp\/v2\/product\/11572","targetHints":{"allow":["GET"]}}],"collection":[{"href":"https:\/\/whalewatching.placessites.com\/de\/wp-json\/wp\/v2\/product"}],"about":[{"href":"https:\/\/whalewatching.placessites.com\/de\/wp-json\/wp\/v2\/types\/product"}],"version-history":[{"count":0,"href":"https:\/\/whalewatching.placessites.com\/de\/wp-json\/wp\/v2\/product\/11572\/revisions"}],"wp:featuredmedia":[{"embeddable":true,"href":"https:\/\/whalewatching.placessites.com\/de\/wp-json\/wp\/v2\/media\/11892"}],"wp:attachment":[{"href":"https:\/\/whalewatching.placessites.com\/de\/wp-json\/wp\/v2\/media?parent=11572"}],"wp:term":[{"taxonomy":"product_brand","embeddable":true,"href":"https:\/\/whalewatching.placessites.com\/de\/wp-json\/wp\/v2\/product_brand?post=11572"},{"taxonomy":"product_cat","embeddable":true,"href":"https:\/\/whalewatching.placessites.com\/de\/wp-json\/wp\/v2\/product_cat?post=11572"},{"taxonomy":"product_tag","embeddable":true,"href":"https:\/\/whalewatching.placessites.com\/de\/wp-json\/wp\/v2\/product_tag?post=11572"}],"curies":[{"name":"wp","href":"https:\/\/api.w.org\/{rel}","templated":true}]}}