{"id":11966,"date":"2025-12-18T10:33:02","date_gmt":"2025-12-18T10:33:02","guid":{"rendered":"https:\/\/whalewatching.placessites.com\/?post_type=product&#038;p=11966"},"modified":"2025-12-18T10:46:30","modified_gmt":"2025-12-18T10:46:30","slug":"-97","status":"publish","type":"product","link":"https:\/\/whalewatching.placessites.com\/de\/tour\/-97\/","title":{"rendered":"Santo Domingo Stadt - \u201cPatrimonio colonial\u201d- Ganzt\u00e4gige Tour"},"content":{"rendered":"<p>Entdecken Sie die bezaubernde Faszination von Santo Domingo, einer Stadt voller Geschichte, Kultur und atemberaubender Landschaften. Begeben Sie sich auf eine fesselnde Reise durch die \u00e4lteste Hauptstadt der \u201cNeuen\u201d Welt, wo jeder Pflasterstein eine Geschichte aus vergangenen Jahrhunderten erz\u00e4hlt.<\/p>\n<p>Nehmen Sie an unserer Sightseeing-Tour teil und erleben Sie ein Erlebnis, das die ganze Familie begeistern wird. Ihr Tag beginnt mit einer reibungslosen Abholung vom Hotel, begleitet von einem fachkundigen F\u00fchrer, der Ihnen die faszinierende Geschichte der Dominikanischen Republik n\u00e4herbringt.<\/p>\n<p>In Santo Domingo k\u00f6nnen Sie die beeindruckenden Cenoten des Nationalparks Los Tres Ojos bestaunen, ein Naturwunder, das darauf wartet, erkundet zu werden. Tauchen Sie ein in das Herz des kulturellen Erbes der Stadt und besuchen Sie ikonische Wahrzeichen wie die erste Kathedrale Amerikas, den majest\u00e4tischen Palacio de Col\u00f3n und das verehrte nationale Pantheon.<\/p>\n<p>Schlendern Sie durch die charmanten Kopfsteinpflasterstra\u00dfen von \u201cThe Ladies\u201d, der \u00e4ltesten Stadt Amerikas, und genie\u00dfen Sie den Panoramablick auf die Kolonialarchitektur entlang der Avenida Malec\u00f3n. Beenden Sie Ihre Reise mit einem Besuch des hoch aufragenden Faro de Col\u00f3n, einem Zeugnis von Santo Domingos bleibendem Erbe.<\/p>\n<div class=\"toggle-content__content toggle-content__content--expanded toggle-content__content--packable\" data-v-59485d64=\"\">\n<div data-test-id=\"activity-full-description-text\" data-v-5835c99c=\"\">Erleben Sie die Magie von Santo Domingo - einer Stadt, in der Geschichte lebendig wird und wo das Abenteuer auf Schritt und Tritt wartet. Verpassen Sie nicht Ihre Chance, an diesem unvergesslichen Ausflug in das Herz der dominikanischen Kultur und des dominikanischen Erbes teilzunehmen.<\/div>\n<\/div>\n<div class=\"toggle-content__label-placeholder\" data-v-59485d64=\"\"><\/div>","protected":false},"excerpt":{"rendered":"<div data-track=\"overview\" data-v-83a2b402=\"\">\n<section id=\"activity-overview\" class=\"activity-overview\" data-component=\"overview\" data-v-83a2b402=\"\" data-v-f3236c42=\"\">\n<p class=\"activity-overview__content\" data-test-id=\"activity-overview-content\" data-v-f3236c42=\"\">Entdecken Sie den Zauber der Stadt Santo Domingo: reiche Geschichte, Kultur und atemberaubende Landschaften erwarten Sie auf diesem Ausflug. Unvergessliches Familienabenteuer! Vergessen Sie nicht, es ist die erste Stadt Amerikas.<\/p>\n<\/section>\n<\/div>\n<div data-track=\"key-details\" data-v-83a2b402=\"\"><\/div>","protected":false},"featured_media":12298,"template":"","meta":[],"product_brand":[],"product_cat":[97],"product_tag":[101,102],"class_list":{"0":"post-11966","1":"product","2":"type-product","3":"status-publish","4":"has-post-thumbnail","6":"product_cat-dominican-republic","7":"product_tag-excursion","8":"product_tag-tour","10":"first","11":"instock","12":"shipping-taxable","13":"product-type-external"},"_links":{"self":[{"href":"https:\/\/whalewatching.placessites.com\/de\/wp-json\/wp\/v2\/product\/11966","targetHints":{"allow":["GET"]}}],"collection":[{"href":"https:\/\/whalewatching.placessites.com\/de\/wp-json\/wp\/v2\/product"}],"about":[{"href":"https:\/\/whalewatching.placessites.com\/de\/wp-json\/wp\/v2\/types\/product"}],"version-history":[{"count":0,"href":"https:\/\/whalewatching.placessites.com\/de\/wp-json\/wp\/v2\/product\/11966\/revisions"}],"wp:featuredmedia":[{"embeddable":true,"href":"https:\/\/whalewatching.placessites.com\/de\/wp-json\/wp\/v2\/media\/12298"}],"wp:attachment":[{"href":"https:\/\/whalewatching.placessites.com\/de\/wp-json\/wp\/v2\/media?parent=11966"}],"wp:term":[{"taxonomy":"product_brand","embeddable":true,"href":"https:\/\/whalewatching.placessites.com\/de\/wp-json\/wp\/v2\/product_brand?post=11966"},{"taxonomy":"product_cat","embeddable":true,"href":"https:\/\/whalewatching.placessites.com\/de\/wp-json\/wp\/v2\/product_cat?post=11966"},{"taxonomy":"product_tag","embeddable":true,"href":"https:\/\/whalewatching.placessites.com\/de\/wp-json\/wp\/v2\/product_tag?post=11966"}],"curies":[{"name":"wp","href":"https:\/\/api.w.org\/{rel}","templated":true}]}}