{"id":12809,"date":"2025-12-18T11:07:15","date_gmt":"2025-12-18T11:07:15","guid":{"rendered":"https:\/\/whalewatching.placessites.com\/?post_type=product&#038;p=12809"},"modified":"2025-12-18T11:16:46","modified_gmt":"2025-12-18T11:16:46","slug":"-158","status":"publish","type":"product","link":"https:\/\/whalewatching.placessites.com\/de\/tour\/-158\/","title":{"rendered":"Puerto Plata Stadtrundfahrt"},"content":{"rendered":"<div class=\"toggle-content__content toggle-content__content--expanded toggle-content__content--packable\" data-v-59485d64=\"\">\n<div data-test-id=\"activity-full-description-text\" data-v-5835c99c=\"\"><strong>Puerto Plata Stadtrundfahrt\u00a0<\/strong><\/div>\n<div data-test-id=\"activity-full-description-text\" data-v-5835c99c=\"\"><\/div>\n<div data-test-id=\"activity-full-description-text\" data-v-5835c99c=\"\">\u201cBegeben Sie sich mit uns auf eine unvergessliche Reise durch die bezaubernden Landschaften von Puerto Plata. Unsere spannende Tour f\u00fchrt Sie zu den folgenden fesselnden Zielen:<\/div>\n<div data-test-id=\"activity-full-description-text\" data-v-5835c99c=\"\"><\/div>\n<div data-test-id=\"activity-full-description-text\" data-v-5835c99c=\"\">1. Macorix Rum Fabrik: Nehmen Sie an einer 15- bis 20-min\u00fctigen F\u00fchrung teil, die von einem sachkundigen Fabrikmanager geleitet wird. Erleben Sie die reiche Geschichte und Handwerkskunst hinter dem ber\u00fchmten Macorix-Rum.<\/div>\n<div data-test-id=\"activity-full-description-text\" data-v-5835c99c=\"\"><\/div>\n<div data-test-id=\"activity-full-description-text\" data-v-5835c99c=\"\">2. Panoramablick: Bestaunen Sie die atemberaubenden Aussichten, die einen Panoramablick auf die gesamte Stadt und die ber\u00fchmte Seilbahn bieten. Halten Sie atemberaubende Momente vor der Kulisse dieser atemberaubenden Landschaft fest.<\/div>\n<div data-test-id=\"activity-full-description-text\" data-v-5835c99c=\"\"><\/div>\n<div data-test-id=\"activity-full-description-text\" data-v-5835c99c=\"\">3. Bernstein und Larimar: Tauchen Sie ein in die Welt der dominikanischen Edelsteine. Erkunden Sie die einzigartige Faszination von Bernstein und Larimar. Wenn Sie diesen Besuch nicht machen m\u00f6chten, informieren Sie bitte den Fahrer.<\/div>\n<div data-test-id=\"activity-full-description-text\" data-v-5835c99c=\"\"><\/div>\n<div data-test-id=\"activity-full-description-text\" data-v-5835c99c=\"\">4. Zigarrenfabrik: G\u00f6nnen Sie sich ein interaktives Erlebnis und erleben Sie die Kunst des Zigarrenrollens aus erster Hand. Drehen Sie Ihre eigene Zigarre und sehen Sie sich die k\u00f6stliche Auswahl an, die Sie kaufen k\u00f6nnen.<\/div>\n<div data-test-id=\"activity-full-description-text\" data-v-5835c99c=\"\"><\/div>\n<div data-test-id=\"activity-full-description-text\" data-v-5835c99c=\"\">5. Joaquin Geschenkeladen: Entdecken Sie Sch\u00e4tze im renommierten Joaquin Gift Shop, wo Sie die perfekten Erinnerungsst\u00fccke f\u00fcr Ihre Liebsten zu verlockenden Preisen finden.<\/div>\n<div data-test-id=\"activity-full-description-text\" data-v-5835c99c=\"\"><\/div>\n<div data-test-id=\"activity-full-description-text\" data-v-5835c99c=\"\">6. Paseo de Do\u00f1a Blanca, auch bekannt als Pink Street: Tauchen Sie im ersten Hotel von Puerto Plata in die Geschichte ein und fangen Sie die zeitlose Eleganz dieses legend\u00e4ren Reiseziels ein. Dieser bezaubernde Ort bietet eine Vielzahl von Fotom\u00f6glichkeiten inmitten seiner bezaubernden Umgebung.<\/div>\n<div data-test-id=\"activity-full-description-text\" data-v-5835c99c=\"\"><\/div>\n<div data-test-id=\"activity-full-description-text\" data-v-5835c99c=\"\">7. Umbrella Street: Tauchen Sie ein in das pulsierende Ambiente dieses malerischen Ortes, der sich perfekt f\u00fcr beeindruckende Fotos eignet. Besuchen Sie au\u00dferdem eine kleine Schokoladenfabrik, die Ihrer unvergesslichen Reise eine s\u00fc\u00dfe Note verleiht.\u201d<\/div>\n<\/div>\n<div data-v-59485d64=\"\"><\/div>\n<div class=\"toggle-content__label-placeholder\" data-v-59485d64=\"\">Genie\u00dfen Sie mit uns eines der besten Erlebnisse und das Beste aus unseren Orten und unserer Kultur!<\/div>\n<div data-v-59485d64=\"\">\n<div class=\"woocommerce-product-details__short-description\">\n<div data-track=\"key-details\" data-v-83a2b402=\"\"><\/div>\n<\/div>\n<\/div>","protected":false},"excerpt":{"rendered":"<div data-track=\"overview\" data-v-83a2b402=\"\">\n<section id=\"activity-overview\" class=\"activity-overview\" data-component=\"overview\" data-v-83a2b402=\"\" data-v-f3236c42=\"\">\n<p class=\"activity-overview__content\" data-test-id=\"activity-overview-content\" data-v-f3236c42=\"\">Genie\u00dfen Sie mit uns eines der besten Erlebnisse und das Beste aus unseren Orten und unserer Kultur!<\/p>\n<\/section>\n<\/div>\n<div data-track=\"key-details\" data-v-83a2b402=\"\"><\/div>","protected":false},"featured_media":13021,"template":"","meta":[],"product_brand":[],"product_cat":[97],"product_tag":[101,102],"class_list":{"0":"post-12809","1":"product","2":"type-product","3":"status-publish","4":"has-post-thumbnail","6":"product_cat-dominican-republic","7":"product_tag-excursion","8":"product_tag-tour","10":"first","11":"instock","12":"shipping-taxable","13":"product-type-external"},"_links":{"self":[{"href":"https:\/\/whalewatching.placessites.com\/de\/wp-json\/wp\/v2\/product\/12809","targetHints":{"allow":["GET"]}}],"collection":[{"href":"https:\/\/whalewatching.placessites.com\/de\/wp-json\/wp\/v2\/product"}],"about":[{"href":"https:\/\/whalewatching.placessites.com\/de\/wp-json\/wp\/v2\/types\/product"}],"version-history":[{"count":0,"href":"https:\/\/whalewatching.placessites.com\/de\/wp-json\/wp\/v2\/product\/12809\/revisions"}],"wp:featuredmedia":[{"embeddable":true,"href":"https:\/\/whalewatching.placessites.com\/de\/wp-json\/wp\/v2\/media\/13021"}],"wp:attachment":[{"href":"https:\/\/whalewatching.placessites.com\/de\/wp-json\/wp\/v2\/media?parent=12809"}],"wp:term":[{"taxonomy":"product_brand","embeddable":true,"href":"https:\/\/whalewatching.placessites.com\/de\/wp-json\/wp\/v2\/product_brand?post=12809"},{"taxonomy":"product_cat","embeddable":true,"href":"https:\/\/whalewatching.placessites.com\/de\/wp-json\/wp\/v2\/product_cat?post=12809"},{"taxonomy":"product_tag","embeddable":true,"href":"https:\/\/whalewatching.placessites.com\/de\/wp-json\/wp\/v2\/product_tag?post=12809"}],"curies":[{"name":"wp","href":"https:\/\/api.w.org\/{rel}","templated":true}]}}