{"id":13615,"date":"2025-12-18T11:40:17","date_gmt":"2025-12-18T11:40:17","guid":{"rendered":"https:\/\/whalewatching.placessites.com\/?post_type=product&#038;p=13615"},"modified":"2025-12-18T11:53:57","modified_gmt":"2025-12-18T11:53:57","slug":"las-terrenas-private-kaffeewanderung-atv-tour-in-samana","status":"publish","type":"product","link":"https:\/\/whalewatching.placessites.com\/de\/tour\/las-terrenas-private-kaffeewanderung-atv-tour-in-samana\/","title":{"rendered":"Las Terrenas: Private Coffee Trail ATV Tour in Samana"},"content":{"rendered":"<p>Die Tour f\u00fchrt Sie \u00fcber Landstra\u00dfen, die von Kakao- und Kaffeefeldern ges\u00e4umt sind, mit spektakul\u00e4ren Ausblicken auf die Bucht von Samana und die \u00f6rtlichen Bauernh\u00f6fe. Wir halten an einer klassischen Bergfarm und verbringen einige Zeit mit einer Bauernfamilie. Sie werden einige der von ihnen hergestellten Produkte sehen und ihren Hof besichtigen k\u00f6nnen, wobei Sie etwas \u00fcber biologische Landwirtschaft und Pflanzen lernen.<\/p>\n<p>Sie werden den Unterschied zwischen Las Terrenas, einem belebten Strandort, und dem Landleben mit seiner sauberen Luft und der langsamen Lebensweise erleben.<\/p>\n<p>Wenn Sie m\u00f6chten, zeigen Ihnen die Bauern, wie Kaffee oder Kakao hergestellt wird, vom Baum bis zu Ihrem Tisch. Anschlie\u00dfend k\u00f6nnen Sie eine Tasse Kaffee oder hei\u00dfen Kakao trinken.<\/p>\n<p>Keine Sorge, wenn Sie kein Spanisch sprechen, wird unser \u00f6rtlicher Reiseleiter alles f\u00fcr Sie \u00fcbersetzen.<\/p>\n<p>Der n\u00e4chste Halt ist ein kleiner Strand an der Bucht von Samana, wo Sie ein Bad nehmen und sich eine Weile abk\u00fchlen k\u00f6nnen. Unterwegs kommen wir an vielen Feldern, Bauernh\u00f6fen und Aussichtspunkten vorbei.<\/p>\n<div class=\"toggle-content__content toggle-content__content--expanded toggle-content__content--packable\" data-v-59485d64=\"\">\n<div data-test-id=\"activity-full-description-text\" data-v-5835c99c=\"\">Der gr\u00f6\u00dfte Teil der Reise ist auf unbefestigten Stra\u00dfen, es macht eine Menge Spa\u00df, das ATV dort zu fahren, auf und ab, durch Unebenheiten und L\u00f6cher. Wenn Sie nicht 100% komfortabel Fahren eines ATV oder wenn Geschwindigkeit ist nicht Ihr Ding, keine Sorge, Sie k\u00f6nnen entweder langsam fahren (mehr Zeit, um die Aussicht zu genie\u00dfen!) oder Sie k\u00f6nnen mit jemandem fahren, die meisten ATV k\u00f6nnen zwei Personen sitzen. Das Fahren eines ATV ist ziemlich einfach und selbst wenn es Ihr erstes Mal ist, sollten Sie den Dreh schnell raus haben.<\/div>\n<\/div>\n<div class=\"toggle-content__label-placeholder\" data-v-59485d64=\"\"><\/div>","protected":false},"excerpt":{"rendered":"<div data-track=\"overview\" data-v-83a2b402=\"\">\n<section id=\"activity-overview\" class=\"activity-overview\" data-component=\"overview\" data-v-83a2b402=\"\" data-v-f3236c42=\"\">\n<p class=\"activity-overview__content\" data-test-id=\"activity-overview-content\" data-v-f3236c42=\"\">Lernen Sie die dominikanische Kultur und den Einfluss des Kaffees auf einer privaten ATV-Tour ab Las Terrenas kennen. Folgen Sie Ihrem Guide \u00fcber Landstra\u00dfen, durch Kakao- und Kaffeefelder und zu einer Bergfarm.<\/p>\n<\/section>\n<\/div>\n<div data-track=\"key-details\" data-v-83a2b402=\"\"><\/div>","protected":false},"featured_media":13911,"template":"","meta":[],"product_brand":[],"product_cat":[97],"product_tag":[101,102],"class_list":{"0":"post-13615","1":"product","2":"type-product","3":"status-publish","4":"has-post-thumbnail","6":"product_cat-dominican-republic","7":"product_tag-excursion","8":"product_tag-tour","10":"first","11":"instock","12":"shipping-taxable","13":"product-type-external"},"_links":{"self":[{"href":"https:\/\/whalewatching.placessites.com\/de\/wp-json\/wp\/v2\/product\/13615","targetHints":{"allow":["GET"]}}],"collection":[{"href":"https:\/\/whalewatching.placessites.com\/de\/wp-json\/wp\/v2\/product"}],"about":[{"href":"https:\/\/whalewatching.placessites.com\/de\/wp-json\/wp\/v2\/types\/product"}],"version-history":[{"count":0,"href":"https:\/\/whalewatching.placessites.com\/de\/wp-json\/wp\/v2\/product\/13615\/revisions"}],"wp:featuredmedia":[{"embeddable":true,"href":"https:\/\/whalewatching.placessites.com\/de\/wp-json\/wp\/v2\/media\/13911"}],"wp:attachment":[{"href":"https:\/\/whalewatching.placessites.com\/de\/wp-json\/wp\/v2\/media?parent=13615"}],"wp:term":[{"taxonomy":"product_brand","embeddable":true,"href":"https:\/\/whalewatching.placessites.com\/de\/wp-json\/wp\/v2\/product_brand?post=13615"},{"taxonomy":"product_cat","embeddable":true,"href":"https:\/\/whalewatching.placessites.com\/de\/wp-json\/wp\/v2\/product_cat?post=13615"},{"taxonomy":"product_tag","embeddable":true,"href":"https:\/\/whalewatching.placessites.com\/de\/wp-json\/wp\/v2\/product_tag?post=13615"}],"curies":[{"name":"wp","href":"https:\/\/api.w.org\/{rel}","templated":true}]}}