{"id":14909,"date":"2025-12-18T12:39:26","date_gmt":"2025-12-18T12:39:26","guid":{"rendered":"https:\/\/whalewatching.placessites.com\/?post_type=product&#038;p=14909"},"modified":"2025-12-18T12:49:09","modified_gmt":"2025-12-18T12:49:09","slug":"-305","status":"publish","type":"product","link":"https:\/\/whalewatching.placessites.com\/de\/tour\/-305\/","title":{"rendered":"Punta Cana: Zipline-Abenteuer mit Hotelabholung"},"content":{"rendered":"<p>Schweben Sie auf einer der l\u00e4ngsten Ziplines der Karibik \u00fcber den Regenwald und erleben Sie eine aufregende Abenteuertour. Gleiten Sie auf einem Netz von 7 parallelen Seilen von einer Plattform zur anderen, wobei Sie mit Ihrem Partner um die Wette laufen k\u00f6nnen, um einen zus\u00e4tzlichen Kick zu bekommen.<\/p>\n<p>Genie\u00dfen Sie einen atemberaubenden Blick aus der Luft auf den tropischen Wald und seine vielf\u00e4ltige Flora und Fauna. Dieser aufregende 3-st\u00fcndige Ausflug beinhaltet 1 Stunde Ziplining und wird bequem vom Hotel abgeholt und zur\u00fcckgebracht.<\/p>\n<div class=\"toggle-content__content toggle-content__content--expanded toggle-content__content--packable\" data-v-59485d64=\"\">\n<div data-test-id=\"activity-full-description-text\" data-v-5835c99c=\"\">Lassen Sie sich das nicht entgehen - buchen Sie noch heute Ihr Zipline-Abenteuer und erleben Sie den ultimativen Nervenkitzel im Regenwald.<\/div>\n<\/div>\n<div class=\"toggle-content__label-placeholder\" data-v-59485d64=\"\"><\/div>","protected":false},"excerpt":{"rendered":"<div data-track=\"overview\" data-v-83a2b402=\"\">\n<section id=\"activity-overview\" class=\"activity-overview\" data-component=\"overview\" data-v-83a2b402=\"\" data-v-f3236c42=\"\">\n<p class=\"activity-overview__content\" data-test-id=\"activity-overview-content\" data-v-f3236c42=\"\">Schweben Sie auf einer der l\u00e4ngsten Ziplines der Karibik \u00fcber den Regenwald und erleben Sie ein aufregendes Abenteuer.<\/p>\n<\/section>\n<\/div>\n<div data-track=\"key-details\" data-v-83a2b402=\"\"><\/div>","protected":false},"featured_media":15123,"template":"","meta":[],"product_brand":[],"product_cat":[77],"product_tag":[101,102],"class_list":{"0":"post-14909","1":"product","2":"type-product","3":"status-publish","4":"has-post-thumbnail","6":"product_cat-uncategorized","7":"product_tag-excursion","8":"product_tag-tour","10":"first","11":"instock","12":"shipping-taxable","13":"product-type-external"},"_links":{"self":[{"href":"https:\/\/whalewatching.placessites.com\/de\/wp-json\/wp\/v2\/product\/14909","targetHints":{"allow":["GET"]}}],"collection":[{"href":"https:\/\/whalewatching.placessites.com\/de\/wp-json\/wp\/v2\/product"}],"about":[{"href":"https:\/\/whalewatching.placessites.com\/de\/wp-json\/wp\/v2\/types\/product"}],"version-history":[{"count":0,"href":"https:\/\/whalewatching.placessites.com\/de\/wp-json\/wp\/v2\/product\/14909\/revisions"}],"wp:featuredmedia":[{"embeddable":true,"href":"https:\/\/whalewatching.placessites.com\/de\/wp-json\/wp\/v2\/media\/15123"}],"wp:attachment":[{"href":"https:\/\/whalewatching.placessites.com\/de\/wp-json\/wp\/v2\/media?parent=14909"}],"wp:term":[{"taxonomy":"product_brand","embeddable":true,"href":"https:\/\/whalewatching.placessites.com\/de\/wp-json\/wp\/v2\/product_brand?post=14909"},{"taxonomy":"product_cat","embeddable":true,"href":"https:\/\/whalewatching.placessites.com\/de\/wp-json\/wp\/v2\/product_cat?post=14909"},{"taxonomy":"product_tag","embeddable":true,"href":"https:\/\/whalewatching.placessites.com\/de\/wp-json\/wp\/v2\/product_tag?post=14909"}],"curies":[{"name":"wp","href":"https:\/\/api.w.org\/{rel}","templated":true}]}}