{"id":14910,"date":"2025-12-18T12:39:27","date_gmt":"2025-12-18T12:39:27","guid":{"rendered":"https:\/\/whalewatching.placessites.com\/?post_type=product&#038;p=14910"},"modified":"2025-12-18T12:49:24","modified_gmt":"2025-12-18T12:49:24","slug":"-306","status":"publish","type":"product","link":"https:\/\/whalewatching.placessites.com\/de\/tour\/-306\/","title":{"rendered":"Privater Transfer Punta Cana Flughafen nach Bahia P. Bouganville"},"content":{"rendered":"<div class=\"toggle-content__content toggle-content__content--expanded toggle-content__content--packable\" data-v-59485d64=\"\">\n<div data-test-id=\"activity-full-description-text\" data-v-5835c99c=\"\">Punta Cana Transfer ist ein f\u00fchrendes Unternehmen im Bereich des privaten Transports in ganz Punta Cana. Als Unternehmen haben wir \u00fcber 4 Jahre Erfahrung und \u00fcber 1000 5-Sterne-Bewertungen auf TripAdvisor. Genie\u00dfen Sie die Bequemlichkeit, die sich daraus ergibt, dass Sie vor, w\u00e4hrend und nach Ihrer Reise von Ihrem eigenen Kundendienstmitarbeiter betreut werden. Keine Tickets, kein Warten auf E-Mails oder lange Warteschlangen, die gesamte Kommunikation erfolgt sofort und per SMS. Ihr Fahrer wartet bei Ihrer Ankunft mit einem Schild auf Sie und bringt Sie direkt zu Ihrem Urlaubsort, ohne unerw\u00fcnschte Stopps oder \u00dcberraschungen. Buchen Sie Ihre Fahrt und fahren Sie direkt vom Flughafen Punta Cana zum Bahia Principe Bouganville oder vom Bahia Principe Bouganville zum Flughafen Punta Cana, um Ihren Flug zu erreichen.<\/div>\n<\/div>\n<div class=\"toggle-content__label-placeholder\" data-v-59485d64=\"\"><\/div>","protected":false},"excerpt":{"rendered":"<div data-track=\"overview\" data-v-83a2b402=\"\">\n<section id=\"activity-overview\" class=\"activity-overview\" data-component=\"overview\" data-v-83a2b402=\"\" data-v-f3236c42=\"\">\n<p class=\"activity-overview__content\" data-test-id=\"activity-overview-content\" data-v-f3236c42=\"\">\u00dcberspringen Sie die Wartezeit und fahren Sie direkt ins Paradies! Sobald Sie ankommen, steht Ihr Fahrer am Ausgang des Terminals mit einem Schild, auf dem Ihr Name steht, bereit, um Sie direkt zu Ihrem Resort zu chauffieren.<\/p>\n<\/section>\n<\/div>\n<div data-track=\"key-details\" data-v-83a2b402=\"\"><\/div>","protected":false},"featured_media":15127,"template":"","meta":[],"product_brand":[],"product_cat":[77],"product_tag":[101,102],"class_list":{"0":"post-14910","1":"product","2":"type-product","3":"status-publish","4":"has-post-thumbnail","6":"product_cat-uncategorized","7":"product_tag-excursion","8":"product_tag-tour","10":"first","11":"instock","12":"shipping-taxable","13":"product-type-external"},"_links":{"self":[{"href":"https:\/\/whalewatching.placessites.com\/de\/wp-json\/wp\/v2\/product\/14910","targetHints":{"allow":["GET"]}}],"collection":[{"href":"https:\/\/whalewatching.placessites.com\/de\/wp-json\/wp\/v2\/product"}],"about":[{"href":"https:\/\/whalewatching.placessites.com\/de\/wp-json\/wp\/v2\/types\/product"}],"version-history":[{"count":0,"href":"https:\/\/whalewatching.placessites.com\/de\/wp-json\/wp\/v2\/product\/14910\/revisions"}],"wp:featuredmedia":[{"embeddable":true,"href":"https:\/\/whalewatching.placessites.com\/de\/wp-json\/wp\/v2\/media\/15127"}],"wp:attachment":[{"href":"https:\/\/whalewatching.placessites.com\/de\/wp-json\/wp\/v2\/media?parent=14910"}],"wp:term":[{"taxonomy":"product_brand","embeddable":true,"href":"https:\/\/whalewatching.placessites.com\/de\/wp-json\/wp\/v2\/product_brand?post=14910"},{"taxonomy":"product_cat","embeddable":true,"href":"https:\/\/whalewatching.placessites.com\/de\/wp-json\/wp\/v2\/product_cat?post=14910"},{"taxonomy":"product_tag","embeddable":true,"href":"https:\/\/whalewatching.placessites.com\/de\/wp-json\/wp\/v2\/product_tag?post=14910"}],"curies":[{"name":"wp","href":"https:\/\/api.w.org\/{rel}","templated":true}]}}