{"id":15212,"date":"2025-12-18T12:52:44","date_gmt":"2025-12-18T12:52:44","guid":{"rendered":"https:\/\/whalewatching.placessites.com\/?post_type=product&#038;p=15212"},"modified":"2025-12-18T13:06:18","modified_gmt":"2025-12-18T13:06:18","slug":"ab-punta-cana-santo-domingo-ganztagesausflug-mit-mittagessen","status":"publish","type":"product","link":"https:\/\/whalewatching.placessites.com\/de\/tour\/ab-punta-cana-santo-domingo-ganztagesausflug-mit-mittagessen\/","title":{"rendered":"From Punta Cana: Santo Domingo Full-Day Trip with Lunch"},"content":{"rendered":"<p>Join a full-day experience leaving from B\u00e1varo and Bayahibe through the new Autov\u00eda del Este. Walk in the cobblestoned historic core of Santo Domingo and visit the cathedral. Observe iconic spots like the Alc\u00e1zar de Col\u00f3n Palace, National Pantheon, and Los Tres Ojos.<\/p>\n<p>After arriving in Santo Domingo, head to your first stop, the open-air limestone cave and lakes of Los Tres Ojos. Continue the tour until you reach the Col\u00f3n Lighthouse. Listen to its history and take photos of the view around you.<\/p>\n<p>Stroll around the coffee-lined Plaza de Espa\u00f1a and Colonial Zone. See the Alc\u00e1zar de Col\u00f3n palace, now one of the city\u2019s many museums, displaying medieval and Renaissance art. Learn about the past and present of the oldest city in the Americas.<\/p>\n<p>Stop for a buffet lunch in a restaurant in the Colonial Zone. Pay homage to the First Cathedral of the Americas. Move on to the first street, Calle de Las Damas, and other colonial monuments from the 15th and 16th centuries.<\/p>\n<div class=\"toggle-content__content toggle-content__content--expanded toggle-content__content--packable\" data-v-59485d64=\"\">\n<div data-test-id=\"activity-full-description-text\" data-v-5835c99c=\"\">Take in a panoramic view of the modern city, residential areas, and the Presidential Palace. Enjoy free time to take a walk around El Conde where you can see old buildings or go shopping.<\/div>\n<\/div>\n<div class=\"toggle-content__label-placeholder\" data-v-59485d64=\"\"><\/div>","protected":false},"excerpt":{"rendered":"<div data-track=\"overview\" data-v-83a2b402=\"\">\n<section id=\"activity-overview\" class=\"activity-overview\" data-component=\"overview\" data-v-83a2b402=\"\" data-v-f3236c42=\"\">\n<p class=\"activity-overview__content\" data-test-id=\"activity-overview-content\" data-v-f3236c42=\"\">Explore the capital of the Dominican Republic and one of the Caribbean&#8217;s oldest cities on this 9.5-hour guided tour of Santo Domingo.<\/p>\n<\/section>\n<\/div>\n<div data-track=\"key-details\" data-v-83a2b402=\"\"><\/div>","protected":false},"featured_media":15454,"template":"","meta":[],"product_brand":[],"product_cat":[216],"product_tag":[101,102],"class_list":{"0":"post-15212","1":"product","2":"type-product","3":"status-publish","4":"has-post-thumbnail","6":"product_cat-dominican","7":"product_tag-excursion","8":"product_tag-tour","10":"first","11":"instock","12":"shipping-taxable","13":"product-type-external"},"_links":{"self":[{"href":"https:\/\/whalewatching.placessites.com\/de\/wp-json\/wp\/v2\/product\/15212","targetHints":{"allow":["GET"]}}],"collection":[{"href":"https:\/\/whalewatching.placessites.com\/de\/wp-json\/wp\/v2\/product"}],"about":[{"href":"https:\/\/whalewatching.placessites.com\/de\/wp-json\/wp\/v2\/types\/product"}],"version-history":[{"count":0,"href":"https:\/\/whalewatching.placessites.com\/de\/wp-json\/wp\/v2\/product\/15212\/revisions"}],"wp:featuredmedia":[{"embeddable":true,"href":"https:\/\/whalewatching.placessites.com\/de\/wp-json\/wp\/v2\/media\/15454"}],"wp:attachment":[{"href":"https:\/\/whalewatching.placessites.com\/de\/wp-json\/wp\/v2\/media?parent=15212"}],"wp:term":[{"taxonomy":"product_brand","embeddable":true,"href":"https:\/\/whalewatching.placessites.com\/de\/wp-json\/wp\/v2\/product_brand?post=15212"},{"taxonomy":"product_cat","embeddable":true,"href":"https:\/\/whalewatching.placessites.com\/de\/wp-json\/wp\/v2\/product_cat?post=15212"},{"taxonomy":"product_tag","embeddable":true,"href":"https:\/\/whalewatching.placessites.com\/de\/wp-json\/wp\/v2\/product_tag?post=15212"}],"curies":[{"name":"wp","href":"https:\/\/api.w.org\/{rel}","templated":true}]}}