{"id":15696,"date":"2025-12-18T13:17:01","date_gmt":"2025-12-18T13:17:01","guid":{"rendered":"https:\/\/whalewatching.placessites.com\/?post_type=product&#038;p=15696"},"modified":"2025-12-18T13:26:20","modified_gmt":"2025-12-18T13:26:20","slug":"santo-domingo-los-haitises-cayo-levantado-insel","status":"publish","type":"product","link":"https:\/\/whalewatching.placessites.com\/de\/tour\/santo-domingo-los-haitises-cayo-levantado-insel\/","title":{"rendered":"Santo Domingo: Los Haitises und die Insel Cayo Levantado"},"content":{"rendered":"<p>Von Santo Domingo nach Samana und weiter Reisen Sie durch atemberaubende tropische Gew\u00e4sser und genie\u00dfen Sie k\u00f6stliche dominikanische Delikatessen auf dieser wundersch\u00f6nen Tour. Betrachten Sie die historischen Kunstwerke des indigenen Ta\u00edno-Volkes, die in den H\u00f6hlen des wundersch\u00f6nen Nationalparks Los Haitises gefunden wurden.<\/p>\n<p>Beginnen Sie im Hafen von Samana, wo Sie mit einem Katamaran oder Boot die Bucht von Samana passieren. Sie erreichen den Nationalpark Los Haitises, wo Sie die wundersch\u00f6nen Felseninseln besuchen und in der Linea-H\u00f6hle mehr \u00fcber die Interpretationen der indigenen Ta\u00edno-Malereien erfahren.<\/p>\n<p>Nachdem Sie die alte H\u00f6hle verlassen haben, fahren Sie mit einem Boot \u00fcber das sch\u00f6ne Wasser, um einen bezaubernden Strand und die H\u00f6hle Cueva de la Larena zu besuchen. Beenden Sie die Besichtigung der H\u00f6hle mit einem Toast und fahren Sie mit dem Boot zur\u00fcck nach Cayo Levantado.<\/p>\n<div class=\"toggle-content__content toggle-content__content--expanded toggle-content__content--packable\" data-v-59485d64=\"\">\n<div data-test-id=\"activity-full-description-text\" data-v-5835c99c=\"\">\n<p>Nach Ihrer R\u00fcckkehr genie\u00dfen Sie ein traditionelles dominikanisches Buffet und entspannen am Strand von Cayo Levantado.<\/p>\n<\/div>\n<\/div>\n<div class=\"toggle-content__label-placeholder\" data-v-59485d64=\"\"><\/div>","protected":false},"excerpt":{"rendered":"<div data-track=\"overview\" data-v-83a2b402=\"\">\n<section id=\"activity-overview\" class=\"activity-overview\" data-component=\"overview\" data-v-83a2b402=\"\" data-v-f3236c42=\"\">\n<p class=\"activity-overview__content\" data-test-id=\"activity-overview-content\" data-v-f3236c42=\"\">Besuchen Sie die herrlichen Felseninseln und die H\u00f6hlenmalereien der Ureinwohner im Nationalpark Los Haitises. Genie\u00dfen Sie ein authentisches dominikanisches Festmahl, w\u00e4hrend Sie die atemberaubenden Gew\u00e4sser, Felsen und die Flora der Gegend bewundern.<\/p>\n<\/section>\n<\/div>\n<div data-track=\"key-details\" data-v-83a2b402=\"\"><\/div>","protected":false},"featured_media":15889,"template":"","meta":[],"product_brand":[],"product_cat":[97],"product_tag":[101,102],"class_list":{"0":"post-15696","1":"product","2":"type-product","3":"status-publish","4":"has-post-thumbnail","6":"product_cat-dominican-republic","7":"product_tag-excursion","8":"product_tag-tour","10":"first","11":"instock","12":"shipping-taxable","13":"product-type-external"},"_links":{"self":[{"href":"https:\/\/whalewatching.placessites.com\/de\/wp-json\/wp\/v2\/product\/15696","targetHints":{"allow":["GET"]}}],"collection":[{"href":"https:\/\/whalewatching.placessites.com\/de\/wp-json\/wp\/v2\/product"}],"about":[{"href":"https:\/\/whalewatching.placessites.com\/de\/wp-json\/wp\/v2\/types\/product"}],"version-history":[{"count":0,"href":"https:\/\/whalewatching.placessites.com\/de\/wp-json\/wp\/v2\/product\/15696\/revisions"}],"wp:featuredmedia":[{"embeddable":true,"href":"https:\/\/whalewatching.placessites.com\/de\/wp-json\/wp\/v2\/media\/15889"}],"wp:attachment":[{"href":"https:\/\/whalewatching.placessites.com\/de\/wp-json\/wp\/v2\/media?parent=15696"}],"wp:term":[{"taxonomy":"product_brand","embeddable":true,"href":"https:\/\/whalewatching.placessites.com\/de\/wp-json\/wp\/v2\/product_brand?post=15696"},{"taxonomy":"product_cat","embeddable":true,"href":"https:\/\/whalewatching.placessites.com\/de\/wp-json\/wp\/v2\/product_cat?post=15696"},{"taxonomy":"product_tag","embeddable":true,"href":"https:\/\/whalewatching.placessites.com\/de\/wp-json\/wp\/v2\/product_tag?post=15696"}],"curies":[{"name":"wp","href":"https:\/\/api.w.org\/{rel}","templated":true}]}}