{"id":10176,"date":"2025-12-18T09:26:35","date_gmt":"2025-12-18T09:26:35","guid":{"rendered":"https:\/\/whalewatching.placessites.com\/?post_type=product&#038;p=10176"},"modified":"2025-12-18T09:31:23","modified_gmt":"2025-12-18T09:31:23","slug":"punta-cana-santo-domingo-excursion-de-un-dia-con-entradas-y-almuerzo","status":"publish","type":"product","link":"https:\/\/whalewatching.placessites.com\/es\/visita\/punta-cana-santo-domingo-excursion-de-un-dia-con-entradas-y-almuerzo\/","title":{"rendered":"Punta Cana: Excursi\u00f3n de un d\u00eda a Santo Domingo con entradas y almuerzo"},"content":{"rendered":"<h4 class=\"activity__title js-title\" data-track=\"activity-title\" data-test-id=\"activity-title\">Punta Cana: Excursi\u00f3n de un d\u00eda a Santo Domingo con entradas y almuerzo<\/h4>\n<p>Santo Domingo es una ciudad m\u00e1gica, llena de historia, cultura y paisajes asombrosos. Explore la capital m\u00e1s antigua del \u201cNuevo\u201d Mundo, Santo Domingo, la primera ciudad fundada en Am\u00e9rica.<\/p>\n<p>Este recorrido tur\u00edstico le muestra una ciudad llena de historia y cultura. Una actividad estupenda para toda la familia.<\/p>\n<p>- Le recogeremos en su Hotel para comenzar un incre\u00edble viaje a Santo Domingo, durante el viaje podr\u00e1 ver incre\u00edbles detalles sobre la Cultura de la Rep\u00fablica Dominicana.<\/p>\n<p>- A su llegada a Santo Domingo visitar\u00e1 los incre\u00edbles cenotes del Parque Nacional de Los Tres Ojos, especialmente naturales y m\u00e1gicos.<\/p>\n<p>- Visitar\u00e1s los monumentos m\u00e1s importantes de la Ciudad: La 1\u00aa Catedral de Am\u00e9rica, el Alc\u00e1zar de Col\u00f3n y el Pante\u00f3n Nacional, El Faro a Col\u00f3n.<\/p>\n<p>- Daremos un paseo por la Zona Colonial, una calle rom\u00e1ntica, la primera de Am\u00e9rica, \u201cLas Damas\u201d. Disfrutando de una panor\u00e1mica antigua pero pintoresca.<\/p>\n<p>Funciona todos los d\u00edas. Su duraci\u00f3n aproximada es de 10 horas.<\/p>","protected":false},"excerpt":{"rendered":"<div data-track=\"overview\" data-v-56a1a938=\"\">\n<section id=\"activity-overview\" class=\"activity-overview\" data-component=\"overview\" data-v-56a1a938=\"\" data-v-f3236c42=\"\">\n<p class=\"activity-overview__content\" data-test-id=\"activity-overview-content\" data-v-f3236c42=\"\">Descubra la historia, la cultura y los paisajes de Santo Domingo en esta excursi\u00f3n de un d\u00eda desde Punta Cana. Visite los cenotes del Parque Nacional de los Tres Ojos, la primera catedral de Am\u00e9rica y el Pante\u00f3n Nacional.<\/p>\n<\/section>\n<\/div>\n<div data-track=\"key-details\" data-v-56a1a938=\"\"><\/div>","protected":false},"featured_media":10314,"template":"","meta":[],"product_brand":[],"product_cat":[97],"product_tag":[101,102],"class_list":{"0":"post-10176","1":"product","2":"type-product","3":"status-publish","4":"has-post-thumbnail","6":"product_cat-dominican-republic","7":"product_tag-excursion","8":"product_tag-tour","10":"first","11":"instock","12":"sale","13":"shipping-taxable","14":"product-type-external"},"_links":{"self":[{"href":"https:\/\/whalewatching.placessites.com\/es\/wp-json\/wp\/v2\/product\/10176","targetHints":{"allow":["GET"]}}],"collection":[{"href":"https:\/\/whalewatching.placessites.com\/es\/wp-json\/wp\/v2\/product"}],"about":[{"href":"https:\/\/whalewatching.placessites.com\/es\/wp-json\/wp\/v2\/types\/product"}],"version-history":[{"count":0,"href":"https:\/\/whalewatching.placessites.com\/es\/wp-json\/wp\/v2\/product\/10176\/revisions"}],"wp:featuredmedia":[{"embeddable":true,"href":"https:\/\/whalewatching.placessites.com\/es\/wp-json\/wp\/v2\/media\/10314"}],"wp:attachment":[{"href":"https:\/\/whalewatching.placessites.com\/es\/wp-json\/wp\/v2\/media?parent=10176"}],"wp:term":[{"taxonomy":"product_brand","embeddable":true,"href":"https:\/\/whalewatching.placessites.com\/es\/wp-json\/wp\/v2\/product_brand?post=10176"},{"taxonomy":"product_cat","embeddable":true,"href":"https:\/\/whalewatching.placessites.com\/es\/wp-json\/wp\/v2\/product_cat?post=10176"},{"taxonomy":"product_tag","embeddable":true,"href":"https:\/\/whalewatching.placessites.com\/es\/wp-json\/wp\/v2\/product_tag?post=10176"}],"curies":[{"name":"wp","href":"https:\/\/api.w.org\/{rel}","templated":true}]}}