{"id":10178,"date":"2025-12-18T09:26:35","date_gmt":"2025-12-18T09:26:35","guid":{"rendered":"https:\/\/whalewatching.placessites.com\/?post_type=product&#038;p=10178"},"modified":"2025-12-18T09:32:46","modified_gmt":"2025-12-18T09:32:46","slug":"punta-cana-scape-park-entrada-para-cenote-tirolesa-cuevas","status":"publish","type":"product","link":"https:\/\/whalewatching.placessites.com\/es\/visita\/punta-cana-scape-park-entrada-para-cenote-tirolesa-cuevas\/","title":{"rendered":"Punta Cana: Entrada al Parque Scape para Cenote, Tirolinas y Cuevas"},"content":{"rendered":"<p><strong>Punta Cana: Entrada al Parque Scape para Cenote, Tirolinas y Cuevas<\/strong><\/p>\n<p>Comience con la recogida en su alojamiento de Punta Cana y rel\u00e1jese en el traslado panor\u00e1mico al Parque Scape, situado en un exuberante paraje de la selva.<\/p>\n<p>Entre en el parque con su entrada incluida. Ad\u00e9ntrese en un mundo de sensaciones que ofrece desde aventuras emocionantes y llenas de adrenalina hasta experiencias suaves y culturales. Sienta la adrenalina de volar entre copas de \u00e1rboles mientras recorre un circuito de ocho tirolinas a lo largo de un imponente acantilado. Sum\u00e9rjase en las aguas azules de un manantial subterr\u00e1neo con un ba\u00f1o en un cenote.<\/p>\n<p>Contemple coloridos loros, encuentre iguanas rinoceronte y busque a los juguetones monos ardilla y capuchinos que viven en la zona. Observe e interact\u00fae con animales de granja como caballos, cabras y ponis.<\/p>\n<p>Explore una vasta red subterr\u00e1nea de c\u00e1maras y t\u00faneles y contemple impresionantes formaciones geol\u00f3gicas en la Cueva Iguabonita. Realice un paseo cultural para ver r\u00e9plicas de las viviendas de los antiguos indios ta\u00ednos, los conquistadores espa\u00f1oles, los esclavos africanos y los hogares tradicionales dominicanos.<\/p>\n<p>Tenga la oportunidad de mejorar su experiencia comprando un crucero que incluya una experiencia de snorkel. Regrese al punto de recogida al final de un d\u00eda lleno de emociones.<\/p>","protected":false},"excerpt":{"rendered":"<div data-track=\"overview\" data-v-56a1a938=\"\">\n<section id=\"activity-overview\" class=\"activity-overview\" data-component=\"overview\" data-v-56a1a938=\"\" data-v-f3236c42=\"\">\n<p class=\"activity-overview__content\" data-test-id=\"activity-overview-content\" data-v-f3236c42=\"\">Divi\u00e9rtase con esta entrada y traslado de hotel a Scape Park en Punta Cana. Disfruta de un circuito de ocho tirolinas, conoce animales ex\u00f3ticos, nada en un cenote y visita la Cueva Iguabonita.<\/p>\n<\/section>\n<\/div>\n<div data-track=\"key-details\" data-v-56a1a938=\"\"><\/div>","protected":false},"featured_media":10353,"template":"","meta":[],"product_brand":[],"product_cat":[97],"product_tag":[101,102],"class_list":{"0":"post-10178","1":"product","2":"type-product","3":"status-publish","4":"has-post-thumbnail","6":"product_cat-dominican-republic","7":"product_tag-excursion","8":"product_tag-tour","10":"first","11":"instock","12":"sale","13":"shipping-taxable","14":"product-type-external"},"_links":{"self":[{"href":"https:\/\/whalewatching.placessites.com\/es\/wp-json\/wp\/v2\/product\/10178","targetHints":{"allow":["GET"]}}],"collection":[{"href":"https:\/\/whalewatching.placessites.com\/es\/wp-json\/wp\/v2\/product"}],"about":[{"href":"https:\/\/whalewatching.placessites.com\/es\/wp-json\/wp\/v2\/types\/product"}],"version-history":[{"count":0,"href":"https:\/\/whalewatching.placessites.com\/es\/wp-json\/wp\/v2\/product\/10178\/revisions"}],"wp:featuredmedia":[{"embeddable":true,"href":"https:\/\/whalewatching.placessites.com\/es\/wp-json\/wp\/v2\/media\/10353"}],"wp:attachment":[{"href":"https:\/\/whalewatching.placessites.com\/es\/wp-json\/wp\/v2\/media?parent=10178"}],"wp:term":[{"taxonomy":"product_brand","embeddable":true,"href":"https:\/\/whalewatching.placessites.com\/es\/wp-json\/wp\/v2\/product_brand?post=10178"},{"taxonomy":"product_cat","embeddable":true,"href":"https:\/\/whalewatching.placessites.com\/es\/wp-json\/wp\/v2\/product_cat?post=10178"},{"taxonomy":"product_tag","embeddable":true,"href":"https:\/\/whalewatching.placessites.com\/es\/wp-json\/wp\/v2\/product_tag?post=10178"}],"curies":[{"name":"wp","href":"https:\/\/api.w.org\/{rel}","templated":true}]}}