{"id":10183,"date":"2025-12-18T09:26:35","date_gmt":"2025-12-18T09:26:35","guid":{"rendered":"https:\/\/whalewatching.placessites.com\/?post_type=product&#038;p=10183"},"modified":"2025-12-18T09:34:29","modified_gmt":"2025-12-18T09:34:29","slug":"cata-maridaje-ron-punta-cana-oliver-oliver","status":"publish","type":"product","link":"https:\/\/whalewatching.placessites.com\/es\/visita\/cata-maridaje-ron-punta-cana-oliver-oliver\/","title":{"rendered":"Punta Cana: Cata y Maridaje de Ron Oliver &amp; Oliver"},"content":{"rendered":"<p><strong>Punta Cana: Cata y Maridaje de Ron Oliver &amp; Oliver<\/strong><\/p>\n<p>Bienvenido a Taino Gourmet, donde ser\u00e1 guiado en un viaje de sabores y gusto por su experto anfitri\u00f3n. Nuestro objetivo es compartir la rica cultura e historia de la Rep\u00fablica Dominicana con nuestros hu\u00e9spedes, y \u00bfqu\u00e9 mejor manera de hacerlo que a trav\u00e9s del producto m\u00e1s famoso y querido de la isla: el ron?<\/p>\n<p>Le llevaremos a conocer el mundo del ron, introduci\u00e9ndole en la historia y el proceso de producci\u00f3n de la Casa del Ron Oliver &amp; Oliver. Aprender\u00e1 a identificar las sutiles diferencias que distinguen a cada ron y tendr\u00e1 la oportunidad de catar y comparar una selecci\u00f3n de estos licores \u00fanicos.<\/p>\n<p>Pero la diversi\u00f3n no acaba ah\u00ed: tambi\u00e9n maridaremos cada ron con una selecci\u00f3n de chocolates y quesos complementarios, elegidos para resaltar lo mejor de cada variedad. Tanto si es un experto en ron como si s\u00f3lo quiere saber m\u00e1s sobre esta bebida tan variada y fascinante, no querr\u00e1 perderse esta exclusiva experiencia de degustaci\u00f3n. \u00danase a nosotros y descubra el mundo del ron como nunca antes.<\/p>","protected":false},"excerpt":{"rendered":"<div data-track=\"overview\" data-v-56a1a938=\"\">\n<section id=\"activity-overview\" class=\"activity-overview\" data-component=\"overview\" data-v-56a1a938=\"\" data-v-f3236c42=\"\">\n<p class=\"activity-overview__content\" data-test-id=\"activity-overview-content\" data-v-f3236c42=\"\">Emb\u00e1rquese en una visita guiada de cata y maridaje de ron Oliver &amp; Oliver en Punta Cana. Pruebe una selecci\u00f3n de rones a\u00f1ejos premium de 25 a\u00f1os, como Cubaney Centenario, Unhiq XO, Opthimus y Punta Cana XOX.<\/p>\n<\/section>\n<\/div>\n<div data-track=\"key-details\" data-v-56a1a938=\"\"><\/div>","protected":false},"featured_media":10419,"template":"","meta":[],"product_brand":[],"product_cat":[97],"product_tag":[101,102],"class_list":{"0":"post-10183","1":"product","2":"type-product","3":"status-publish","4":"has-post-thumbnail","6":"product_cat-dominican-republic","7":"product_tag-excursion","8":"product_tag-tour","10":"first","11":"instock","12":"sale","13":"shipping-taxable","14":"product-type-external"},"_links":{"self":[{"href":"https:\/\/whalewatching.placessites.com\/es\/wp-json\/wp\/v2\/product\/10183","targetHints":{"allow":["GET"]}}],"collection":[{"href":"https:\/\/whalewatching.placessites.com\/es\/wp-json\/wp\/v2\/product"}],"about":[{"href":"https:\/\/whalewatching.placessites.com\/es\/wp-json\/wp\/v2\/types\/product"}],"version-history":[{"count":0,"href":"https:\/\/whalewatching.placessites.com\/es\/wp-json\/wp\/v2\/product\/10183\/revisions"}],"wp:featuredmedia":[{"embeddable":true,"href":"https:\/\/whalewatching.placessites.com\/es\/wp-json\/wp\/v2\/media\/10419"}],"wp:attachment":[{"href":"https:\/\/whalewatching.placessites.com\/es\/wp-json\/wp\/v2\/media?parent=10183"}],"wp:term":[{"taxonomy":"product_brand","embeddable":true,"href":"https:\/\/whalewatching.placessites.com\/es\/wp-json\/wp\/v2\/product_brand?post=10183"},{"taxonomy":"product_cat","embeddable":true,"href":"https:\/\/whalewatching.placessites.com\/es\/wp-json\/wp\/v2\/product_cat?post=10183"},{"taxonomy":"product_tag","embeddable":true,"href":"https:\/\/whalewatching.placessites.com\/es\/wp-json\/wp\/v2\/product_tag?post=10183"}],"curies":[{"name":"wp","href":"https:\/\/api.w.org\/{rel}","templated":true}]}}